{"id":9299,"date":"2026-05-09T11:23:55","date_gmt":"2026-05-09T11:23:55","guid":{"rendered":"https:\/\/www.therapmedic.com\/product\/dermaroll-64-micro-needles-direct-applicator-for-mesotherapy-vials-depth-025mm-disposable\/"},"modified":"2026-05-09T11:32:44","modified_gmt":"2026-05-09T11:32:44","slug":"dermaroll-64-micro-needles-direct-applicator-for-mesotherapy-vials-depth-025mm-disposable","status":"publish","type":"product","link":"http:\/\/www.therapmedic.com\/pt-pt\/produto\/dermaroll-64-micro-needles-direct-applicator-for-mesotherapy-vials-depth-025mm-disposable\/","title":{"rendered":"Aplicador direto Dermaroll com 64 microagulhas para frascos de mesoterapia \u2013 profundidade 0,25mm \u2013 descart\u00e1vel!"},"content":{"rendered":"<p>Aqui est\u00e1, a maneira mais pr\u00e1tica de tratar a pele com mesoterapias: o Dermaroll para aplica\u00e7\u00e3o direta de mesoterapias.<\/p>\n<p>Adequado para todos os frascos com gargalo de di\u00e2metro externo de 20mm e di\u00e2metro interno de 12mm (o padr\u00e3o da ind\u00fastria).<\/p>\n<p>Basta abrir o blister est\u00e9ril e pressionar a cabe\u00e7a com a tampa sobre o frasco. Isso \u00e9 tudo que voc\u00ea precisa fazer.<\/p>\n<p>Quando voc\u00ea pressiona o frasco contra a pele, o aplicador libera o produto dentro do frasco e o derrama sobre a pele. As microagulhas ir\u00e3o abrir a pele para permitir que o produto infiltre na pele.<\/p>\n<p>Sem mais desperd\u00edcio de produto, sem complica\u00e7\u00f5es com algod\u00e3o ou gaze ou gotas na pele. Este aplicador far\u00e1 tudo por voc\u00ea, de forma segura e r\u00e1pida.<\/p>\n<p>A profundidade deste dermaroll \u00e9 de 0,5mm, mas tamb\u00e9m temos dispon\u00edveis dermarolls de 0,25mm e 1mm. Consulte nossa p\u00e1gina para outras profundidades dispon\u00edveis. Temos outra solu\u00e7\u00e3o para outras profundidades: nosso &#8220;Dispositivo de microagulhas ajust\u00e1vel para uso direto dos frascos com profundidades de 0 a 1,5mm&#8221;.<\/p>\n<p>Est\u00e9ril. Uso t\u00f3pico \/ externo apenas!<\/p>\n","protected":false},"excerpt":{"rendered":"<p>Aqui est\u00e1, a maneira mais pr\u00e1tica de tratar a pele com mesoterapias: o Dermaroll para aplica\u00e7\u00e3o direta de mesoterapias. Adequado para todos os frascos com gargalo de di\u00e2metro externo de 20mm e di\u00e2metro interno de 12mm (o padr\u00e3o da ind\u00fastria). Basta abrir o blister est\u00e9ril e pressionar a cabe\u00e7a com a tampa sobre o frasco. [&hellip;]<\/p>\n","protected":false},"featured_media":9269,"template":"","meta":[],"product_brand":[],"product_cat":[924,933],"product_tag":[],"class_list":{"0":"post-9299","1":"product","2":"type-product","3":"status-publish","4":"has-post-thumbnail","6":"product_cat-equipamentos","7":"product_cat-auxiliares-de-injecao","9":"first","10":"instock","11":"taxable","12":"shipping-taxable","13":"purchasable","14":"product-type-simple"},"acf":{"short_name":"","confidential_information":{"text_block":false,"download_file":false},"display":[],"display_equipment_products":[],"short_name_equipment_products":""},"_links":{"self":[{"href":"http:\/\/www.therapmedic.com\/pt-pt\/wp-json\/wp\/v2\/product\/9299","targetHints":{"allow":["GET"]}}],"collection":[{"href":"http:\/\/www.therapmedic.com\/pt-pt\/wp-json\/wp\/v2\/product"}],"about":[{"href":"http:\/\/www.therapmedic.com\/pt-pt\/wp-json\/wp\/v2\/types\/product"}],"wp:featuredmedia":[{"embeddable":true,"href":"http:\/\/www.therapmedic.com\/pt-pt\/wp-json\/wp\/v2\/media\/9269"}],"wp:attachment":[{"href":"http:\/\/www.therapmedic.com\/pt-pt\/wp-json\/wp\/v2\/media?parent=9299"}],"wp:term":[{"taxonomy":"product_brand","embeddable":true,"href":"http:\/\/www.therapmedic.com\/pt-pt\/wp-json\/wp\/v2\/product_brand?post=9299"},{"taxonomy":"product_cat","embeddable":true,"href":"http:\/\/www.therapmedic.com\/pt-pt\/wp-json\/wp\/v2\/product_cat?post=9299"},{"taxonomy":"product_tag","embeddable":true,"href":"http:\/\/www.therapmedic.com\/pt-pt\/wp-json\/wp\/v2\/product_tag?post=9299"}],"curies":[{"name":"wp","href":"https:\/\/api.w.org\/{rel}","templated":true}]}}