{"id":7774,"date":"2024-05-10T14:39:36","date_gmt":"2024-05-10T14:39:36","guid":{"rendered":"https:\/\/www.therapmedic.com\/product\/dermaroll-64-micro-needles-direct-applicator-for-mesotherapy-vials-depth-05mm-disposable\/"},"modified":"2024-05-10T15:16:57","modified_gmt":"2024-05-10T15:16:57","slug":"dermaroll-64-micro-needles-direct-applicator-for-mesotherapy-vials-depth-05mm-disposable","status":"publish","type":"product","link":"http:\/\/www.therapmedic.com\/pt-pt\/produto\/dermaroll-64-micro-needles-direct-applicator-for-mesotherapy-vials-depth-05mm-disposable\/","title":{"rendered":"Aplicador direto de microagulhas Dermaroll 64 para frascos de mesoterapia &#8211; profundidade 0,5mm &#8211; descart\u00e1vel!"},"content":{"rendered":"<p>Aqui est\u00e1, a forma mais pr\u00e1tica de tratar a pele com mesoterapias: o Dermaroll para Aplica\u00e7\u00e3o Direta de Mesoterapias.<\/p>\n<p>Adequado para todos os frascos com gargalo de di\u00e2metro externo 20mm e di\u00e2metro interno 12mm (o padr\u00e3o da ind\u00fastria).<\/p>\n<p>Basta abrir o blister est\u00e9ril e pressionar a cabe\u00e7a com a tampa contra o frasco. Isso \u00e9 tudo que voc\u00ea precisa fazer.<\/p>\n<p>Ao pressionar o frasco contra a pele, o aplicador liberar\u00e1 o produto dentro do frasco e o derramar\u00e1 sobre a pele. As microagulhas abrir\u00e3o a pele para permitir que o produto se infiltre na pele.<\/p>\n<p>Chega de desperd\u00edcio de produto, sem complica\u00e7\u00f5es com algod\u00e3o ou gaze ou gotas na pele. Este aplicador far\u00e1 tudo por voc\u00ea, de forma segura e r\u00e1pida.<\/p>\n<p>A profundidade deste dermaroll \u00e9 de 0,5mm mas tamb\u00e9m temos dispon\u00edveis dermarolls de 0,25mm e 1mm. Procure em nossa p\u00e1gina outras profundidades dispon\u00edveis). Temos outra solu\u00e7\u00e3o para outras profundidades: nosso &#8220;Dispositivo de microagulhas ajust\u00e1vel para uso direto dos frascos de 0 a 1,5 mm de profundidade&#8221;<\/p>\n<p>Est\u00e9ril. Apenas para uso t\u00f3pico\/externo!<\/p>\n","protected":false},"excerpt":{"rendered":"<p>Aqui est\u00e1, a forma mais pr\u00e1tica de tratar a pele com mesoterapias: o Dermaroll para Aplica\u00e7\u00e3o Direta de Mesoterapias. Adequado para todos os frascos com gargalo de di\u00e2metro externo 20mm e di\u00e2metro interno 12mm (o padr\u00e3o da ind\u00fastria). Basta abrir o blister est\u00e9ril e pressionar a cabe\u00e7a com a tampa contra o frasco. Isso \u00e9 [&hellip;]<\/p>\n","protected":false},"featured_media":7712,"template":"","meta":[],"product_brand":[],"product_cat":[933,924],"product_tag":[],"class_list":{"0":"post-7774","1":"product","2":"type-product","3":"status-publish","4":"has-post-thumbnail","6":"product_cat-auxiliares-de-injecao","7":"product_cat-equipamentos","9":"first","10":"instock","11":"taxable","12":"shipping-taxable","13":"purchasable","14":"product-type-simple"},"acf":{"short_name":"","display":[],"display_equipment_products":[],"short_name_equipment_products":"","confidential_information":{"text_block":false,"download_file":false}},"_links":{"self":[{"href":"http:\/\/www.therapmedic.com\/pt-pt\/wp-json\/wp\/v2\/product\/7774","targetHints":{"allow":["GET"]}}],"collection":[{"href":"http:\/\/www.therapmedic.com\/pt-pt\/wp-json\/wp\/v2\/product"}],"about":[{"href":"http:\/\/www.therapmedic.com\/pt-pt\/wp-json\/wp\/v2\/types\/product"}],"wp:featuredmedia":[{"embeddable":true,"href":"http:\/\/www.therapmedic.com\/pt-pt\/wp-json\/wp\/v2\/media\/7712"}],"wp:attachment":[{"href":"http:\/\/www.therapmedic.com\/pt-pt\/wp-json\/wp\/v2\/media?parent=7774"}],"wp:term":[{"taxonomy":"product_brand","embeddable":true,"href":"http:\/\/www.therapmedic.com\/pt-pt\/wp-json\/wp\/v2\/product_brand?post=7774"},{"taxonomy":"product_cat","embeddable":true,"href":"http:\/\/www.therapmedic.com\/pt-pt\/wp-json\/wp\/v2\/product_cat?post=7774"},{"taxonomy":"product_tag","embeddable":true,"href":"http:\/\/www.therapmedic.com\/pt-pt\/wp-json\/wp\/v2\/product_tag?post=7774"}],"curies":[{"name":"wp","href":"https:\/\/api.w.org\/{rel}","templated":true}]}}