{"id":6930,"date":"2024-04-18T14:50:16","date_gmt":"2024-04-18T14:50:16","guid":{"rendered":"https:\/\/www.therapmedic.com\/product\/laser-q-switched-ndyag-k6\/"},"modified":"2026-05-09T18:37:33","modified_gmt":"2026-05-09T18:37:33","slug":"laser-q-switched-ndyag-k6","status":"publish","type":"product","link":"http:\/\/www.therapmedic.com\/pt-pt\/produto\/laser-q-switched-ndyag-k6\/","title":{"rendered":"Laser Q-Switched ND:YAG &#8211; K6"},"content":{"rendered":"<p>O ND: YAG \u00e9 um tipo de laser usado em procedimentos m\u00e9dicos e est\u00e9ticos que gera muito ultracortos (nanossegundos 10 ^ -9)) e alta intensidade de alta pot\u00eancia de pot\u00eancia para apontar seletivamente para les\u00f5es pigmentares e a tinta de tatuagens sem danificar o tecido circundante, normalmente em comprimentos de onda de 532 nm e 2064 nm<br \/>\nO laser trabalha energizando um cristal com uma l\u00e2mpada de flash ou diodo, emitindo comprimentos de onda espec\u00edficos. Este raio de laser \u00e9 focado num ponto, aquece e quebra o tecido alvo, liberando pigmentos e subst\u00e2ncias que o corpo elimina naturalmente.<\/p>\n","protected":false},"excerpt":{"rendered":"<p>O ND: YAG \u00e9 um tipo de laser usado em procedimentos m\u00e9dicos e est\u00e9ticos que gera muito ultracortos (nanossegundos 10 ^ -9)) e alta intensidade de alta pot\u00eancia de pot\u00eancia para apontar seletivamente para les\u00f5es pigmentares e a tinta de tatuagens sem danificar o tecido circundante, normalmente em comprimentos de onda de 532 nm e [&hellip;]<\/p>\n","protected":false},"featured_media":6927,"template":"","meta":[],"product_brand":[],"product_cat":[1163,1171,1195,15,1201,924,1213,1024,1219,1026,1233,1036,1241,1040,1249,1054,1257,1068,1379,1084,1432,1096,1099,1107,1131],"product_tag":[],"class_list":{"0":"post-6930","1":"product","2":"type-product","3":"status-publish","4":"has-post-thumbnail","6":"product_cat-manos","7":"product_cat-melasmas-manchas-castanhas-pt-pt-3","8":"product_cat-areas-intimas-pt-pt","9":"product_cat-uncategorized","10":"product_cat-hiper-pigmentacao","11":"product_cat-equipamentos","12":"product_cat-pernas","13":"product_cat-areas-de-tratamentos-vs-produtos-tratamentos-com-equipamentos","14":"product_cat-melasmas-manchas-castanhas-pt-pt-4","15":"product_cat-bracos","16":"product_cat-pescoco","17":"product_cat-melasmas-manchas-castanhas","18":"product_cat-melasmas-manchas-castanahs","19":"product_cat-corpo","20":"product_cat-decote","21":"product_cat-melasmas-manchas-castanhas-pt-pt","22":"product_cat-melasmas-manchas-castanhas-pt-pt-5","23":"product_cat-gluteos","24":"product_cat-tatuagens","25":"product_cat-melasmas-manchas-castanhas-pt-pt-2","26":"product_cat-q-switched-ngyag-pt-pt","27":"product_cat-cara","28":"product_cat-acne-pt-pt","29":"product_cat-rejuvenescimento-facial-completo","30":"product_cat-melasmas-manchas-castanhas-hiperpigmentacao","32":"first","33":"instock","34":"taxable","35":"shipping-taxable","36":"purchasable","37":"product-type-simple"},"acf":{"short_name":"","display":[],"display_equipment_products":[],"short_name_equipment_products":"","confidential_information":{"text_block":false,"download_file":false}},"_links":{"self":[{"href":"http:\/\/www.therapmedic.com\/pt-pt\/wp-json\/wp\/v2\/product\/6930","targetHints":{"allow":["GET"]}}],"collection":[{"href":"http:\/\/www.therapmedic.com\/pt-pt\/wp-json\/wp\/v2\/product"}],"about":[{"href":"http:\/\/www.therapmedic.com\/pt-pt\/wp-json\/wp\/v2\/types\/product"}],"wp:featuredmedia":[{"embeddable":true,"href":"http:\/\/www.therapmedic.com\/pt-pt\/wp-json\/wp\/v2\/media\/6927"}],"wp:attachment":[{"href":"http:\/\/www.therapmedic.com\/pt-pt\/wp-json\/wp\/v2\/media?parent=6930"}],"wp:term":[{"taxonomy":"product_brand","embeddable":true,"href":"http:\/\/www.therapmedic.com\/pt-pt\/wp-json\/wp\/v2\/product_brand?post=6930"},{"taxonomy":"product_cat","embeddable":true,"href":"http:\/\/www.therapmedic.com\/pt-pt\/wp-json\/wp\/v2\/product_cat?post=6930"},{"taxonomy":"product_tag","embeddable":true,"href":"http:\/\/www.therapmedic.com\/pt-pt\/wp-json\/wp\/v2\/product_tag?post=6930"}],"curies":[{"name":"wp","href":"https:\/\/api.w.org\/{rel}","templated":true}]}}