{"id":3511,"date":"2023-03-24T19:12:26","date_gmt":"2023-03-24T19:12:26","guid":{"rendered":"https:\/\/www.therapmedic.com\/?post_type=product&#038;p=3511"},"modified":"2024-01-01T00:00:12","modified_gmt":"2024-01-01T00:00:12","slug":"peeling-tca-40","status":"publish","type":"product","link":"http:\/\/www.therapmedic.com\/pt-pt\/produto\/peeling-tca-40\/","title":{"rendered":"Peeling TCA 40%"},"content":{"rendered":"<p><b><i>AHA Peeling TCA 40%<\/i><\/b>&#8211; solu\u00e7\u00e3o esfoliante poderosa para uma tez jovem<\/p>\n<p>O \u00e1cido tricloroac\u00e9tico TCA \u00e9 utilizado como agente peeling h\u00e1 muito tempo e ainda \u00e9 o agente mais eficaz e seguro para peeling m\u00e9dio, principalmente quando combinado com a solu\u00e7\u00e3o de Jessner.<\/p>\n<p><u><b>N\u00e3o use no ver\u00e3o.<\/b><\/u><\/p>\n<p><u><b>Apresenta\u00e7\u00e3o<\/b><\/u>:\u00a0TCA peel\u00a0\u00a0 40%\u00a0\u00a0 50 mL<\/p>\n<p>O pre\u00e7o apresentado \u00e9 por frasco.<\/p>\n","protected":false},"excerpt":{"rendered":"<p>AHA Peeling TCA 40%&#8211; solu\u00e7\u00e3o esfoliante poderosa para uma tez jovem O \u00e1cido tricloroac\u00e9tico TCA \u00e9 utilizado como agente peeling h\u00e1 muito tempo e ainda \u00e9 o agente mais eficaz e seguro para peeling m\u00e9dio, principalmente quando combinado com a solu\u00e7\u00e3o de Jessner. N\u00e3o use no ver\u00e3o. Apresenta\u00e7\u00e3o:\u00a0TCA peel\u00a0\u00a0 40%\u00a0\u00a0 50 mL O pre\u00e7o apresentado [&hellip;]<\/p>\n","protected":false},"featured_media":6066,"template":"","meta":[],"product_brand":[],"product_cat":[1054,1263,1060,1068,1084,1096,1099,1139,1163,1171,15,1213,966,1219,1022,1233,1024,1241,1026,1247,1036,1249,1040,1257],"product_tag":[],"class_list":{"0":"post-3511","1":"product","2":"type-product","3":"status-publish","4":"has-post-thumbnail","6":"product_cat-melasmas-manchas-castanhas-pt-pt","7":"product_cat-rugas-pt-pt-2","8":"product_cat-pele-aspera","9":"product_cat-gluteos","10":"product_cat-melasmas-manchas-castanhas-pt-pt-2","11":"product_cat-cara","12":"product_cat-acne-pt-pt","13":"product_cat-pele-aspera-pt-pt","14":"product_cat-manos","15":"product_cat-melasmas-manchas-castanhas-pt-pt-3","16":"product_cat-uncategorized","17":"product_cat-pernas","18":"product_cat-peelings-pt-pt","19":"product_cat-melasmas-manchas-castanhas-pt-pt-4","20":"product_cat-tca-pt-pt","21":"product_cat-pescoco","22":"product_cat-areas-de-tratamentos-vs-produtos-tratamentos-com-equipamentos","23":"product_cat-melasmas-manchas-castanahs","24":"product_cat-bracos","25":"product_cat-rugas-pt-pt","26":"product_cat-melasmas-manchas-castanhas","27":"product_cat-decote","28":"product_cat-corpo","29":"product_cat-melasmas-manchas-castanhas-pt-pt-5","31":"first","32":"instock","33":"taxable","34":"shipping-taxable","35":"purchasable","36":"product-type-simple"},"acf":{"display":[],"short_name":"","display_equipment_products":[],"short_name_equipment_products":"","confidential_information":{"text_block":false,"download_file":false}},"_links":{"self":[{"href":"http:\/\/www.therapmedic.com\/pt-pt\/wp-json\/wp\/v2\/product\/3511","targetHints":{"allow":["GET"]}}],"collection":[{"href":"http:\/\/www.therapmedic.com\/pt-pt\/wp-json\/wp\/v2\/product"}],"about":[{"href":"http:\/\/www.therapmedic.com\/pt-pt\/wp-json\/wp\/v2\/types\/product"}],"wp:featuredmedia":[{"embeddable":true,"href":"http:\/\/www.therapmedic.com\/pt-pt\/wp-json\/wp\/v2\/media\/6066"}],"wp:attachment":[{"href":"http:\/\/www.therapmedic.com\/pt-pt\/wp-json\/wp\/v2\/media?parent=3511"}],"wp:term":[{"taxonomy":"product_brand","embeddable":true,"href":"http:\/\/www.therapmedic.com\/pt-pt\/wp-json\/wp\/v2\/product_brand?post=3511"},{"taxonomy":"product_cat","embeddable":true,"href":"http:\/\/www.therapmedic.com\/pt-pt\/wp-json\/wp\/v2\/product_cat?post=3511"},{"taxonomy":"product_tag","embeddable":true,"href":"http:\/\/www.therapmedic.com\/pt-pt\/wp-json\/wp\/v2\/product_tag?post=3511"}],"curies":[{"name":"wp","href":"https:\/\/api.w.org\/{rel}","templated":true}]}}