{"id":3492,"date":"2023-03-24T17:11:37","date_gmt":"2023-03-24T17:11:37","guid":{"rendered":"https:\/\/www.therapmedic.com\/?post_type=product&#038;p=3492"},"modified":"2024-01-01T00:00:13","modified_gmt":"2024-01-01T00:00:13","slug":"emulsao-nutripeel-pos-peeling","status":"publish","type":"product","link":"http:\/\/www.therapmedic.com\/pt-pt\/produto\/emulsao-nutripeel-pos-peeling\/","title":{"rendered":"Emuls\u00e3o Nutripeel &#8211; P\u00f3s-Peeling"},"content":{"rendered":"<p><b><i>Nutripeel<\/i><\/b> <b><i>Emulsion<\/i><\/b> &#8211; Hidrata, acalma, recupera e suaviza a pele ap\u00f3s o peeling.<\/p>\n<p>Emulsion Nutripeel \u00e9 a nossa alternativa leve aos cremes cl\u00e1ssicos. Eles s\u00e3o mais leves, ent\u00e3o geralmente s\u00e3o mais adequados para pessoas com pele sens\u00edvel, que tem menos probabilidade de irritar sua pele ou obstruir seus poros. Nossas emuls\u00f5es s\u00e3o infundidas com nosso exclusivo extrato de caviar, que traz benef\u00edcios antienvelhecimento, al\u00e9m de subst\u00e2ncias espec\u00edficas como \u00e1cido hialur\u00f3nico, antioxidantes e vitaminas.<\/p>\n<p><u><b>Apresenta\u00e7\u00e3o<\/b><\/u>: frasco de 50 ml<\/p>\n<p>O pre\u00e7o apresentado \u00e9 por frasco.<\/p>\n","protected":false},"excerpt":{"rendered":"<p>Nutripeel Emulsion &#8211; Hidrata, acalma, recupera e suaviza a pele ap\u00f3s o peeling. Emulsion Nutripeel \u00e9 a nossa alternativa leve aos cremes cl\u00e1ssicos. Eles s\u00e3o mais leves, ent\u00e3o geralmente s\u00e3o mais adequados para pessoas com pele sens\u00edvel, que tem menos probabilidade de irritar sua pele ou obstruir seus poros. Nossas emuls\u00f5es s\u00e3o infundidas com nosso [&hellip;]<\/p>\n","protected":false},"featured_media":3493,"template":"","meta":[],"product_brand":[],"product_cat":[15,966,1019],"product_tag":[],"class_list":{"0":"post-3492","1":"product","2":"type-product","3":"status-publish","4":"has-post-thumbnail","6":"product_cat-uncategorized","7":"product_cat-peelings-pt-pt","8":"product_cat-produtos-de-cuidados-de-pele","10":"first","11":"instock","12":"taxable","13":"shipping-taxable","14":"purchasable","15":"product-type-simple"},"acf":{"display":[],"short_name":"","display_equipment_products":[],"short_name_equipment_products":"","confidential_information":{"text_block":false,"download_file":false}},"_links":{"self":[{"href":"http:\/\/www.therapmedic.com\/pt-pt\/wp-json\/wp\/v2\/product\/3492","targetHints":{"allow":["GET"]}}],"collection":[{"href":"http:\/\/www.therapmedic.com\/pt-pt\/wp-json\/wp\/v2\/product"}],"about":[{"href":"http:\/\/www.therapmedic.com\/pt-pt\/wp-json\/wp\/v2\/types\/product"}],"wp:featuredmedia":[{"embeddable":true,"href":"http:\/\/www.therapmedic.com\/pt-pt\/wp-json\/wp\/v2\/media\/3493"}],"wp:attachment":[{"href":"http:\/\/www.therapmedic.com\/pt-pt\/wp-json\/wp\/v2\/media?parent=3492"}],"wp:term":[{"taxonomy":"product_brand","embeddable":true,"href":"http:\/\/www.therapmedic.com\/pt-pt\/wp-json\/wp\/v2\/product_brand?post=3492"},{"taxonomy":"product_cat","embeddable":true,"href":"http:\/\/www.therapmedic.com\/pt-pt\/wp-json\/wp\/v2\/product_cat?post=3492"},{"taxonomy":"product_tag","embeddable":true,"href":"http:\/\/www.therapmedic.com\/pt-pt\/wp-json\/wp\/v2\/product_tag?post=3492"}],"curies":[{"name":"wp","href":"https:\/\/api.w.org\/{rel}","templated":true}]}}