{"id":3476,"date":"2023-03-24T16:50:50","date_gmt":"2023-03-24T16:50:50","guid":{"rendered":"https:\/\/www.therapmedic.com\/?post_type=product&#038;p=3476"},"modified":"2026-05-11T18:53:02","modified_gmt":"2026-05-11T18:53:02","slug":"solucao-neutralizante-pos-peeling","status":"publish","type":"product","link":"http:\/\/www.therapmedic.com\/pt-pt\/produto\/solucao-neutralizante-pos-peeling\/","title":{"rendered":"Solu\u00e7\u00e3o Neutralizante P\u00f3s-Peeling"},"content":{"rendered":"<p><b><i>Neutralizador p\u00f3s <\/i><\/b><b><i>peeling<\/i><\/b> \u2013 Neutraliza a atividade do \u00e1cido<\/p>\n<p>Ap\u00f3s um peeling qu\u00edmico, sua pele pode ficar quente, r\u00edgida ou inflamada. Os ingredientes da solu\u00e7\u00e3o neutralizante p\u00f3s-peeling s\u00e3o projetados para acalmar e acalmar a pele ap\u00f3s o peeling e bloquear a atividade \u00e1cida. Pantenol, propilenoglicol e glicerina s\u00e3o usados h\u00e1 muito tempo como terapia para queimaduras solares. Eles reduzem a inflama\u00e7\u00e3o e acalmam a pele irritada. E o bicarbonato de s\u00f3dio interrompe a atividade \u00e1cida na pele. Aplique (pulverize) a solu\u00e7\u00e3o sobre a \u00e1rea tratada com o peeling e repita se necess\u00e1rio. Sem corantes, silicone, ingredientes de origem animal ou corantes. A solu\u00e7\u00e3o neutralizante p\u00f3s-peeling \u00e9 muito mais eficaz do que apenas enxaguar a casca com \u00e1gua. Impede que a casca penetre muito na pele. Acalma a pele inflamada e ajuda a devolver a pele ao seu n\u00edvel de pH normal. A \u00e1gua da torneira por si s\u00f3 n\u00e3o conseguiria fazer isso, pois o pH da \u00e1gua n\u00e3o \u00e9 alto o suficiente para equalizar a rea\u00e7\u00e3o qu\u00edmica do \u00e1cido.<\/p>\n<p>A solu\u00e7\u00e3o neutralizante p\u00f3s-peeling bloqueia a atividade \u00e1cida. Sem corantes, \u00e1lcool, ingredientes de origem animal e corantes. N\u00e3o testado em animais!<\/p>\n<p><u><b>Apresenta\u00e7\u00e3o<\/b><\/u><b>: <\/b>frasco de 100 mL<\/p>\n<p>O pre\u00e7o apresentado \u00e9 por frasco.<\/p>\n","protected":false},"excerpt":{"rendered":"<p>Neutralizador p\u00f3s peeling \u2013 Neutraliza a atividade do \u00e1cido Ap\u00f3s um peeling qu\u00edmico, sua pele pode ficar quente, r\u00edgida ou inflamada. Os ingredientes da solu\u00e7\u00e3o neutralizante p\u00f3s-peeling s\u00e3o projetados para acalmar e acalmar a pele ap\u00f3s o peeling e bloquear a atividade \u00e1cida. Pantenol, propilenoglicol e glicerina s\u00e3o usados h\u00e1 muito tempo como terapia para [&hellip;]<\/p>\n","protected":false},"featured_media":9028,"template":"","meta":[],"product_brand":[],"product_cat":[966,1019,15],"product_tag":[],"class_list":{"0":"post-3476","1":"product","2":"type-product","3":"status-publish","4":"has-post-thumbnail","6":"product_cat-peelings-pt-pt","7":"product_cat-produtos-de-cuidados-de-pele","8":"product_cat-uncategorized","10":"first","11":"instock","12":"taxable","13":"shipping-taxable","14":"purchasable","15":"product-type-simple"},"acf":{"display":[],"short_name":"","display_equipment_products":[],"short_name_equipment_products":"","confidential_information":{"text_block":false,"download_file":false}},"_links":{"self":[{"href":"http:\/\/www.therapmedic.com\/pt-pt\/wp-json\/wp\/v2\/product\/3476","targetHints":{"allow":["GET"]}}],"collection":[{"href":"http:\/\/www.therapmedic.com\/pt-pt\/wp-json\/wp\/v2\/product"}],"about":[{"href":"http:\/\/www.therapmedic.com\/pt-pt\/wp-json\/wp\/v2\/types\/product"}],"wp:featuredmedia":[{"embeddable":true,"href":"http:\/\/www.therapmedic.com\/pt-pt\/wp-json\/wp\/v2\/media\/9028"}],"wp:attachment":[{"href":"http:\/\/www.therapmedic.com\/pt-pt\/wp-json\/wp\/v2\/media?parent=3476"}],"wp:term":[{"taxonomy":"product_brand","embeddable":true,"href":"http:\/\/www.therapmedic.com\/pt-pt\/wp-json\/wp\/v2\/product_brand?post=3476"},{"taxonomy":"product_cat","embeddable":true,"href":"http:\/\/www.therapmedic.com\/pt-pt\/wp-json\/wp\/v2\/product_cat?post=3476"},{"taxonomy":"product_tag","embeddable":true,"href":"http:\/\/www.therapmedic.com\/pt-pt\/wp-json\/wp\/v2\/product_tag?post=3476"}],"curies":[{"name":"wp","href":"https:\/\/api.w.org\/{rel}","templated":true}]}}