{"id":3468,"date":"2023-03-24T16:44:28","date_gmt":"2023-03-24T16:44:28","guid":{"rendered":"https:\/\/www.therapmedic.com\/?post_type=product&#038;p=3468"},"modified":"2026-05-11T18:44:46","modified_gmt":"2026-05-11T18:44:46","slug":"preparador-pre-peeling","status":"publish","type":"product","link":"http:\/\/www.therapmedic.com\/pt-pt\/produto\/preparador-pre-peeling\/","title":{"rendered":"Preparador Pre-Peeling"},"content":{"rendered":"<p><b><i>O preparador pr\u00e9-<\/i><\/b><b><i>peeling<\/i><\/b> <b>prepara<\/b><b> a \u00e1rea de <\/b><b>peeling<\/b><b> (descascamento da pele). Limpa, remove a oleosidade, hidrata e <\/b><b>anti-bacteriano<\/b><b>.<\/b><\/p>\n<p>Este preparador espec\u00edfico prepara a pele, uniformiza o pH e remove a oleosidade. Prepara a pele para o tratamento esfoliante. Gra\u00e7as ao seu \u00e1cido c\u00edtrico e \u00e1cido l\u00e1ctico, limpa eficazmente a pele das camadas superficiais queratinizadas da epiderme, desbloqueia as gl\u00e2ndulas seb\u00e1ceas e reduz a barreira lip\u00eddica. Ao mesmo tempo que uniformiza o pH da pele. Isso permite uma penetra\u00e7\u00e3o uniforme e aumenta a efic\u00e1cia de qualquer tipo de \u00e1cido esfoliante. Aplique o limpador com uma gaze h\u00famida em todo o rosto e pesco\u00e7o a serem tratados. Repita a aplica\u00e7\u00e3o, se necess\u00e1rio. Depois seque com uma toalha e prossiga com o \u00e1cido. Sem corantes, silicone, ingredientes de origem animal ou corantes. Este preparador pr\u00e9-peeling devido \u00e0 sua formula\u00e7\u00e3o uniformiza o pH da pele ao mesmo tempo em que reduz a barreira lip\u00eddica e limpa a pele das camadas queratinizadas. Uniformiza o pH da pele, sem corantes, \u00e1lcool, ingredientes de origem animal e corantes. N\u00e3o testado em animais.<\/p>\n<p>Prepara a pele, Uniformiza o pH, Remove a oleosidade, Limpa a pele, Hidrata e cont\u00e9m propriedades antibacterianas.<\/p>\n<p><u><b>Apresenta\u00e7\u00e3o<\/b><\/u>: Frasco de 250 mL.<\/p>\n<p>O pre\u00e7o apresentado \u00e9 por frasco.<\/p>\n","protected":false},"excerpt":{"rendered":"<p>O preparador pr\u00e9-peeling prepara a \u00e1rea de peeling (descascamento da pele). Limpa, remove a oleosidade, hidrata e anti-bacteriano. Este preparador espec\u00edfico prepara a pele, uniformiza o pH e remove a oleosidade. Prepara a pele para o tratamento esfoliante. Gra\u00e7as ao seu \u00e1cido c\u00edtrico e \u00e1cido l\u00e1ctico, limpa eficazmente a pele das camadas superficiais queratinizadas da [&hellip;]<\/p>\n","protected":false},"featured_media":8992,"template":"","meta":[],"product_brand":[],"product_cat":[966,1019,15],"product_tag":[],"class_list":{"0":"post-3468","1":"product","2":"type-product","3":"status-publish","4":"has-post-thumbnail","6":"product_cat-peelings-pt-pt","7":"product_cat-produtos-de-cuidados-de-pele","8":"product_cat-uncategorized","10":"first","11":"instock","12":"taxable","13":"shipping-taxable","14":"purchasable","15":"product-type-simple"},"acf":{"display":[],"short_name":"","display_equipment_products":[],"short_name_equipment_products":"","confidential_information":{"text_block":false,"download_file":false}},"_links":{"self":[{"href":"http:\/\/www.therapmedic.com\/pt-pt\/wp-json\/wp\/v2\/product\/3468","targetHints":{"allow":["GET"]}}],"collection":[{"href":"http:\/\/www.therapmedic.com\/pt-pt\/wp-json\/wp\/v2\/product"}],"about":[{"href":"http:\/\/www.therapmedic.com\/pt-pt\/wp-json\/wp\/v2\/types\/product"}],"wp:featuredmedia":[{"embeddable":true,"href":"http:\/\/www.therapmedic.com\/pt-pt\/wp-json\/wp\/v2\/media\/8992"}],"wp:attachment":[{"href":"http:\/\/www.therapmedic.com\/pt-pt\/wp-json\/wp\/v2\/media?parent=3468"}],"wp:term":[{"taxonomy":"product_brand","embeddable":true,"href":"http:\/\/www.therapmedic.com\/pt-pt\/wp-json\/wp\/v2\/product_brand?post=3468"},{"taxonomy":"product_cat","embeddable":true,"href":"http:\/\/www.therapmedic.com\/pt-pt\/wp-json\/wp\/v2\/product_cat?post=3468"},{"taxonomy":"product_tag","embeddable":true,"href":"http:\/\/www.therapmedic.com\/pt-pt\/wp-json\/wp\/v2\/product_tag?post=3468"}],"curies":[{"name":"wp","href":"https:\/\/api.w.org\/{rel}","templated":true}]}}