{"id":3452,"date":"2023-03-24T16:26:25","date_gmt":"2023-03-24T16:26:25","guid":{"rendered":"https:\/\/www.therapmedic.com\/?post_type=product&#038;p=3452"},"modified":"2024-01-01T00:00:14","modified_gmt":"2024-01-01T00:00:14","slug":"pha-gluconolactone-acid-peel","status":"publish","type":"product","link":"http:\/\/www.therapmedic.com\/pt-pt\/produto\/pha-gluconolactone-acid-peel\/","title":{"rendered":"PHA GLUCONOLACTONE ACID PEEL"},"content":{"rendered":"<p><b><i>Peelings PHA <\/i><\/b><b><i>GLUCONOLACTONE ACID PEEL <\/i><\/b>&#8211; Efeitos antiinflamat\u00f3rios e antioxidantes. Melhora a hidrata\u00e7\u00e3o da pele, proporciona suaviza\u00e7\u00e3o de linhas finas e rugas, aumenta a elasticidade da pele.<\/p>\n<p>A gluconolactona \u00e9 um ingrediente ativo que trata a pele com delicadeza, sem afetar as camadas mais profundas. O efeito \u00e9 muito semelhante ao dos AHAs (\u00e1cidos de frutas como \u00e1cido glic\u00f3lico ou l\u00e1ctico), mas como um tipo de \u00e1cido polihidroxi, a gluconolactona \u00e9 mais ben\u00e9fica. Como cont\u00e9m cinco\u00a0grupos hidroxila, tem mais propriedades hidratantes em compara\u00e7\u00e3o ao alfa-hidroxi\u00e1cido com apenas um grupo hidroxila. Por ser uma mol\u00e9cula maior (com uma mol\u00e9cula tridimensional de 178 Da), a gluconolactona penetra na pele lentamente, sem queim\u00e1-la, como fazem os outros peelings qu\u00edmicos com ingredientes ativos alternativos. \u00c9 por isso que a gluconolactona n\u00e3o irritante \u00e9 perfeita mesmo para pele seca e hipersens\u00edvel.<\/p>\n<p><u><b>Apresenta\u00e7\u00e3o<\/b><\/u>: 1 frasco de 5 mL<\/p>\n<p>O pre\u00e7o apresentado \u00e9 por frasco.<\/p>\n","protected":false},"excerpt":{"rendered":"<p>Peelings PHA GLUCONOLACTONE ACID PEEL &#8211; Efeitos antiinflamat\u00f3rios e antioxidantes. Melhora a hidrata\u00e7\u00e3o da pele, proporciona suaviza\u00e7\u00e3o de linhas finas e rugas, aumenta a elasticidade da pele. A gluconolactona \u00e9 um ingrediente ativo que trata a pele com delicadeza, sem afetar as camadas mais profundas. O efeito \u00e9 muito semelhante ao dos AHAs (\u00e1cidos de [&hellip;]<\/p>\n","protected":false},"featured_media":3453,"template":"","meta":[],"product_brand":[],"product_cat":[1086,1253,1096,1255,1129,1259,1141,1263,15,1163,966,1169,1012,1177,1015,1213,1024,1221,1026,1233,1038,1237,1040,1239,1062,1243,1068,1247,1080,1249,1082,1251],"product_tag":[],"class_list":{"0":"post-3452","1":"product","2":"type-product","3":"status-publish","4":"has-post-thumbnail","6":"product_cat-pele-flacida-pt-pt-2","7":"product_cat-secura-pele-desidratada-pt-pt-4","8":"product_cat-cara","9":"product_cat-pouca-elasticidade-pt-pt-5","10":"product_cat-pouca-elasticidade-pt-pt-2","11":"product_cat-pele-flacida-pt-pt-7","12":"product_cat-pele-flacida-pt-pt-3","13":"product_cat-rugas-pt-pt-2","14":"product_cat-uncategorized","15":"product_cat-manos","16":"product_cat-peelings-pt-pt","17":"product_cat-pouca-elasticidade-pt-pt-3","18":"product_cat-pha-pt-pt","19":"product_cat-rugas","20":"product_cat-peeling-de","21":"product_cat-pernas","22":"product_cat-areas-de-tratamentos-vs-produtos-tratamentos-com-equipamentos","23":"product_cat-pele-flacida-pt-pt-5","24":"product_cat-bracos","25":"product_cat-pescoco","26":"product_cat-pele-flacida","27":"product_cat-secura-pele-desidratada-pt-pt-3","28":"product_cat-corpo","29":"product_cat-pouca-elasticidade-pt-pt-4","30":"product_cat-pele-flacida-pt-pt","31":"product_cat-pele-flacida-pt-pt-6","32":"product_cat-gluteos","33":"product_cat-rugas-pt-pt","34":"product_cat-gluteos-facidos-e-caidos","35":"product_cat-decote","36":"product_cat-pouca-elasticidade-pt-pt","37":"product_cat-pele-envelhecida-pt-pt-4","39":"first","40":"instock","41":"taxable","42":"shipping-taxable","43":"purchasable","44":"product-type-simple"},"acf":{"display":[],"short_name":"","display_equipment_products":[],"short_name_equipment_products":"","confidential_information":{"text_block":false,"download_file":false}},"_links":{"self":[{"href":"http:\/\/www.therapmedic.com\/pt-pt\/wp-json\/wp\/v2\/product\/3452","targetHints":{"allow":["GET"]}}],"collection":[{"href":"http:\/\/www.therapmedic.com\/pt-pt\/wp-json\/wp\/v2\/product"}],"about":[{"href":"http:\/\/www.therapmedic.com\/pt-pt\/wp-json\/wp\/v2\/types\/product"}],"wp:featuredmedia":[{"embeddable":true,"href":"http:\/\/www.therapmedic.com\/pt-pt\/wp-json\/wp\/v2\/media\/3453"}],"wp:attachment":[{"href":"http:\/\/www.therapmedic.com\/pt-pt\/wp-json\/wp\/v2\/media?parent=3452"}],"wp:term":[{"taxonomy":"product_brand","embeddable":true,"href":"http:\/\/www.therapmedic.com\/pt-pt\/wp-json\/wp\/v2\/product_brand?post=3452"},{"taxonomy":"product_cat","embeddable":true,"href":"http:\/\/www.therapmedic.com\/pt-pt\/wp-json\/wp\/v2\/product_cat?post=3452"},{"taxonomy":"product_tag","embeddable":true,"href":"http:\/\/www.therapmedic.com\/pt-pt\/wp-json\/wp\/v2\/product_tag?post=3452"}],"curies":[{"name":"wp","href":"https:\/\/api.w.org\/{rel}","templated":true}]}}