{"id":3419,"date":"2023-03-24T15:31:08","date_gmt":"2023-03-24T15:31:08","guid":{"rendered":"https:\/\/www.therapmedic.com\/?post_type=product&#038;p=3419"},"modified":"2024-01-01T00:00:17","modified_gmt":"2024-01-01T00:00:17","slug":"peeling-de-acido-phytico-phytic-peel-hollywood-style-peeling","status":"publish","type":"product","link":"http:\/\/www.therapmedic.com\/pt-pt\/produto\/peeling-de-acido-phytico-phytic-peel-hollywood-style-peeling\/","title":{"rendered":"Peeling de Acido Phytico &#8211; PHYTIC PEEL (Hollywood Style peeling)"},"content":{"rendered":"<p id=\"tw-target-text\" class=\"tw-data-text tw-text-large tw-ta\" dir=\"ltr\" data-placeholder=\"Tradu\u00e7\u00e3o\"><span class=\"Y2IQFc\" lang=\"pt\"><strong>AHA Peeling Phytico Peel (Hollywood Peel)<\/strong> &#8211; Propriedades antioxidantes, clareadoras e anti-inflamat\u00f3rias<\/span><\/p>\n<p>Estimula o processo regenerativo da pele e tem um efeito duradouro. Indicado para peles sens\u00edveis e sem restri\u00e7\u00f5es de uso.Ap\u00f3s o uso, hidratar com NUTRIPEEL EMULS\u00c3O e aplicar FPS 30 para proteger a pele renovada das agress\u00f5es do dia, todos os dias (n\u00e3o s\u00f3 em dias de sol).<\/p>\n<p>Apresenta\u00e7\u00e3o:<br \/>\nCaixa: conjunto de 2 frascos n\u00ba 1 e n\u00ba 2 cada um com 50 ml<\/p>\n<p>O pre\u00e7o apresentado \u00e9 para um conjunto de duas garrafas n\u00ba 1 e n\u00ba 2.<\/p>\n","protected":false},"excerpt":{"rendered":"<p>AHA Peeling Phytico Peel (Hollywood Peel) &#8211; Propriedades antioxidantes, clareadoras e anti-inflamat\u00f3rias Estimula o processo regenerativo da pele e tem um efeito duradouro. Indicado para peles sens\u00edveis e sem restri\u00e7\u00f5es de uso.Ap\u00f3s o uso, hidratar com NUTRIPEEL EMULS\u00c3O e aplicar FPS 30 para proteger a pele renovada das agress\u00f5es do dia, todos os dias (n\u00e3o [&hellip;]<\/p>\n","protected":false},"featured_media":3420,"template":"","meta":[],"product_brand":[],"product_cat":[1099,1101,15,1119,966,1125,969,1131,979,1143,1024,1163,1026,1165,1028,1171,1036,1173,1040,1213,1048,1219,1054,1233,1068,1235,1084,1241,1096,1249],"product_tag":[],"class_list":{"0":"post-3419","1":"product","2":"type-product","3":"status-publish","4":"has-post-thumbnail","6":"product_cat-acne-pt-pt","7":"product_cat-pele-envelhecida-pt-pt","8":"product_cat-uncategorized","9":"product_cat-pele-opaca-sem-brilho","10":"product_cat-peelings-pt-pt","11":"product_cat-pele-cinzenta-oxidada","12":"product_cat-aha-pt-pt","13":"product_cat-melasmas-manchas-castanhas-hiperpigmentacao","14":"product_cat-peelings-de-acido-phytico","15":"product_cat-branqueamento-da-pele","16":"product_cat-areas-de-tratamentos-vs-produtos-tratamentos-com-equipamentos","17":"product_cat-manos","18":"product_cat-bracos","19":"product_cat-pele-envelhecida-pt-pt-2","20":"product_cat-pele-envelhecida","21":"product_cat-melasmas-manchas-castanhas-pt-pt-3","22":"product_cat-melasmas-manchas-castanhas","23":"product_cat-pele-flacida-pt-pt-4","24":"product_cat-corpo","25":"product_cat-pernas","26":"product_cat-cinza-pele-oxidada","27":"product_cat-melasmas-manchas-castanhas-pt-pt-4","28":"product_cat-melasmas-manchas-castanhas-pt-pt","29":"product_cat-pescoco","30":"product_cat-gluteos","31":"product_cat-pele-envelhecida-pt-pt-3","32":"product_cat-melasmas-manchas-castanhas-pt-pt-2","33":"product_cat-melasmas-manchas-castanahs","34":"product_cat-cara","35":"product_cat-decote","37":"first","38":"instock","39":"taxable","40":"shipping-taxable","41":"purchasable","42":"product-type-simple"},"acf":{"display":[],"short_name":"","display_equipment_products":[],"short_name_equipment_products":"","confidential_information":{"text_block":false,"download_file":false}},"_links":{"self":[{"href":"http:\/\/www.therapmedic.com\/pt-pt\/wp-json\/wp\/v2\/product\/3419","targetHints":{"allow":["GET"]}}],"collection":[{"href":"http:\/\/www.therapmedic.com\/pt-pt\/wp-json\/wp\/v2\/product"}],"about":[{"href":"http:\/\/www.therapmedic.com\/pt-pt\/wp-json\/wp\/v2\/types\/product"}],"wp:featuredmedia":[{"embeddable":true,"href":"http:\/\/www.therapmedic.com\/pt-pt\/wp-json\/wp\/v2\/media\/3420"}],"wp:attachment":[{"href":"http:\/\/www.therapmedic.com\/pt-pt\/wp-json\/wp\/v2\/media?parent=3419"}],"wp:term":[{"taxonomy":"product_brand","embeddable":true,"href":"http:\/\/www.therapmedic.com\/pt-pt\/wp-json\/wp\/v2\/product_brand?post=3419"},{"taxonomy":"product_cat","embeddable":true,"href":"http:\/\/www.therapmedic.com\/pt-pt\/wp-json\/wp\/v2\/product_cat?post=3419"},{"taxonomy":"product_tag","embeddable":true,"href":"http:\/\/www.therapmedic.com\/pt-pt\/wp-json\/wp\/v2\/product_tag?post=3419"}],"curies":[{"name":"wp","href":"https:\/\/api.w.org\/{rel}","templated":true}]}}