{"id":3387,"date":"2023-03-24T11:51:51","date_gmt":"2023-03-24T11:51:51","guid":{"rendered":"https:\/\/www.therapmedic.com\/?post_type=product&#038;p=3387"},"modified":"2023-11-27T17:21:09","modified_gmt":"2023-11-27T17:21:09","slug":"vitamina-c","status":"publish","type":"product","link":"http:\/\/www.therapmedic.com\/pt-pt\/produto\/vitamina-c\/","title":{"rendered":"Vitamina C"},"content":{"rendered":"<p id=\"tw-target-text\" class=\"tw-data-text tw-text-large tw-ta\" dir=\"ltr\" data-placeholder=\"Tradu\u00e7\u00e3o\"><span class=\"Y2IQFc\" lang=\"pt\"><strong>Vitamina C:<\/strong> limita a extens\u00e3o da hiperpigmenta\u00e7\u00e3o. Reduz a descolora\u00e7\u00e3o da pele.<\/span><\/p>\n<p>A vitamina C \u00e9 uma solu\u00e7\u00e3o de \u00e1cido asc\u00f3rbico altamente concentrada que pode ser usada sozinha ou em combina\u00e7\u00e3o com outros coquet\u00e9is. Possui propriedades clareadoras e antioxidantes que ir\u00e3o proteger a pele, al\u00e9m de prevenir e tratar os fotodanos induzidos pelos raios ultravioleta, amenizando os efeitos da exposi\u00e7\u00e3o \u00e0s intemp\u00e9ries. Inibe a s\u00edntese de melanina. Tem uma poderosa atividade antioxidante neutralizando os radicais livres. Para mulheres e homens de todas as idades e todos os tipos de pele.<\/p>\n<p>Apresenta\u00e7\u00e3o: Caixa com 5 frascos de 5 mL<\/p>\n<p>O pre\u00e7o apresentado \u00e9 por caixa de 5 frascos.<\/p>\n","protected":false},"excerpt":{"rendered":"<p>Vitamina C: limita a extens\u00e3o da hiperpigmenta\u00e7\u00e3o. Reduz a descolora\u00e7\u00e3o da pele. A vitamina C \u00e9 uma solu\u00e7\u00e3o de \u00e1cido asc\u00f3rbico altamente concentrada que pode ser usada sozinha ou em combina\u00e7\u00e3o com outros coquet\u00e9is. Possui propriedades clareadoras e antioxidantes que ir\u00e3o proteger a pele, al\u00e9m de prevenir e tratar os fotodanos induzidos pelos raios ultravioleta, [&hellip;]<\/p>\n","protected":false},"featured_media":3388,"template":"","meta":[],"product_brand":[],"product_cat":[1068,1219,1084,1233,1096,1237,1101,1241,1109,1245,1119,1249,15,1125,1251,944,1131,1253,946,1143,1261,1024,1149,1263,1026,1163,1036,1165,1040,1171,1048,1173,1054,1175,1066,1213],"product_tag":[],"class_list":{"0":"post-3387","1":"product","2":"type-product","3":"status-publish","4":"has-post-thumbnail","6":"product_cat-gluteos","7":"product_cat-melasmas-manchas-castanhas-pt-pt-4","8":"product_cat-melasmas-manchas-castanhas-pt-pt-2","9":"product_cat-pescoco","10":"product_cat-cara","11":"product_cat-secura-pele-desidratada-pt-pt-3","12":"product_cat-pele-envelhecida-pt-pt","13":"product_cat-melasmas-manchas-castanahs","14":"product_cat-olheiras","15":"product_cat-pele-cansada-entoxicada-pt-pt-2","16":"product_cat-pele-opaca-sem-brilho","17":"product_cat-decote","18":"product_cat-uncategorized","19":"product_cat-pele-cinzenta-oxidada","20":"product_cat-pele-envelhecida-pt-pt-4","21":"product_cat-produtos-de-mesoterapia","22":"product_cat-melasmas-manchas-castanhas-hiperpigmentacao","23":"product_cat-secura-pele-desidratada-pt-pt-4","24":"product_cat-anti-envelhecimento","25":"product_cat-branqueamento-da-pele","26":"product_cat-pele-cansada-entoxicada-pt-pt-3","27":"product_cat-areas-de-tratamentos-vs-produtos-tratamentos-com-equipamentos","28":"product_cat-pele-cansada-entoxicada","29":"product_cat-rugas-pt-pt-2","30":"product_cat-bracos","31":"product_cat-manos","32":"product_cat-melasmas-manchas-castanhas","33":"product_cat-pele-envelhecida-pt-pt-2","34":"product_cat-corpo","35":"product_cat-melasmas-manchas-castanhas-pt-pt-3","36":"product_cat-cinza-pele-oxidada","37":"product_cat-pele-flacida-pt-pt-4","38":"product_cat-melasmas-manchas-castanhas-pt-pt","39":"product_cat-pele-cansada-entoxicada-pt-pt","40":"product_cat-pele-cansada-toxificada","41":"product_cat-pernas","43":"first","44":"instock","45":"taxable","46":"shipping-taxable","47":"purchasable","48":"product-type-simple"},"acf":{"display":[],"short_name":"","display_equipment_products":[],"short_name_equipment_products":"","confidential_information":{"text_block":[{"title":"Ingredientes Ativos","textarea":"<div id=\"tw-target-text-container\" class=\"tw-ta-container F0azHf tw-nfl\" tabindex=\"0\">\n<p id=\"tw-target-text\" class=\"tw-data-text tw-text-large tw-ta\" dir=\"ltr\" data-placeholder=\"Tradu\u00e7\u00e3o\"><span class=\"Y2IQFc\" lang=\"pt\"><strong>\u00c1cido Asc\u00f3rbico, Vitamina C<\/strong> &#8211; Poderoso antioxidante que pode ser usado para tratar e prevenir altera\u00e7\u00f5es associadas ao fotoenvelhecimento. Tamb\u00e9m pode ser usado no tratamento da hiperpigmenta\u00e7\u00e3o. Inibe a atividade da tirosinase agindo sobre o Cu2+ e impedindo a s\u00edntese de melanina.<\/span><\/p>\n<\/div>\n<div id=\"tw-target-rmn-container\" class=\"tw-target-rmn tw-ta-container F0azHf tw-nfl\">\n<pre id=\"tw-target-rmn\" class=\"tw-data-placeholder tw-text-small tw-ta\" dir=\"ltr\" data-placeholder=\"\"><\/pre>\n<\/div>\n<div class=\"iYB33c\">\n<div class=\"dlJLJe\">\n<div data-cviv=\"false\" data-ved=\"2ahUKEwiVm-fjxJz-AhUNV6QEHZurBFcQz_AEegQIBRAP\">\n<div class=\"U9URNb\"><img decoding=\"async\" id=\"dimg_3\" class=\"YQ4gaf zr758c wA1Bge\" src=\"data:image\/png;base64,iVBORw0KGgoAAAANSUhEUgAAABQAAAAUCAQAAAAngNWGAAAA\/0lEQVR4AYXNMSiEcRyA4cfmGHQbCZIipkuxnJgMStlMNmeyD2dwmc8+sZgxYJd9ErIZFHUyYYD7fkr6l4\/rnvmtl7+KitrqV\/fq2Y5eLY3Z9S48eRLe7BmVZ9qhTLhQ0algzZWQOVKSsCF8OjAnwbxDTWFDUhPK\/jMr1H6HE\/IqRky2DyvCefuwItwZzodVoYRiLqMkVCXrwpJ9twZ+sgfDYEFYl8wIWxZ9uFf7zkallxlJh4YrLGsKjZRx7VGHhLqwgFUN45DGdb8MeXGpgB4ABZdeDcpZEY51A+hyLKz4S1W4MQWm3AibWtgWmk6dyISa1pSdyWTOlLXVp0+eL9D\/ZPfBTNanAAAAAElFTkSuQmCC\" alt=\"\u00cdcone Validada pela comunidade\" width=\"16\" height=\"16\" data-atf=\"0\" data-frt=\"0\" \/><\/div>\n<\/div>\n<\/div>\n<div id=\"tw-tmenu\" class=\"tw-menu\"><\/div>\n<\/div>\n"},{"title":"Misturas possiveis","textarea":"<p><u><b>Misturas possiveis<\/b><\/u>: <i>General alopecia, <\/i><i>Revital<\/i> <i>Mix<\/i><i>, <\/i><i>3.5% <\/i><i>hy<\/i><i>-ac low viscosity solution, 3.5% <\/i><i>hy<\/i><i>-ac Ultra low viscosity solution, 2% <\/i><i>hy<\/i><i>-ac low viscosity solution, Miami Skin<\/i><\/p>\n"},{"title":"Protocolos de tratamentos","textarea":"<p><strong>Regras gerais<\/strong><\/p>\n<p>&nbsp;<\/p>\n<p>Passo 1: Lave a pele com um gel de limpeza transparente e seque. N\u00e3o use um creme, lo\u00e7\u00e3o ou limpador perolado, que pode deixar res\u00edduos.<\/p>\n<p>&nbsp;<\/p>\n<p>Passo 2: Desinfete a \u00e1rea com clorexidina ou similar<\/p>\n<p>&nbsp;<\/p>\n<p>Passo 3: Aplique uma pequena quantidade do produto em uma compressa de gaze e espalhe sobre a \u00e1rea desejada (ou use um pincel leque) se estiver usando mesoterapia virtual ou encha a seringa com o produto se estiver usando mesoterapia cl\u00e1ssica.<\/p>\n<p>&nbsp;<\/p>\n<p>Etapa 4: percorra a \u00e1rea com o instrumento seguindo as instru\u00e7\u00f5es do fabricante<\/p>\n<p>&nbsp;<\/p>\n<p>Passo 5: Reaplique a solu\u00e7\u00e3o conforme necess\u00e1rio para cobrir toda a \u00e1rea at\u00e9 que a pele esteja levemente \u00famida (no caso de mesoterapia virtual)<\/p>\n<p>&nbsp;<\/p>\n<p>Passo 6: Repita o passo 4.<\/p>\n<p>&nbsp;<\/p>\n<p>Etapa 7: enx\u00e1gue a solu\u00e7\u00e3o restante com \u00e1gua fria por 30 segundos. Seque suavemente a pele e aplique o soro hialur\u00f4nico hidratante p\u00f3s-peeling\/24 para nutrir a pele com ingredientes antienvelhecimento.<\/p>\n<p>&nbsp;<\/p>\n<p>PROTOCOLO MESO: Profundidade recomendada por \u00e1rea:<\/p>\n<p>Frente &#8230;&#8230;&#8230;&#8230;&#8230;&#8230;&#8230;&#8230;&#8230;&#8230;. 1-1,5 mm<\/p>\n<p>Bochechas &#8230;&#8230;&#8230;&#8230;&#8230;&#8230;&#8230;&#8230; 1,5-2,5 mm<\/p>\n<p>Linha do maxilar e queixo .1-1,5 mm<\/p>\n<p>M\u00e3os &#8230;&#8230;&#8230;&#8230;&#8230;&#8230;&#8230;&#8230;&#8230;&#8230;.. 1-2 mm<\/p>\n<p>Tempo recomendado por \u00e1rea usando sistemas de aplica\u00e7\u00e3o transd\u00e9rmica (eletropora\u00e7\u00e3o, iontoforese, ultrassom, correntes galv\u00e2nicas, correntes cont\u00ednuas, radiofrequ\u00eancia, termoterapia)<\/p>\n<p>Rosto, queixo e decote &#8230;&#8230;&#8230;.. 5 minutos<\/p>\n<p>M\u00e3os &#8230;&#8230;&#8230;&#8230;&#8230;&#8230;&#8230;&#8230;&#8230;&#8230;&#8230;&#8230;&#8230; 5 minutos<\/p>\n<p>Tempo recomendado entre as sess\u00f5es<\/p>\n<p>Usando TDS &#8230;&#8230;&#8230;&#8230;&#8230;&#8230;&#8230;&#8230;&#8230;&#8230;&#8230;&#8230;&#8230;&#8230;&#8230;&#8230; intervalos de 6 a 7 dias<\/p>\n<p>Usando meso-caneta ou meso-rolo &#8230;&#8230;&#8230;.. intervalo de 7 a 10 dias<\/p>\n<p>Tradicional &#8230;&#8230;&#8230;&#8230;&#8230;&#8230;&#8230;&#8230;&#8230;&#8230;&#8230;&#8230;&#8230;&#8230;&#8230;&#8230;.. intervalo de 7 a 10 dias<\/p>\n<p>N\u00famero de sess\u00f5es<\/p>\n<p>Iniciando o tratamento &#8230;&#8230;&#8230;&#8230;&#8230;&#8230;&#8230;.. 4-5<\/p>\n<p>Manuten\u00e7\u00e3o &#8230;&#8230;&#8230;&#8230;&#8230;&#8230;&#8230;&#8230;&#8230;&#8230;&#8230;&#8230;&#8230; a cada 3-4 meses<\/p>\n"}],"download_file":false}},"_links":{"self":[{"href":"http:\/\/www.therapmedic.com\/pt-pt\/wp-json\/wp\/v2\/product\/3387","targetHints":{"allow":["GET"]}}],"collection":[{"href":"http:\/\/www.therapmedic.com\/pt-pt\/wp-json\/wp\/v2\/product"}],"about":[{"href":"http:\/\/www.therapmedic.com\/pt-pt\/wp-json\/wp\/v2\/types\/product"}],"wp:featuredmedia":[{"embeddable":true,"href":"http:\/\/www.therapmedic.com\/pt-pt\/wp-json\/wp\/v2\/media\/3388"}],"wp:attachment":[{"href":"http:\/\/www.therapmedic.com\/pt-pt\/wp-json\/wp\/v2\/media?parent=3387"}],"wp:term":[{"taxonomy":"product_brand","embeddable":true,"href":"http:\/\/www.therapmedic.com\/pt-pt\/wp-json\/wp\/v2\/product_brand?post=3387"},{"taxonomy":"product_cat","embeddable":true,"href":"http:\/\/www.therapmedic.com\/pt-pt\/wp-json\/wp\/v2\/product_cat?post=3387"},{"taxonomy":"product_tag","embeddable":true,"href":"http:\/\/www.therapmedic.com\/pt-pt\/wp-json\/wp\/v2\/product_tag?post=3387"}],"curies":[{"name":"wp","href":"https:\/\/api.w.org\/{rel}","templated":true}]}}