{"id":1960,"date":"2022-12-28T11:38:06","date_gmt":"2022-12-28T11:38:06","guid":{"rendered":"https:\/\/www.therapmedic.com\/?post_type=product&#038;p=1960"},"modified":"2026-05-11T16:22:23","modified_gmt":"2026-05-11T16:22:23","slug":"malic-acid-peeling","status":"publish","type":"product","link":"http:\/\/www.therapmedic.com\/pt-pt\/produto\/malic-acid-peeling\/","title":{"rendered":"Peeling de Acido M\u00e1lico (Ma\u00e7\u00e3)"},"content":{"rendered":"<p><b><i>AHA Peeling <\/i><\/b><b><i>M\u00e1lico<\/i><\/b> (Peeling de ma\u00e7\u00e3) &#8211; aumentar a produ\u00e7\u00e3o de col\u00e1geno, restaurar a vitalidade da pele<\/p>\n<p>O \u00e1cido m\u00e1lico \u00e9 uma subst\u00e2ncia encontrada naturalmente em ma\u00e7\u00e3s e peras. Esta casca \u00e9 o mesmo tipo de casca levemente invasiva derivada de extratos de ma\u00e7\u00e3s. Pode abrir os poros, permitir que os poros expelem o sebo e reduzir o acne. <b>Este <\/b><b>peeling<\/b><b> qu\u00edmico pode ser usado no ver\u00e3o!<\/b><\/p>\n<p>Apresenta\u00e7\u00e3o: Frasco de 50 ml<\/p>\n<p>O pre\u00e7o apresentado \u00e9 por frasco.<\/p>\n","protected":false},"excerpt":{"rendered":"<p>AHA Peeling M\u00e1lico (Peeling de ma\u00e7\u00e3) &#8211; aumentar a produ\u00e7\u00e3o de col\u00e1geno, restaurar a vitalidade da pele O \u00e1cido m\u00e1lico \u00e9 uma subst\u00e2ncia encontrada naturalmente em ma\u00e7\u00e3s e peras. Esta casca \u00e9 o mesmo tipo de casca levemente invasiva derivada de extratos de ma\u00e7\u00e3s. Pode abrir os poros, permitir que os poros expelem o sebo [&hellip;]<\/p>\n","protected":false},"featured_media":9000,"template":"","meta":[],"product_brand":[],"product_cat":[966,1249,969,1257,975,1259,1024,1026,1028,1040,1060,1096,1101,1111,1139,1163,1165,1233,15,1235],"product_tag":[],"class_list":{"0":"post-1960","1":"product","2":"type-product","3":"status-publish","4":"has-post-thumbnail","6":"product_cat-peelings-pt-pt","7":"product_cat-decote","8":"product_cat-aha-pt-pt","9":"product_cat-melasmas-manchas-castanhas-pt-pt-5","10":"product_cat-peelings-de-acido-malico","11":"product_cat-pele-flacida-pt-pt-7","12":"product_cat-areas-de-tratamentos-vs-produtos-tratamentos-com-equipamentos","13":"product_cat-bracos","14":"product_cat-pele-envelhecida","15":"product_cat-corpo","16":"product_cat-pele-aspera","17":"product_cat-cara","18":"product_cat-pele-envelhecida-pt-pt","19":"product_cat-rugas-profundas","20":"product_cat-pele-aspera-pt-pt","21":"product_cat-manos","22":"product_cat-pele-envelhecida-pt-pt-2","23":"product_cat-pescoco","24":"product_cat-uncategorized","25":"product_cat-pele-envelhecida-pt-pt-3","27":"first","28":"instock","29":"taxable","30":"shipping-taxable","31":"purchasable","32":"product-type-simple"},"acf":{"display":[],"short_name":"","display_equipment_products":[],"short_name_equipment_products":"","confidential_information":{"text_block":false,"download_file":false}},"_links":{"self":[{"href":"http:\/\/www.therapmedic.com\/pt-pt\/wp-json\/wp\/v2\/product\/1960","targetHints":{"allow":["GET"]}}],"collection":[{"href":"http:\/\/www.therapmedic.com\/pt-pt\/wp-json\/wp\/v2\/product"}],"about":[{"href":"http:\/\/www.therapmedic.com\/pt-pt\/wp-json\/wp\/v2\/types\/product"}],"wp:featuredmedia":[{"embeddable":true,"href":"http:\/\/www.therapmedic.com\/pt-pt\/wp-json\/wp\/v2\/media\/9000"}],"wp:attachment":[{"href":"http:\/\/www.therapmedic.com\/pt-pt\/wp-json\/wp\/v2\/media?parent=1960"}],"wp:term":[{"taxonomy":"product_brand","embeddable":true,"href":"http:\/\/www.therapmedic.com\/pt-pt\/wp-json\/wp\/v2\/product_brand?post=1960"},{"taxonomy":"product_cat","embeddable":true,"href":"http:\/\/www.therapmedic.com\/pt-pt\/wp-json\/wp\/v2\/product_cat?post=1960"},{"taxonomy":"product_tag","embeddable":true,"href":"http:\/\/www.therapmedic.com\/pt-pt\/wp-json\/wp\/v2\/product_tag?post=1960"}],"curies":[{"name":"wp","href":"https:\/\/api.w.org\/{rel}","templated":true}]}}