{"id":1957,"date":"2022-12-28T11:19:37","date_gmt":"2022-12-28T11:19:37","guid":{"rendered":"https:\/\/www.therapmedic.com\/?post_type=product&#038;p=1957"},"modified":"2024-01-01T00:00:19","modified_gmt":"2024-01-01T00:00:19","slug":"mandelic-acid-peeling-at-40","status":"publish","type":"product","link":"http:\/\/www.therapmedic.com\/pt-pt\/produto\/mandelic-acid-peeling-at-40\/","title":{"rendered":"Peeling de Acido Mand\u00e9lico a 40%"},"content":{"rendered":"<p><b><i>AHA 40% Peeling <\/i><\/b><b><i>Mand\u00e9lico<\/i><\/b> \u2013 Peeling suave para Pele com tend\u00eancia a acne, hiperpigmenta\u00e7\u00e3o e para p\u00f3s-acne<\/p>\n<p>O \u00e1cido mand\u00e9lico (de am\u00eandoas) \u00e9 um AHA mais fraco do que o \u00e1cido glic\u00f3lico. Pode ser usado no tratamento de linhas finas e rugas, cicatriz de acne e controle de oleosidade.<\/p>\n<p><b>Este <\/b><b>peeling<\/b><b> qu\u00edmico pode ser usado no ver\u00e3o!!!<\/b><\/p>\n<p>Apresenta\u00e7\u00e3o: Frasco com 50 mL (1,76 fl.oz)<\/p>\n<p>O pre\u00e7o apresentado \u00e9 por frasco.<\/p>\n","protected":false},"excerpt":{"rendered":"<p>AHA 40% Peeling Mand\u00e9lico \u2013 Peeling suave para Pele com tend\u00eancia a acne, hiperpigmenta\u00e7\u00e3o e para p\u00f3s-acne O \u00e1cido mand\u00e9lico (de am\u00eandoas) \u00e9 um AHA mais fraco do que o \u00e1cido glic\u00f3lico. Pode ser usado no tratamento de linhas finas e rugas, cicatriz de acne e controle de oleosidade. Este peeling qu\u00edmico pode ser usado [&hellip;]<\/p>\n","protected":false},"featured_media":1958,"template":"","meta":[],"product_brand":[],"product_cat":[1068,1235,1084,1241,1096,1249,1101,1257,15,1113,966,1131,969,1143,977,1149,1024,1163,1026,1165,1028,1171,1036,1173,1040,1175,1044,1213,1054,1219,1066,1233],"product_tag":[],"class_list":{"0":"post-1957","1":"product","2":"type-product","3":"status-publish","4":"has-post-thumbnail","6":"product_cat-gluteos","7":"product_cat-pele-envelhecida-pt-pt-3","8":"product_cat-melasmas-manchas-castanhas-pt-pt-2","9":"product_cat-melasmas-manchas-castanahs","10":"product_cat-cara","11":"product_cat-decote","12":"product_cat-pele-envelhecida-pt-pt","13":"product_cat-melasmas-manchas-castanhas-pt-pt-5","14":"product_cat-uncategorized","15":"product_cat-diferentes-tons-de-pele-pt-pt","16":"product_cat-peelings-pt-pt","17":"product_cat-melasmas-manchas-castanhas-hiperpigmentacao","18":"product_cat-aha-pt-pt","19":"product_cat-branqueamento-da-pele","20":"product_cat-peelings-de-acido-mandelico","21":"product_cat-pele-cansada-entoxicada","22":"product_cat-areas-de-tratamentos-vs-produtos-tratamentos-com-equipamentos","23":"product_cat-manos","24":"product_cat-bracos","25":"product_cat-pele-envelhecida-pt-pt-2","26":"product_cat-pele-envelhecida","27":"product_cat-melasmas-manchas-castanhas-pt-pt-3","28":"product_cat-melasmas-manchas-castanhas","29":"product_cat-pele-flacida-pt-pt-4","30":"product_cat-corpo","31":"product_cat-pele-cansada-entoxicada-pt-pt","32":"product_cat-diferentes-tons-de-pele","33":"product_cat-pernas","34":"product_cat-melasmas-manchas-castanhas-pt-pt","35":"product_cat-melasmas-manchas-castanhas-pt-pt-4","36":"product_cat-pele-cansada-toxificada","37":"product_cat-pescoco","39":"first","40":"instock","41":"taxable","42":"shipping-taxable","43":"purchasable","44":"product-type-simple"},"acf":{"display":[],"short_name":"","display_equipment_products":[],"short_name_equipment_products":"","confidential_information":{"text_block":false,"download_file":false}},"_links":{"self":[{"href":"http:\/\/www.therapmedic.com\/pt-pt\/wp-json\/wp\/v2\/product\/1957","targetHints":{"allow":["GET"]}}],"collection":[{"href":"http:\/\/www.therapmedic.com\/pt-pt\/wp-json\/wp\/v2\/product"}],"about":[{"href":"http:\/\/www.therapmedic.com\/pt-pt\/wp-json\/wp\/v2\/types\/product"}],"wp:featuredmedia":[{"embeddable":true,"href":"http:\/\/www.therapmedic.com\/pt-pt\/wp-json\/wp\/v2\/media\/1958"}],"wp:attachment":[{"href":"http:\/\/www.therapmedic.com\/pt-pt\/wp-json\/wp\/v2\/media?parent=1957"}],"wp:term":[{"taxonomy":"product_brand","embeddable":true,"href":"http:\/\/www.therapmedic.com\/pt-pt\/wp-json\/wp\/v2\/product_brand?post=1957"},{"taxonomy":"product_cat","embeddable":true,"href":"http:\/\/www.therapmedic.com\/pt-pt\/wp-json\/wp\/v2\/product_cat?post=1957"},{"taxonomy":"product_tag","embeddable":true,"href":"http:\/\/www.therapmedic.com\/pt-pt\/wp-json\/wp\/v2\/product_tag?post=1957"}],"curies":[{"name":"wp","href":"https:\/\/api.w.org\/{rel}","templated":true}]}}