{"id":1949,"date":"2022-12-28T10:49:06","date_gmt":"2022-12-28T10:49:06","guid":{"rendered":"https:\/\/www.therapmedic.com\/?post_type=product&#038;p=1949"},"modified":"2024-01-01T00:00:21","modified_gmt":"2024-01-01T00:00:21","slug":"lactic-acid-peeling-at-30","status":"publish","type":"product","link":"http:\/\/www.therapmedic.com\/pt-pt\/produto\/lactic-acid-peeling-at-30\/","title":{"rendered":"Peeling de Acido L\u00e1tico a 30%"},"content":{"rendered":"<p>AHA &#8211; Lactic Acid Peeling at 30% &#8211;\u00a0Peeling suave para pele estragada pelo sol, manchas<\/p>\n<p>O \u00e1cido l\u00e1ctico (do leite azedo) \u00e9 um dos \u00e1cidos usados nas cascas modernas de AHA. \u00c9 menos irritante do que outros AHAs. Ele pode ser usado para tratar a pigmenta\u00e7\u00e3o, pele seca ou desidratada, pele sens\u00edvel. <u><b><i>N\u00e3o use no ver\u00e3o.<\/i><\/b><\/u><\/p>\n<p>Apresenta\u00e7\u00e3o: Frasco com 50 mL (1,76 fl.oz)<\/p>\n<p>O pre\u00e7o apresentado \u00e9 por frasco.<\/p>\n","protected":false},"excerpt":{"rendered":"<p>AHA &#8211; Lactic Acid Peeling at 30% &#8211;\u00a0Peeling suave para pele estragada pelo sol, manchas O \u00e1cido l\u00e1ctico (do leite azedo) \u00e9 um dos \u00e1cidos usados nas cascas modernas de AHA. \u00c9 menos irritante do que outros AHAs. Ele pode ser usado para tratar a pigmenta\u00e7\u00e3o, pele seca ou desidratada, pele sens\u00edvel. N\u00e3o use no [&hellip;]<\/p>\n","protected":false},"featured_media":1951,"template":"","meta":[],"product_brand":[],"product_cat":[1040,1044,1096,1099,1111,1113,1133,1163,1177,1233,1247,15,1249,966,1259,969,973,1024],"product_tag":[],"class_list":{"0":"post-1949","1":"product","2":"type-product","3":"status-publish","4":"has-post-thumbnail","6":"product_cat-corpo","7":"product_cat-diferentes-tons-de-pele","8":"product_cat-cara","9":"product_cat-acne-pt-pt","10":"product_cat-rugas-profundas","11":"product_cat-diferentes-tons-de-pele-pt-pt","12":"product_cat-pele-oleosa","13":"product_cat-manos","14":"product_cat-rugas","15":"product_cat-pescoco","16":"product_cat-rugas-pt-pt","17":"product_cat-uncategorized","18":"product_cat-decote","19":"product_cat-peelings-pt-pt","20":"product_cat-pele-flacida-pt-pt-7","21":"product_cat-aha-pt-pt","22":"product_cat-peelings-de-acido-latico","23":"product_cat-areas-de-tratamentos-vs-produtos-tratamentos-com-equipamentos","25":"first","26":"instock","27":"taxable","28":"shipping-taxable","29":"purchasable","30":"product-type-simple"},"acf":{"display":[],"short_name":"","display_equipment_products":[],"short_name_equipment_products":"","confidential_information":{"text_block":false,"download_file":false}},"_links":{"self":[{"href":"http:\/\/www.therapmedic.com\/pt-pt\/wp-json\/wp\/v2\/product\/1949","targetHints":{"allow":["GET"]}}],"collection":[{"href":"http:\/\/www.therapmedic.com\/pt-pt\/wp-json\/wp\/v2\/product"}],"about":[{"href":"http:\/\/www.therapmedic.com\/pt-pt\/wp-json\/wp\/v2\/types\/product"}],"wp:featuredmedia":[{"embeddable":true,"href":"http:\/\/www.therapmedic.com\/pt-pt\/wp-json\/wp\/v2\/media\/1951"}],"wp:attachment":[{"href":"http:\/\/www.therapmedic.com\/pt-pt\/wp-json\/wp\/v2\/media?parent=1949"}],"wp:term":[{"taxonomy":"product_brand","embeddable":true,"href":"http:\/\/www.therapmedic.com\/pt-pt\/wp-json\/wp\/v2\/product_brand?post=1949"},{"taxonomy":"product_cat","embeddable":true,"href":"http:\/\/www.therapmedic.com\/pt-pt\/wp-json\/wp\/v2\/product_cat?post=1949"},{"taxonomy":"product_tag","embeddable":true,"href":"http:\/\/www.therapmedic.com\/pt-pt\/wp-json\/wp\/v2\/product_tag?post=1949"}],"curies":[{"name":"wp","href":"https:\/\/api.w.org\/{rel}","templated":true}]}}