{"id":1942,"date":"2022-12-26T16:30:31","date_gmt":"2022-12-26T16:30:31","guid":{"rendered":"https:\/\/www.therapmedic.com\/?post_type=product&#038;p=1942"},"modified":"2024-01-01T00:00:23","modified_gmt":"2024-01-01T00:00:23","slug":"glicolic-acid-peeling-at-20","status":"publish","type":"product","link":"http:\/\/www.therapmedic.com\/pt-pt\/produto\/glicolic-acid-peeling-at-20\/","title":{"rendered":"Peeling de Acido Glic\u00f3lico a 20%"},"content":{"rendered":"<p><strong>AHA 20% Peeling Glic\u00f3lico \u2013 Exfoliador<\/strong><\/p>\n<p>Quanto mais baixo o pH, mais profundo \u00e9 o peeling<\/p>\n<p>O \u00e1cido glic\u00f3lico (da cana-de-a\u00e7\u00facar) \u00e9 o agente de peeling mais comum. Pode ser usado no tratamento de linhas finas e rugas, danos causados pelo sol, melhora da textura da pele, brilho da Pele. <u><b><i>N\u00e3o use no ver\u00e3o.<\/i><\/b><\/u><\/p>\n<p>O \u00e1cido glic\u00f3lico (GA) obtido da cana-de-a\u00e7\u00facar \u00e9 usado na casca de alfa-hidroxi\u00e1cido mais comum. GA tem o menor peso molecular entre todos os alfa-hidroxi\u00e1cidos. Penetra na pele facilmente, tornando-se um agente de peeling popular. Os peelings de GA t\u00eam efeitos anti inflamat\u00f3rios, ceratol\u00edticos e antioxidantes. O GA tem como alvo o corneossoma aumentando a degrada\u00e7\u00e3o e diminuindo a coes\u00e3o, causando descama\u00e7\u00e3o.<\/p>\n<p>Apresenta\u00e7\u00e3o: Frasco com 50 mL (1,76 fl.oz)<\/p>\n<p>O pre\u00e7o apresentado \u00e9 por frasco.<\/p>\n","protected":false},"excerpt":{"rendered":"<p>AHA 20% Peeling Glic\u00f3lico \u2013 Exfoliador Quanto mais baixo o pH, mais profundo \u00e9 o peeling O \u00e1cido glic\u00f3lico (da cana-de-a\u00e7\u00facar) \u00e9 o agente de peeling mais comum. Pode ser usado no tratamento de linhas finas e rugas, danos causados pelo sol, melhora da textura da pele, brilho da Pele. N\u00e3o use no ver\u00e3o. O [&hellip;]<\/p>\n","protected":false},"featured_media":1943,"template":"","meta":[],"product_brand":[],"product_cat":[15,1169,966,1175,969,1233,977,1239,1024,1249,1040,1251,1044,1255,1066,1068,1082,1096,1113,1121,1129,1149,1163],"product_tag":[],"class_list":{"0":"post-1942","1":"product","2":"type-product","3":"status-publish","4":"has-post-thumbnail","6":"product_cat-uncategorized","7":"product_cat-pouca-elasticidade-pt-pt-3","8":"product_cat-peelings-pt-pt","9":"product_cat-pele-cansada-entoxicada-pt-pt","10":"product_cat-aha-pt-pt","11":"product_cat-pescoco","12":"product_cat-peelings-de-acido-mandelico","13":"product_cat-pouca-elasticidade-pt-pt-4","14":"product_cat-areas-de-tratamentos-vs-produtos-tratamentos-com-equipamentos","15":"product_cat-decote","16":"product_cat-corpo","17":"product_cat-pele-envelhecida-pt-pt-4","18":"product_cat-diferentes-tons-de-pele","19":"product_cat-pouca-elasticidade-pt-pt-5","20":"product_cat-pele-cansada-toxificada","21":"product_cat-gluteos","22":"product_cat-pouca-elasticidade-pt-pt","23":"product_cat-cara","24":"product_cat-diferentes-tons-de-pele-pt-pt","25":"product_cat-estiramento-da-pele-do-rosto-lifting-facial","26":"product_cat-pouca-elasticidade-pt-pt-2","27":"product_cat-pele-cansada-entoxicada","28":"product_cat-manos","30":"first","31":"instock","32":"taxable","33":"shipping-taxable","34":"purchasable","35":"product-type-simple"},"acf":{"display":[],"short_name":"","display_equipment_products":[],"short_name_equipment_products":"","confidential_information":{"text_block":false,"download_file":false}},"_links":{"self":[{"href":"http:\/\/www.therapmedic.com\/pt-pt\/wp-json\/wp\/v2\/product\/1942","targetHints":{"allow":["GET"]}}],"collection":[{"href":"http:\/\/www.therapmedic.com\/pt-pt\/wp-json\/wp\/v2\/product"}],"about":[{"href":"http:\/\/www.therapmedic.com\/pt-pt\/wp-json\/wp\/v2\/types\/product"}],"wp:featuredmedia":[{"embeddable":true,"href":"http:\/\/www.therapmedic.com\/pt-pt\/wp-json\/wp\/v2\/media\/1943"}],"wp:attachment":[{"href":"http:\/\/www.therapmedic.com\/pt-pt\/wp-json\/wp\/v2\/media?parent=1942"}],"wp:term":[{"taxonomy":"product_brand","embeddable":true,"href":"http:\/\/www.therapmedic.com\/pt-pt\/wp-json\/wp\/v2\/product_brand?post=1942"},{"taxonomy":"product_cat","embeddable":true,"href":"http:\/\/www.therapmedic.com\/pt-pt\/wp-json\/wp\/v2\/product_cat?post=1942"},{"taxonomy":"product_tag","embeddable":true,"href":"http:\/\/www.therapmedic.com\/pt-pt\/wp-json\/wp\/v2\/product_tag?post=1942"}],"curies":[{"name":"wp","href":"https:\/\/api.w.org\/{rel}","templated":true}]}}