{"id":1918,"date":"2022-12-19T10:08:04","date_gmt":"2022-12-19T10:08:04","guid":{"rendered":"https:\/\/www.therapmedic.com\/?post_type=product&#038;p=1918"},"modified":"2024-01-01T00:00:25","modified_gmt":"2024-01-01T00:00:25","slug":"flexus-ginastica-passiva-com-ondas-de-choque-electromagneticas-de-alto-impacto-ems","status":"publish","type":"product","link":"http:\/\/www.therapmedic.com\/pt-pt\/produto\/flexus-ginastica-passiva-com-ondas-de-choque-electromagneticas-de-alto-impacto-ems\/","title":{"rendered":"Flexus &#8211; Gin\u00e1stica Passiva com ondas de choque electromagn\u00e9ticas de alto impacto (EMS)"},"content":{"rendered":"<p><b>TherapDerma<\/b> <b>Flexus &#8211;\u00a0<\/b>Gin\u00e1stica passiva com ondas de choque eletromagn\u00e9ticas de alto impacto<\/p>\n<p>TherapDerma Flexus \u00e9 um equipamento de Alta Intensidade Electromagn\u00e9tica que serve para estimular os m\u00fasculos dos abdominais, bra\u00e7os, n\u00e1degas e coxas. Ao estimular os m\u00fasculos o corpo consome gordura acumulada. Apenas 30 minutos de estimula\u00e7\u00e3o s\u00e3o equivalentes a 5,5horas de exerc\u00edcio f\u00edsico.<\/p>\n<p>Para os seus clientes que n\u00e3o t\u00eam tanto tempo assim para ir ao gin\u00e1sio, o Flexus pode moldear e tonificar os m\u00fasculos e dar ao corpo o aspeto atl\u00e9tico que todos n\u00f3s sonhamos em ter.<\/p>\n","protected":false},"excerpt":{"rendered":"<p>TherapDerma Flexus &#8211;\u00a0Gin\u00e1stica passiva com ondas de choque eletromagn\u00e9ticas de alto impacto TherapDerma Flexus \u00e9 um equipamento de Alta Intensidade Electromagn\u00e9tica que serve para estimular os m\u00fasculos dos abdominais, bra\u00e7os, n\u00e1degas e coxas. Ao estimular os m\u00fasculos o corpo consome gordura acumulada. Apenas 30 minutos de estimula\u00e7\u00e3o s\u00e3o equivalentes a 5,5horas de exerc\u00edcio f\u00edsico. Para [&hellip;]<\/p>\n","protected":false},"featured_media":1936,"template":"","meta":[],"product_brand":[],"product_cat":[1058,1068,1074,1080,1213,1215,1217,924,934,1024,1026,1032,1040,1050],"product_tag":[],"class_list":{"0":"post-1918","1":"product","2":"type-product","3":"status-publish","4":"has-post-thumbnail","6":"product_cat-remoldeamento-da-silhueta","7":"product_cat-gluteos","8":"product_cat-tonificacao-de-gluteos","9":"product_cat-gluteos-facidos-e-caidos","10":"product_cat-pernas","11":"product_cat-adiposidade-entre-as-pernas","12":"product_cat-celulite-pt-pt-3","13":"product_cat-equipamentos","14":"product_cat-ginastica-passiva","15":"product_cat-areas-de-tratamentos-vs-produtos-tratamentos-com-equipamentos","16":"product_cat-bracos","17":"product_cat-adiposidade-nos-antebracos","18":"product_cat-corpo","19":"product_cat-adiposidade-localizada","21":"first","22":"instock","23":"taxable","24":"shipping-taxable","25":"purchasable","26":"product-type-simple"},"acf":{"display":[],"short_name":"","display_equipment_products":[],"short_name_equipment_products":"","confidential_information":{"text_block":false,"download_file":false}},"_links":{"self":[{"href":"http:\/\/www.therapmedic.com\/pt-pt\/wp-json\/wp\/v2\/product\/1918","targetHints":{"allow":["GET"]}}],"collection":[{"href":"http:\/\/www.therapmedic.com\/pt-pt\/wp-json\/wp\/v2\/product"}],"about":[{"href":"http:\/\/www.therapmedic.com\/pt-pt\/wp-json\/wp\/v2\/types\/product"}],"wp:featuredmedia":[{"embeddable":true,"href":"http:\/\/www.therapmedic.com\/pt-pt\/wp-json\/wp\/v2\/media\/1936"}],"wp:attachment":[{"href":"http:\/\/www.therapmedic.com\/pt-pt\/wp-json\/wp\/v2\/media?parent=1918"}],"wp:term":[{"taxonomy":"product_brand","embeddable":true,"href":"http:\/\/www.therapmedic.com\/pt-pt\/wp-json\/wp\/v2\/product_brand?post=1918"},{"taxonomy":"product_cat","embeddable":true,"href":"http:\/\/www.therapmedic.com\/pt-pt\/wp-json\/wp\/v2\/product_cat?post=1918"},{"taxonomy":"product_tag","embeddable":true,"href":"http:\/\/www.therapmedic.com\/pt-pt\/wp-json\/wp\/v2\/product_tag?post=1918"}],"curies":[{"name":"wp","href":"https:\/\/api.w.org\/{rel}","templated":true}]}}