{"id":1909,"date":"2022-12-17T11:56:40","date_gmt":"2022-12-17T11:56:40","guid":{"rendered":"https:\/\/www.therapmedic.com\/?post_type=product&#038;p=1909"},"modified":"2024-05-01T00:00:38","modified_gmt":"2024-05-01T00:00:38","slug":"silk-hidrafacial-com-radio-frequencia","status":"publish","type":"product","link":"http:\/\/www.therapmedic.com\/pt-pt\/produto\/silk-hidrafacial-com-radio-frequencia\/","title":{"rendered":"Silk &#8211; Microdermo abras\u00e3o Hidrafacial com Radio frequ\u00eancia"},"content":{"rendered":"<p><b>TherapDerma<\/b> <b>Silk<\/b> <b>Hydrafacial<\/b><\/p>\n<p>TherapDerma Silk Hydrafacial faz tratamentos indolores. A parte do funil do fol\u00edculo piloso \u00e9 aberta e atrav\u00e9s de suc\u00e7\u00e3o remove os res\u00edduos metab\u00f3licos cut\u00e2neos da pele, ao mesmo tempo que fornece nutrientes adequados e duradouros para a pele. \u00c9 um procedimento de manuten\u00e7\u00e3o da pele<\/p>\n<p>TherapDerma Silk Hydrafacial pode tornar os \u00e1tomos das mol\u00e9culas de \u00e1gua menores e o oxig\u00eanio mais f\u00e1cil de se dissolver na lacuna entre os \u00e1tomos. O circuito de v\u00e1cuo \u00e9 formado pela press\u00e3o negativa de v\u00e1cuo. A cabe\u00e7a de suc\u00e7\u00e3o em espiral, especialmente projetada, atua diretamente na pele e promove o efeito de descama\u00e7\u00e3o.<\/p>\n","protected":false},"excerpt":{"rendered":"<p>TherapDerma Silk Hydrafacial TherapDerma Silk Hydrafacial faz tratamentos indolores. A parte do funil do fol\u00edculo piloso \u00e9 aberta e atrav\u00e9s de suc\u00e7\u00e3o remove os res\u00edduos metab\u00f3licos cut\u00e2neos da pele, ao mesmo tempo que fornece nutrientes adequados e duradouros para a pele. \u00c9 um procedimento de manuten\u00e7\u00e3o da pele TherapDerma Silk Hydrafacial pode tornar os \u00e1tomos [&hellip;]<\/p>\n","protected":false},"featured_media":1911,"template":"","meta":[],"product_brand":[],"product_cat":[1129,15,1139,924,1141,938,1155,940,1233,942,1235,1024,1239,1096,1243,1101,1247,1105,1249,1107,1251,1115,1255,1117,1259,1121,1263,1123,1127],"product_tag":[],"class_list":{"0":"post-1909","1":"product","2":"type-product","3":"status-publish","4":"has-post-thumbnail","6":"product_cat-pouca-elasticidade-pt-pt-2","7":"product_cat-uncategorized","8":"product_cat-pele-aspera-pt-pt","9":"product_cat-equipamentos","10":"product_cat-pele-flacida-pt-pt-3","11":"product_cat-multifuncional","12":"product_cat-rugas-por-cima-do-labio-superior-codigo-de-barras","13":"product_cat-radiofrequencia","14":"product_cat-pescoco","15":"product_cat-cuidados-de-pele-pt-pt","16":"product_cat-pele-envelhecida-pt-pt-3","17":"product_cat-areas-de-tratamentos-vs-produtos-tratamentos-com-equipamentos","18":"product_cat-pouca-elasticidade-pt-pt-4","19":"product_cat-cara","20":"product_cat-pele-flacida-pt-pt-6","21":"product_cat-pele-envelhecida-pt-pt","22":"product_cat-rugas-pt-pt","23":"product_cat-pontos-negros","24":"product_cat-decote","25":"product_cat-rejuvenescimento-facial-completo","26":"product_cat-pele-envelhecida-pt-pt-4","27":"product_cat-queixo-duplo-papada","28":"product_cat-pouca-elasticidade-pt-pt-5","29":"product_cat-secura-pele-desidratada-pt-pt","30":"product_cat-pele-flacida-pt-pt-7","31":"product_cat-estiramento-da-pele-do-rosto-lifting-facial","32":"product_cat-rugas-pt-pt-2","33":"product_cat-rugas-na-testa","34":"product_cat-melhoria-do-contorno-facial","36":"first","37":"instock","38":"taxable","39":"shipping-taxable","40":"purchasable","41":"product-type-simple"},"acf":{"display":[],"short_name":"","display_equipment_products":["home"],"short_name_equipment_products":"","confidential_information":{"text_block":false,"download_file":false}},"_links":{"self":[{"href":"http:\/\/www.therapmedic.com\/pt-pt\/wp-json\/wp\/v2\/product\/1909","targetHints":{"allow":["GET"]}}],"collection":[{"href":"http:\/\/www.therapmedic.com\/pt-pt\/wp-json\/wp\/v2\/product"}],"about":[{"href":"http:\/\/www.therapmedic.com\/pt-pt\/wp-json\/wp\/v2\/types\/product"}],"wp:featuredmedia":[{"embeddable":true,"href":"http:\/\/www.therapmedic.com\/pt-pt\/wp-json\/wp\/v2\/media\/1911"}],"wp:attachment":[{"href":"http:\/\/www.therapmedic.com\/pt-pt\/wp-json\/wp\/v2\/media?parent=1909"}],"wp:term":[{"taxonomy":"product_brand","embeddable":true,"href":"http:\/\/www.therapmedic.com\/pt-pt\/wp-json\/wp\/v2\/product_brand?post=1909"},{"taxonomy":"product_cat","embeddable":true,"href":"http:\/\/www.therapmedic.com\/pt-pt\/wp-json\/wp\/v2\/product_cat?post=1909"},{"taxonomy":"product_tag","embeddable":true,"href":"http:\/\/www.therapmedic.com\/pt-pt\/wp-json\/wp\/v2\/product_tag?post=1909"}],"curies":[{"name":"wp","href":"https:\/\/api.w.org\/{rel}","templated":true}]}}