{"id":1899,"date":"2022-12-17T11:40:45","date_gmt":"2022-12-17T11:40:45","guid":{"rendered":"https:\/\/www.therapmedic.com\/?post_type=product&#038;p=1899"},"modified":"2024-01-01T00:00:26","modified_gmt":"2024-01-01T00:00:26","slug":"clairs-eliminacao-de-pontos-negros","status":"publish","type":"product","link":"http:\/\/www.therapmedic.com\/pt-pt\/produto\/clairs-eliminacao-de-pontos-negros\/","title":{"rendered":"Clairs &#8211; Elimina\u00e7\u00e3o de Pontos negros"},"content":{"rendered":"<p><b>TherapDerma<\/b> <b>Clairs para elimina\u00e7\u00e3o de pontos negros de forma f\u00e1cil e segura<\/b><\/p>\n<p>Super port\u00e1til TherapDerma Clairs \u00e9 um pequeno aparelho que funciona sem fios e carregamento via mini USB e que ajuda no tratamento de:<\/p>\n<ul>\n<li>Pontos negros na pele<\/li>\n<li>Gordura da pele<\/li>\n<li>Acne<\/li>\n<\/ul>\n<p>Resultados irrepreens\u00edveis para quem quer ter uma pele de porcelana, hidratada e sem falhas.<\/p>\n","protected":false},"excerpt":{"rendered":"<p>TherapDerma Clairs para elimina\u00e7\u00e3o de pontos negros de forma f\u00e1cil e segura Super port\u00e1til TherapDerma Clairs \u00e9 um pequeno aparelho que funciona sem fios e carregamento via mini USB e que ajuda no tratamento de: Pontos negros na pele Gordura da pele Acne Resultados irrepreens\u00edveis para quem quer ter uma pele de porcelana, hidratada e [&hellip;]<\/p>\n","protected":false},"featured_media":1901,"template":"","meta":[],"product_brand":[],"product_cat":[942,1024,1096,1099,1105,1135,15,924],"product_tag":[],"class_list":{"0":"post-1899","1":"product","2":"type-product","3":"status-publish","4":"has-post-thumbnail","6":"product_cat-cuidados-de-pele-pt-pt","7":"product_cat-areas-de-tratamentos-vs-produtos-tratamentos-com-equipamentos","8":"product_cat-cara","9":"product_cat-acne-pt-pt","10":"product_cat-pontos-negros","11":"product_cat-poros-abertos","12":"product_cat-uncategorized","13":"product_cat-equipamentos","15":"first","16":"instock","17":"taxable","18":"shipping-taxable","19":"purchasable","20":"product-type-simple"},"acf":{"display":[],"short_name":"","display_equipment_products":["home"],"short_name_equipment_products":"","confidential_information":{"text_block":false,"download_file":false}},"_links":{"self":[{"href":"http:\/\/www.therapmedic.com\/pt-pt\/wp-json\/wp\/v2\/product\/1899","targetHints":{"allow":["GET"]}}],"collection":[{"href":"http:\/\/www.therapmedic.com\/pt-pt\/wp-json\/wp\/v2\/product"}],"about":[{"href":"http:\/\/www.therapmedic.com\/pt-pt\/wp-json\/wp\/v2\/types\/product"}],"wp:featuredmedia":[{"embeddable":true,"href":"http:\/\/www.therapmedic.com\/pt-pt\/wp-json\/wp\/v2\/media\/1901"}],"wp:attachment":[{"href":"http:\/\/www.therapmedic.com\/pt-pt\/wp-json\/wp\/v2\/media?parent=1899"}],"wp:term":[{"taxonomy":"product_brand","embeddable":true,"href":"http:\/\/www.therapmedic.com\/pt-pt\/wp-json\/wp\/v2\/product_brand?post=1899"},{"taxonomy":"product_cat","embeddable":true,"href":"http:\/\/www.therapmedic.com\/pt-pt\/wp-json\/wp\/v2\/product_cat?post=1899"},{"taxonomy":"product_tag","embeddable":true,"href":"http:\/\/www.therapmedic.com\/pt-pt\/wp-json\/wp\/v2\/product_tag?post=1899"}],"curies":[{"name":"wp","href":"https:\/\/api.w.org\/{rel}","templated":true}]}}