{"id":1862,"date":"2022-12-16T14:19:49","date_gmt":"2022-12-16T14:19:49","guid":{"rendered":"https:\/\/www.therapmedic.com\/?post_type=product&#038;p=1862"},"modified":"2024-01-01T00:00:27","modified_gmt":"2024-01-01T00:00:27","slug":"active-body-shape-rf-311-com-micro-agulhas-com-rf-fracionada","status":"publish","type":"product","link":"http:\/\/www.therapmedic.com\/pt-pt\/produto\/active-body-shape-rf-311-com-micro-agulhas-com-rf-fracionada\/","title":{"rendered":"Active Body Shape RF 311 com Micro Agulhas com RF fracionada"},"content":{"rendered":"<p><b>Active Body Shape 311 RF <\/b>\u2013 para contorno facial e corporal<\/p>\n<p>Body Shape &#8211; RF Quadro-Polar \u00e9 um equipamento inovador usado para uma variedade de tratamentos de revitaliza\u00e7\u00e3o corporal que ajudam o paciente a recuperar uma forma corporal mais jovem como um tratamento auxiliar para a obesidade. \u00c9 utilizado para o contorno corporal, levantamento e estiramento de pele, redu\u00e7\u00e3o da celulite e rejuvenescimento da pele. Todos contribuem para uma melhor apar\u00eancia e boa sensa\u00e7\u00e3o do paciente.<\/p>\n<p>A Active Body Shape 311 permite total seguran\u00e7a ao paciente e ao operador pois possui sistemas de seguran\u00e7a que evitam qualquer esp\u00e9cie de queimadura. A pr\u00e9-programa\u00e7\u00e3o do equipamento baseada em estudos de mais de 200.000 pessoas permite efetuar o tratamento correto e seguro ao paciente.<\/p>\n<p>As suas microagulhas com Radiofrequ\u00eancia fracionada permite incrementar bastante o resultado de qualquer mesoterapia que queira aplicar no paciente .<br \/>\nTecnologia Israelita com mais de 40 anos de experi\u00eancia no mercado e sucesso comprovado nos mercados mais exigentes do mundo.<\/p>\n","protected":false},"excerpt":{"rendered":"<p>Active Body Shape 311 RF \u2013 para contorno facial e corporal Body Shape &#8211; RF Quadro-Polar \u00e9 um equipamento inovador usado para uma variedade de tratamentos de revitaliza\u00e7\u00e3o corporal que ajudam o paciente a recuperar uma forma corporal mais jovem como um tratamento auxiliar para a obesidade. \u00c9 utilizado para o contorno corporal, levantamento e [&hellip;]<\/p>\n","protected":false},"featured_media":1863,"template":"","meta":[],"product_brand":[],"product_cat":[940,1076,1155,1251,1024,1080,1163,1255,1026,1082,1165,1259,1028,1086,1169,1263,1030,1096,1173,1032,1101,1177,1034,1107,1213,1038,1111,1215,1040,1115,1217,1042,1121,1221,1050,1123,1233,1058,1127,1235,1062,1129,1239,1068,1139,1243,15,1070,1141,1247,924,1074,1153,1249],"product_tag":[],"class_list":{"0":"post-1862","1":"product","2":"type-product","3":"status-publish","4":"has-post-thumbnail","6":"product_cat-radiofrequencia","7":"product_cat-celulite-pt-pt-2","8":"product_cat-rugas-por-cima-do-labio-superior-codigo-de-barras","9":"product_cat-pele-envelhecida-pt-pt-4","10":"product_cat-areas-de-tratamentos-vs-produtos-tratamentos-com-equipamentos","11":"product_cat-gluteos-facidos-e-caidos","12":"product_cat-manos","13":"product_cat-pouca-elasticidade-pt-pt-5","14":"product_cat-bracos","15":"product_cat-pouca-elasticidade-pt-pt","16":"product_cat-pele-envelhecida-pt-pt-2","17":"product_cat-pele-flacida-pt-pt-7","18":"product_cat-pele-envelhecida","19":"product_cat-pele-flacida-pt-pt-2","20":"product_cat-pouca-elasticidade-pt-pt-3","21":"product_cat-rugas-pt-pt-2","22":"product_cat-celulite","23":"product_cat-cara","24":"product_cat-pele-flacida-pt-pt-4","25":"product_cat-adiposidade-nos-antebracos","26":"product_cat-pele-envelhecida-pt-pt","27":"product_cat-rugas","28":"product_cat-pouca-elasticidade","29":"product_cat-rejuvenescimento-facial-completo","30":"product_cat-pernas","31":"product_cat-pele-flacida","32":"product_cat-rugas-profundas","33":"product_cat-adiposidade-entre-as-pernas","34":"product_cat-corpo","35":"product_cat-queixo-duplo-papada","36":"product_cat-celulite-pt-pt-3","37":"product_cat-celulite-pt-pt","38":"product_cat-estiramento-da-pele-do-rosto-lifting-facial","39":"product_cat-pele-flacida-pt-pt-5","40":"product_cat-adiposidade-localizada","41":"product_cat-rugas-na-testa","42":"product_cat-pescoco","43":"product_cat-remoldeamento-da-silhueta","44":"product_cat-melhoria-do-contorno-facial","45":"product_cat-pele-envelhecida-pt-pt-3","46":"product_cat-pele-flacida-pt-pt","47":"product_cat-pouca-elasticidade-pt-pt-2","48":"product_cat-pouca-elasticidade-pt-pt-4","49":"product_cat-gluteos","50":"product_cat-pele-aspera-pt-pt","51":"product_cat-pele-flacida-pt-pt-6","52":"product_cat-uncategorized","53":"product_cat-adiposidade-nos-gluteos","54":"product_cat-pele-flacida-pt-pt-3","55":"product_cat-rugas-pt-pt","56":"product_cat-equipamentos","57":"product_cat-tonificacao-de-gluteos","58":"product_cat-labios-enrrugados","59":"product_cat-decote","61":"first","62":"instock","63":"taxable","64":"shipping-taxable","65":"purchasable","66":"product-type-simple"},"acf":{"display":[],"short_name":"","display_equipment_products":[],"short_name_equipment_products":"","confidential_information":{"text_block":false,"download_file":false}},"_links":{"self":[{"href":"http:\/\/www.therapmedic.com\/pt-pt\/wp-json\/wp\/v2\/product\/1862","targetHints":{"allow":["GET"]}}],"collection":[{"href":"http:\/\/www.therapmedic.com\/pt-pt\/wp-json\/wp\/v2\/product"}],"about":[{"href":"http:\/\/www.therapmedic.com\/pt-pt\/wp-json\/wp\/v2\/types\/product"}],"wp:featuredmedia":[{"embeddable":true,"href":"http:\/\/www.therapmedic.com\/pt-pt\/wp-json\/wp\/v2\/media\/1863"}],"wp:attachment":[{"href":"http:\/\/www.therapmedic.com\/pt-pt\/wp-json\/wp\/v2\/media?parent=1862"}],"wp:term":[{"taxonomy":"product_brand","embeddable":true,"href":"http:\/\/www.therapmedic.com\/pt-pt\/wp-json\/wp\/v2\/product_brand?post=1862"},{"taxonomy":"product_cat","embeddable":true,"href":"http:\/\/www.therapmedic.com\/pt-pt\/wp-json\/wp\/v2\/product_cat?post=1862"},{"taxonomy":"product_tag","embeddable":true,"href":"http:\/\/www.therapmedic.com\/pt-pt\/wp-json\/wp\/v2\/product_tag?post=1862"}],"curies":[{"name":"wp","href":"https:\/\/api.w.org\/{rel}","templated":true}]}}