{"id":1823,"date":"2022-12-07T17:24:24","date_gmt":"2022-12-07T17:24:24","guid":{"rendered":"https:\/\/www.therapmedic.com\/?post_type=product&#038;p=1823"},"modified":"2023-11-29T11:05:47","modified_gmt":"2023-11-29T11:05:47","slug":"golden-skin","status":"publish","type":"product","link":"http:\/\/www.therapmedic.com\/pt-pt\/produto\/golden-skin\/","title":{"rendered":"Golden Skin"},"content":{"rendered":"<p><b><i>Golden Skin <\/i><\/b><b>&#8211;\u00a0 <\/b>para clareamento da pele e elimina\u00e7\u00e3o de manchas castanhas na pele<\/p>\n<p>Manchas castanhas n\u00e3o s\u00e3o mais um problema. <b><i>Golden Skin <\/i><\/b>cont\u00e9m um diluente que inibe a produ\u00e7\u00e3o de Melanina atrav\u00e9s da Tirasinase. Cont\u00e9m um poderoso antioxidante que inibe o funcionamento do horm\u00f3nio que produz a melanina. Use-o para unificar o tom da pele, manchas de sol secas ou manchas de velhice.<\/p>\n<p>O Poder dos Peptideos na restaura\u00e7\u00e3o da sa\u00fade dasua pele depois dos maus tratos do sol e da polui\u00e7\u00e3o de anos.<\/p>\n<p>Apresenta\u00e7\u00e3o: Caixa de 5 conjuntos (vial de p\u00f3 e respetivo solvente)<\/p>\n<p>O pre\u00e7o apresentado \u00e9 por conjunto frasco de p\u00f3 + solvente espec\u00edfico.<\/p>\n","protected":false},"excerpt":{"rendered":"<p>Golden Skin &#8211;\u00a0 para clareamento da pele e elimina\u00e7\u00e3o de manchas castanhas na pele Manchas castanhas n\u00e3o s\u00e3o mais um problema. Golden Skin cont\u00e9m um diluente que inibe a produ\u00e7\u00e3o de Melanina atrav\u00e9s da Tirasinase. Cont\u00e9m um poderoso antioxidante que inibe o funcionamento do horm\u00f3nio que produz a melanina. Use-o para unificar o tom da [&hellip;]<\/p>\n","protected":false},"featured_media":1824,"template":"","meta":[],"product_brand":[],"product_cat":[1024,1173,1026,1213,1036,1219,1040,1233,1044,1241,1054,1064,1068,1084,1088,1096,1127,1131,15,1139,944,1163,950,1171],"product_tag":[],"class_list":{"0":"post-1823","1":"product","2":"type-product","3":"status-publish","4":"has-post-thumbnail","6":"product_cat-areas-de-tratamentos-vs-produtos-tratamentos-com-equipamentos","7":"product_cat-pele-flacida-pt-pt-4","8":"product_cat-bracos","9":"product_cat-pernas","10":"product_cat-melasmas-manchas-castanhas","11":"product_cat-melasmas-manchas-castanhas-pt-pt-4","12":"product_cat-corpo","13":"product_cat-pescoco","14":"product_cat-diferentes-tons-de-pele","15":"product_cat-melasmas-manchas-castanahs","16":"product_cat-melasmas-manchas-castanhas-pt-pt","17":"product_cat-estrias","18":"product_cat-gluteos","19":"product_cat-melasmas-manchas-castanhas-pt-pt-2","20":"product_cat-estrias-nos-gluteos","21":"product_cat-cara","22":"product_cat-melhoria-do-contorno-facial","23":"product_cat-melasmas-manchas-castanhas-hiperpigmentacao","24":"product_cat-uncategorized","25":"product_cat-pele-aspera-pt-pt","26":"product_cat-produtos-de-mesoterapia","27":"product_cat-manos","28":"product_cat-produtos-biomimeticos","29":"product_cat-melasmas-manchas-castanhas-pt-pt-3","31":"first","32":"instock","33":"taxable","34":"shipping-taxable","35":"purchasable","36":"product-type-simple"},"acf":{"display":[],"short_name":"","display_equipment_products":[],"short_name_equipment_products":"","confidential_information":{"text_block":[{"title":"Ingredientes Ativos","textarea":"<p><b><i>Golden Skin <\/i><\/b>\u00e9 um produto que \u00e9 apresentado em dois viais, um com o p\u00f3 e outro com o solvente espec\u00edfico. Misture os dois para obter a reconstitui\u00e7\u00e3o do produto e use-o num espa\u00e7o de 4 horas. Ap\u00f3s disso os p\u00e9ptidos morrem e o produto deixa de fazer efeito.<\/p>\n<p><b>Frasco liofilizado<\/b>: Manitol, Oligiopeptide-34, Copper Tripeptide, n-acetil carnosina, Decapeptide-12.<\/p>\n<p><b>Solvente espec\u00edfico<\/b>: Arbutin, Niacinamida, Extrato de ovo de Piscum (caviar), Pantenol, \u00c1cido Vain\u00edlico.<\/p>\n"},{"title":"Misturas poss\u00edveis","textarea":"<p>Nenhuma<\/p>\n"},{"title":"Protocolos de Tratamentos","textarea":"<p><strong>Regras gerais<\/strong><\/p>\n<p>&nbsp;<\/p>\n<p>Passo 1: Lave a pele com um gel de limpeza transparente e seque. N\u00e3o use um creme, lo\u00e7\u00e3o ou limpador perolado, que pode deixar res\u00edduos.<\/p>\n<p>&nbsp;<\/p>\n<p>Passo 2: Desinfete a \u00e1rea com clorexidina ou similar<\/p>\n<p>&nbsp;<\/p>\n<p>Passo 3: Aplique uma pequena quantidade do produto em uma compressa de gaze e espalhe sobre a \u00e1rea desejada (ou use um pincel leque) se estiver usando mesoterapia virtual ou encha a seringa com o produto se estiver usando mesoterapia cl\u00e1ssica.<\/p>\n<p>&nbsp;<\/p>\n<p>Etapa 4: percorra a \u00e1rea com o instrumento seguindo as instru\u00e7\u00f5es do fabricante<\/p>\n<p>&nbsp;<\/p>\n<p>Passo 5: Reaplique a solu\u00e7\u00e3o conforme necess\u00e1rio para cobrir toda a \u00e1rea at\u00e9 que a pele esteja levemente \u00famida (no caso de mesoterapia virtual)<\/p>\n<p>&nbsp;<\/p>\n<p>Passo 6: Repita o passo 4.<\/p>\n<p>&nbsp;<\/p>\n<p>Etapa 7: enx\u00e1gue a solu\u00e7\u00e3o restante com \u00e1gua fria por 30 segundos. Seque suavemente a pele e aplique o soro hialur\u00f4nico hidratante p\u00f3s-peeling\/24 para nutrir a pele com ingredientes antienvelhecimento.<\/p>\n<p>&nbsp;<\/p>\n<p><strong>\u00a0<\/strong><strong>PROTOCOLO MESO<\/strong><\/p>\n<p><strong>Profundidade recomendada&#8230;&#8230;&#8230;&#8230;&#8230;<\/strong> 0,25-1,5 mm dependendo da zona<\/p>\n<p><strong>Tempo recomendado pela<\/strong> \u00e1rea utilizando Sistemas de Entrega Transd\u00e9rmicos (Eletropora\u00e7\u00e3o, Iontoforese, Ultrasonidos,&#8230;&#8230; 5 minutos<\/p>\n<p><strong>Tempo recomendado entre sess\u00f5es<\/strong> &#8230;&#8230;&#8230;&#8230;&#8230;&#8230;&#8230;. Intervalo de 10-15 dias<\/p>\n<p><strong>N\u00famero de sess\u00f5es<\/strong>In\u00edcio do tratamento &#8230;&#8230;&#8230;&#8230;&#8230;&#8230;&#8230;. 4-6<\/p>\n<p>Manuten\u00e7\u00e3o &#8230;&#8230;&#8230;&#8230;&#8230;&#8230;&#8230;&#8230;&#8230;&#8230;&#8230;. a cada 4-5 meses<\/p>\n<p>&nbsp;<\/p>\n<p>No in\u00edcio 3 sess\u00f5es separadas por 10 dias e depois 2 sess\u00f5es uma a cada 15 dias. Ap\u00f3s os primeiros 15 dias, os resultados j\u00e1 s\u00e3o vis\u00edveis. Uma sess\u00e3o ap\u00f3s 4 meses \u00e9 aconselh\u00e1vel para manter os resultados.<\/p>\n"}],"download_file":false}},"_links":{"self":[{"href":"http:\/\/www.therapmedic.com\/pt-pt\/wp-json\/wp\/v2\/product\/1823","targetHints":{"allow":["GET"]}}],"collection":[{"href":"http:\/\/www.therapmedic.com\/pt-pt\/wp-json\/wp\/v2\/product"}],"about":[{"href":"http:\/\/www.therapmedic.com\/pt-pt\/wp-json\/wp\/v2\/types\/product"}],"wp:featuredmedia":[{"embeddable":true,"href":"http:\/\/www.therapmedic.com\/pt-pt\/wp-json\/wp\/v2\/media\/1824"}],"wp:attachment":[{"href":"http:\/\/www.therapmedic.com\/pt-pt\/wp-json\/wp\/v2\/media?parent=1823"}],"wp:term":[{"taxonomy":"product_brand","embeddable":true,"href":"http:\/\/www.therapmedic.com\/pt-pt\/wp-json\/wp\/v2\/product_brand?post=1823"},{"taxonomy":"product_cat","embeddable":true,"href":"http:\/\/www.therapmedic.com\/pt-pt\/wp-json\/wp\/v2\/product_cat?post=1823"},{"taxonomy":"product_tag","embeddable":true,"href":"http:\/\/www.therapmedic.com\/pt-pt\/wp-json\/wp\/v2\/product_tag?post=1823"}],"curies":[{"name":"wp","href":"https:\/\/api.w.org\/{rel}","templated":true}]}}