{"id":1772,"date":"2022-11-28T17:44:36","date_gmt":"2022-11-28T17:44:36","guid":{"rendered":"https:\/\/www.therapmedic.com\/?post_type=product&#038;p=1772"},"modified":"2026-05-08T13:29:25","modified_gmt":"2026-05-08T13:29:25","slug":"new-face","status":"publish","type":"product","link":"http:\/\/www.therapmedic.com\/pt-pt\/produto\/new-face\/","title":{"rendered":"New Face"},"content":{"rendered":"<p><strong>New Face &#8211; Hidrata\u00e7\u00e3o intensa e rejuvenescimento profundo<\/strong><\/p>\n<p>O envelhecimento da pele pode dever-se a fatores gen\u00e9ticos naturalmente intr\u00ednsecos bem como a estilos de vida e at\u00e9 a fatores ambientais tendo como resultado pele ressequida, flacidez e uma m\u00e1 elasticidade da pele para al\u00e9m de diferen\u00e7as de cor de pele, irregularidades na sua superf\u00edcie, forma\u00e7\u00e3o de marcas pronunciadas e rugas de intensidades diversas.<\/p>\n<p>O desenvolvimento do produto <b><i>NEW FACE <\/i><\/b>focou-se na identifica\u00e7\u00e3o\u00a0 das biomol\u00e9culas que podem ajudar a fun\u00e7\u00e3o dos fibroblastos e a melhorar a bioss\u00edntese de componentes da matriz extracelular.<\/p>\n<p><b>Apresenta\u00e7\u00e3o: <\/b>caixa de 5 viais de 3,5ml cada sendo que aplica 1ml por sess\u00e3o nas \u00e1reas de pele que o necessitam.<\/p>\n<p>O pre\u00e7o apresentado \u00e9 por caixa de 5 frascos.<\/p>\n","protected":false},"excerpt":{"rendered":"<p>New Face &#8211; Hidrata\u00e7\u00e3o intensa e rejuvenescimento profundo O envelhecimento da pele pode dever-se a fatores gen\u00e9ticos naturalmente intr\u00ednsecos bem como a estilos de vida e at\u00e9 a fatores ambientais tendo como resultado pele ressequida, flacidez e uma m\u00e1 elasticidade da pele para al\u00e9m de diferen\u00e7as de cor de pele, irregularidades na sua superf\u00edcie, forma\u00e7\u00e3o [&hellip;]<\/p>\n","protected":false},"featured_media":8847,"template":"","meta":[],"product_brand":[],"product_cat":[946,963,1024,1096,1107,15,944],"product_tag":[],"class_list":{"0":"post-1772","1":"product","2":"type-product","3":"status-publish","4":"has-post-thumbnail","6":"product_cat-anti-envelhecimento","7":"product_cat-hidratantes-de-pele","8":"product_cat-areas-de-tratamentos-vs-produtos-tratamentos-com-equipamentos","9":"product_cat-cara","10":"product_cat-rejuvenescimento-facial-completo","11":"product_cat-uncategorized","12":"product_cat-produtos-de-mesoterapia","14":"first","15":"instock","16":"taxable","17":"shipping-taxable","18":"purchasable","19":"product-type-simple"},"acf":{"display":[],"short_name":"","display_equipment_products":[],"short_name_equipment_products":"","confidential_information":{"text_block":[{"title":"Ingredientes Ativos","textarea":"<p><b>Um total de 19 <\/b><b>amino<\/b><b> \u00e1cidos<\/b>, Alanine, Arginine, Acido ASPARTICO, Cystine, Acido Glutamico, Glycin, Histidine, Isoleucine, Lysine, Methionine, Phenylalanine, Proline, Serine, Taurine, Threonine, Tryptophan, Tyrosine, Valine.<\/p>\n<p><b>Acido <\/b><b>hialur\u00f3nico<\/b><b> hidrolisado de diferentes\u00a0<\/b><b>pesos moleculares<\/b>, preenche linhas finas debaixo da superf\u00edcie da pele. Estimula pr\u00f3pria a produ\u00e7\u00e3o de acido hialur\u00f3nico da pele e provoca uma hidrata\u00e7\u00e3o da pele por 24 horas<\/p>\n<p><b>Acido asc\u00f3rbico<\/b>, tem uma excelente atividade anti-oxidante da pele<\/p>\n<p><b>Glutathione<\/b><b>, <\/b>\u00e9 um poderoso anti-oxidante que tem como principais benef\u00edcios a restaura\u00e7\u00e3o, aclaramento e ilumina\u00e7\u00e3o da pele.<\/p>\n<h1 data-section-id=\"1as7cf8\" data-start=\"0\" data-end=\"62\">NEW FACE (HYAC-AA-BOOSTER) \u2013 Ingredientes Activos &amp; Sinergia<\/h1>\n<h2 data-section-id=\"11sg71u\" data-start=\"64\" data-end=\"108\">\ud83d\udd2c Ingredientes Principais &amp; Seus Efeitos<\/h2>\n<h3 data-section-id=\"1jy85l7\" data-start=\"110\" data-end=\"143\">\ud83d\udfe1 Complexo de 19 Amino\u00e1cidos<\/h3>\n<p data-start=\"144\" data-end=\"345\">Inclui:<br \/>\nAlanina, Arginina, \u00c1cido Asp\u00e1rtico, Cistina, \u00c1cido Glut\u00e2mico, Glicina, Histidina, Isoleucina, Lisina, Metionina, Fenilalanina, Prolina, Serina, Taurina, Treonina, Triptofano, Tirosina e Valina.<\/p>\n<p data-start=\"347\" data-end=\"646\">Os amino\u00e1cidos s\u00e3o fundamentais para a s\u00edntese das prote\u00ednas da matriz extracelular, especialmente colag\u00e9nio e elastina.<br data-start=\"467\" data-end=\"470\" \/>Ajudam a regenerar e fortalecer a estrutura d\u00e9rmica<br data-start=\"521\" data-end=\"524\" \/>Favorecem renova\u00e7\u00e3o celular e repara\u00e7\u00e3o dos tecidos<br data-start=\"575\" data-end=\"578\" \/>Contribuem para melhorar firmeza, elasticidade e qualidade da pele<\/p>\n<p data-start=\"648\" data-end=\"706\">\ud83d\udc49 Fun\u00e7\u00e3o: Bioestimula\u00e7\u00e3o d\u00e9rmica + regenera\u00e7\u00e3o estrutural<\/p>\n<hr data-start=\"708\" data-end=\"711\" \/>\n<h3 data-section-id=\"u1w2ev\" data-start=\"713\" data-end=\"781\">\ud83d\udfe1 \u00c1cido Hialur\u00f3nico Hidrolisado de Diferentes Pesos Moleculares<\/h3>\n<p data-start=\"782\" data-end=\"1022\">Proporciona hidrata\u00e7\u00e3o multi-camada<br data-start=\"817\" data-end=\"820\" \/>Ajuda a preencher linhas finas e rugas<br data-start=\"858\" data-end=\"861\" \/>Estimula a produ\u00e7\u00e3o natural de \u00e1cido hialur\u00f3nico da pele<br data-start=\"917\" data-end=\"920\" \/>Melhora elasticidade, densidade e suavidade cut\u00e2nea<br data-start=\"971\" data-end=\"974\" \/>Oferece hidrata\u00e7\u00e3o prolongada por at\u00e9 24 horas<\/p>\n<p data-start=\"1024\" data-end=\"1075\">\ud83d\udc49 Fun\u00e7\u00e3o: Hidrata\u00e7\u00e3o profunda + efeito preenchedor<\/p>\n<hr data-start=\"1077\" data-end=\"1080\" \/>\n<h3 data-section-id=\"1h92lqm\" data-start=\"1082\" data-end=\"1117\">\ud83d\udfe1 \u00c1cido Asc\u00f3rbico (Vitamina C)<\/h3>\n<p data-start=\"1118\" data-end=\"1309\">Poderoso antioxidante<br data-start=\"1139\" data-end=\"1142\" \/>Estimula produ\u00e7\u00e3o de colag\u00e9nio<br data-start=\"1172\" data-end=\"1175\" \/>Ajuda a iluminar e revitalizar a pele<br data-start=\"1212\" data-end=\"1215\" \/>Protege contra radicais livres e fotoenvelhecimento<br data-start=\"1266\" data-end=\"1269\" \/>Melhora firmeza e luminosidade cut\u00e2nea<\/p>\n<p data-start=\"1311\" data-end=\"1370\">\ud83d\udc49 Fun\u00e7\u00e3o: Estimula\u00e7\u00e3o de colag\u00e9nio + prote\u00e7\u00e3o antioxidante<\/p>\n<hr data-start=\"1372\" data-end=\"1375\" \/>\n<h3 data-section-id=\"cvi7hc\" data-start=\"1377\" data-end=\"1395\">\ud83d\udfe1 Glutathione<\/h3>\n<p data-start=\"1396\" data-end=\"1624\">Potente antioxidante e detoxificante celular<br data-start=\"1440\" data-end=\"1443\" \/>Ajuda a restaurar e revitalizar a pele<br data-start=\"1481\" data-end=\"1484\" \/>Contribui para aclaramento e ilumina\u00e7\u00e3o cut\u00e2nea<br data-start=\"1531\" data-end=\"1534\" \/>Protege as c\u00e9lulas contra stress oxidativo<br data-start=\"1576\" data-end=\"1579\" \/>Melhora aspecto saud\u00e1vel e uniforme da pele<\/p>\n<p data-start=\"1626\" data-end=\"1683\">\ud83d\udc49 Fun\u00e7\u00e3o: Detox celular + aclaramento + rejuvenescimento<\/p>\n<hr data-start=\"1685\" data-end=\"1688\" \/>\n<h1 data-section-id=\"leegor\" data-start=\"1690\" data-end=\"1760\">\u26a1 Efeito Sin\u00e9rgico (O Que Torna NEW FACE\u00a0 Poderoso)<\/h1>\n<p data-start=\"1762\" data-end=\"1973\">O poder do NEW FACE est\u00e1 na combina\u00e7\u00e3o avan\u00e7ada de amino\u00e1cidos, \u00e1cido hialur\u00f3nico e antioxidantes que actuam directamente sobre os fibroblastos d\u00e9rmicos para revitalizar, hidratar e restaurar a pele envelhecida.<\/p>\n<hr data-start=\"1975\" data-end=\"1978\" \/>\n<h2 data-section-id=\"u48kp2\" data-start=\"1980\" data-end=\"2029\">\ud83d\udd39 1. Bioestimula\u00e7\u00e3o Profunda dos Fibroblastos<\/h2>\n<p data-start=\"2031\" data-end=\"2097\">Os 19 amino\u00e1cidos fornecem substratos essenciais para produ\u00e7\u00e3o de:<\/p>\n<ul data-start=\"2098\" data-end=\"2157\">\n<li data-section-id=\"omvmsv\" data-start=\"2098\" data-end=\"2109\">Colag\u00e9nio<\/li>\n<li data-section-id=\"6lumgx\" data-start=\"2110\" data-end=\"2120\">Elastina<\/li>\n<li data-section-id=\"7fpg3b\" data-start=\"2121\" data-end=\"2157\">Componentes da matriz extracelular<\/li>\n<\/ul>\n<p data-start=\"2159\" data-end=\"2215\">O \u00e1cido hialur\u00f3nico melhora o ambiente celular d\u00e9rmico<\/p>\n<p data-start=\"2217\" data-end=\"2308\">\ud83d\udc49 Resultado:<br \/>\n\u2714 Pele mais firme<br data-start=\"2248\" data-end=\"2251\" \/>\u2714 Melhor elasticidade<br data-start=\"2272\" data-end=\"2275\" \/>\u2714 Reestrutura\u00e7\u00e3o profunda da pele<\/p>\n<hr data-start=\"2310\" data-end=\"2313\" \/>\n<h2 data-section-id=\"cmkev3\" data-start=\"2315\" data-end=\"2367\">\ud83d\udd39 2. Hidrata\u00e7\u00e3o Inteligente + Efeito Preenchedor<\/h2>\n<p data-start=\"2369\" data-end=\"2555\">\u00c1cido hialur\u00f3nico de diferentes pesos moleculares hidrata em v\u00e1rias camadas da pele<br data-start=\"2452\" data-end=\"2455\" \/>Ajuda a preencher linhas finas de dentro para fora<br data-start=\"2505\" data-end=\"2508\" \/>Mant\u00e9m hidrata\u00e7\u00e3o prolongada durante 24 horas<\/p>\n<p data-start=\"2557\" data-end=\"2570\">\ud83d\udc49 Resultado:<\/p>\n<ul data-start=\"2571\" data-end=\"2656\">\n<li data-section-id=\"tash0p\" data-start=\"2571\" data-end=\"2593\">Pele mais preenchida<\/li>\n<li data-section-id=\"qreltx\" data-start=\"2594\" data-end=\"2618\">Redu\u00e7\u00e3o de rugas finas<\/li>\n<li data-section-id=\"1qmv8p4\" data-start=\"2619\" data-end=\"2656\">Aspecto mais fresco e rejuvenescido<\/li>\n<\/ul>\n<hr data-start=\"2658\" data-end=\"2661\" \/>\n<h2 data-section-id=\"khpma1\" data-start=\"2663\" data-end=\"2708\">\ud83d\udd39 3. Renova\u00e7\u00e3o Celular + Rejuvenescimento<\/h2>\n<p data-start=\"2710\" data-end=\"2864\">Os amino\u00e1cidos estimulam renova\u00e7\u00e3o e repara\u00e7\u00e3o celular<br data-start=\"2764\" data-end=\"2767\" \/>Vitamina C melhora s\u00edntese de colag\u00e9nio<br data-start=\"2806\" data-end=\"2809\" \/>Glutathione revitaliza e melhora luminosidade da pele<\/p>\n<p data-start=\"2866\" data-end=\"2942\">\ud83d\udc49 Resultado:<br \/>\n\u2714 Pele revitalizada<br data-start=\"2899\" data-end=\"2902\" \/>\u2714 Glow saud\u00e1vel<br data-start=\"2917\" data-end=\"2920\" \/>\u2714 Apar\u00eancia mais jovem<\/p>\n<hr data-start=\"2944\" data-end=\"2947\" \/>\n<h2 data-section-id=\"1njd0z6\" data-start=\"2949\" data-end=\"3005\">\ud83d\udd39 4. Prote\u00e7\u00e3o Antioxidante + Anti-Fotoenvelhecimento<\/h2>\n<p data-start=\"3007\" data-end=\"3159\">Vitamina C neutraliza radicais livres<br data-start=\"3044\" data-end=\"3047\" \/>Glutathione combate stress oxidativo<br data-start=\"3083\" data-end=\"3086\" \/>A f\u00f3rmula ajuda a proteger contra danos ambientais e fotoenvelhecimento<\/p>\n<p data-start=\"3161\" data-end=\"3174\">\ud83d\udc49 Resultado:<\/p>\n<ul data-start=\"3175\" data-end=\"3274\">\n<li data-section-id=\"1j8ms1d\" data-start=\"3175\" data-end=\"3212\">Preven\u00e7\u00e3o do envelhecimento precoce<\/li>\n<li data-section-id=\"110579m\" data-start=\"3213\" data-end=\"3246\">Pele mais saud\u00e1vel e resistente<\/li>\n<li data-section-id=\"23jtgk\" data-start=\"3247\" data-end=\"3274\">Prote\u00e7\u00e3o celular avan\u00e7ada<\/li>\n<\/ul>\n<hr data-start=\"3276\" data-end=\"3279\" \/>\n<h2 data-section-id=\"1sh0kfj\" data-start=\"3281\" data-end=\"3331\">\ud83d\udd39 5. Transforma\u00e7\u00e3o Global da Qualidade da Pele<\/h2>\n<p data-start=\"3333\" data-end=\"3350\">Efeito combinado:<\/p>\n<ul data-start=\"3351\" data-end=\"3461\">\n<li data-section-id=\"1kadvme\" data-start=\"3351\" data-end=\"3368\">Mais hidrata\u00e7\u00e3o<\/li>\n<li data-section-id=\"znh71t\" data-start=\"3369\" data-end=\"3390\">Melhor elasticidade<\/li>\n<li data-section-id=\"126bz7w\" data-start=\"3391\" data-end=\"3411\">Pele mais luminosa<\/li>\n<li data-section-id=\"wvxnnq\" data-start=\"3412\" data-end=\"3437\">Redu\u00e7\u00e3o de linhas finas<\/li>\n<li data-section-id=\"wt7osk\" data-start=\"3438\" data-end=\"3461\">Textura mais uniforme<\/li>\n<\/ul>\n<p data-start=\"3463\" data-end=\"3569\">\ud83d\udc49 Resultado: Rejuvenescimento global com hidrata\u00e7\u00e3o profunda, revitaliza\u00e7\u00e3o e melhoria estrutural da pele<\/p>\n<hr data-start=\"3571\" data-end=\"3574\" \/>\n<h1 data-section-id=\"1h5xygg\" data-start=\"3576\" data-end=\"3591\">\ud83d\udca1 Resumindo:<\/h1>\n<p data-start=\"3593\" data-end=\"3773\">\ud83d\udc49 \u201cNEW FACE\u00a0 combina amino\u00e1cidos, \u00e1cido hialur\u00f3nico e antioxidantes para revitalizar profundamente a pele e estimular os mecanismos naturais de rejuvenescimento.\u201d<\/p>\n<p data-start=\"3775\" data-end=\"3972\" data-is-last-node=\"\" data-is-only-node=\"\">\ud83d\udc49 \u201cUma f\u00f3rmula sin\u00e9rgica avan\u00e7ada desenvolvida para hidratar, preencher, iluminar e melhorar visivelmente a firmeza, elasticidade e qualidade global da pele.\u201d<\/p>\n<p>&nbsp;<\/p>\n"},{"title":"Misturas poss\u00edveis","textarea":"<p>Nenhuma<\/p>\n"},{"title":"Protocolos de tratamentos","textarea":"<p><strong>Regras gerais<\/strong><\/p>\n<p><strong>\u00a0<\/strong><\/p>\n<p><strong>Passo 1: Lave a pele com um gel de limpeza transparente e seque. N\u00e3o use um creme, lo\u00e7\u00e3o ou limpador perolado, que pode deixar res\u00edduos.<\/strong><\/p>\n<p><strong>\u00a0<\/strong><\/p>\n<p><strong>Passo 2: Desinfete a \u00e1rea com clorexidina ou similar<\/strong><\/p>\n<p><strong>\u00a0<\/strong><\/p>\n<p><strong>Passo 3: Aplique uma pequena quantidade do produto em uma compressa de gaze e espalhe sobre a \u00e1rea desejada (ou use um pincel leque) se estiver usando mesoterapia virtual ou encha a seringa com o produto se estiver usando mesoterapia cl\u00e1ssica.<\/strong><\/p>\n<p><strong>\u00a0<\/strong><\/p>\n<p><strong>Etapa 4: percorra a \u00e1rea com o instrumento seguindo as instru\u00e7\u00f5es do fabricante<\/strong><\/p>\n<p><strong>\u00a0<\/strong><\/p>\n<p><strong>Passo 5: Reaplique a solu\u00e7\u00e3o conforme necess\u00e1rio para cobrir toda a \u00e1rea at\u00e9 que a pele esteja levemente \u00famida (no caso de mesoterapia virtual)<\/strong><\/p>\n<p><strong>\u00a0<\/strong><\/p>\n<p><strong>Passo 6: Repita o passo 4.<\/strong><\/p>\n<p><strong>\u00a0<\/strong><\/p>\n<p><strong>Etapa 7: enx\u00e1gue a solu\u00e7\u00e3o restante com \u00e1gua fria por 30 segundos. Seque suavemente a pele e aplique o soro hialur\u00f4nico hidratante p\u00f3s-peeling\/24 para nutrir a pele com ingredientes antienvelhecimento.<\/strong><\/p>\n<p>&nbsp;<\/p>\n<pre style=\"background: #F8F9FA;\"><span class=\"y2iqfc\"><b><span style=\"font-family: 'inherit',serif; color: #202124;\">PROTOCOLO MESO<\/span><\/b><\/span><\/pre>\n<pre style=\"background: #F8F9FA;\"><span class=\"y2iqfc\"><b><span style=\"font-family: 'inherit',serif; color: #202124;\">Profundidade recomendada...............<\/span><\/b><\/span><span class=\"y2iqfc\"><span style=\"font-family: 'inherit',serif; color: #202124;\"> 0,25-1,5 mm dependendo da zona<\/span><\/span><\/pre>\n<pre style=\"background: #F8F9FA;\"><span class=\"y2iqfc\"><span style=\"font-family: 'inherit',serif; color: #202124;\">\u00a0<\/span><\/span><\/pre>\n<pre style=\"background: #F8F9FA;\"><span class=\"y2iqfc\"><b><span style=\"font-family: 'inherit',serif; color: #202124;\">Tempo recomendado pela<\/span><\/b><\/span><span class=\"y2iqfc\"><span style=\"font-family: 'inherit',serif; color: #202124;\"> \u00e1rea utilizando Sistemas de Entrega Transd\u00e9rmicos (Eletropora\u00e7\u00e3o, Iontoforese, Ultrasonidos,...... 5 minutos<\/span><\/span><\/pre>\n<pre style=\"background: #F8F9FA;\"><\/pre>\n<pre style=\"background: #F8F9FA;\"><span class=\"y2iqfc\"><b><span style=\"font-family: 'inherit',serif; color: #202124;\">Tempo recomendado entre sess\u00f5es<\/span><\/b><\/span><span class=\"y2iqfc\"><span style=\"font-family: 'inherit',serif; color: #202124;\"> ...................... Intervalo de 10-15 dias<\/span><\/span><\/pre>\n<pre style=\"background: #F8F9FA;\"><\/pre>\n<pre style=\"background: #F8F9FA;\"><span class=\"y2iqfc\"><b><span style=\"font-family: 'inherit',serif; color: #202124;\">N\u00famero de sess\u00f5es<\/span><\/b><\/span><\/pre>\n<pre style=\"background: #F8F9FA;\"><span class=\"y2iqfc\"><span style=\"font-family: 'inherit',serif; color: #202124;\">In\u00edcio do tratamento ...................... 4-6<\/span><\/span><\/pre>\n<pre style=\"background: #F8F9FA;\"><span class=\"y2iqfc\"><span style=\"font-family: 'inherit',serif; color: #202124;\">Manuten\u00e7\u00e3o .................................. a cada 4-5 meses<\/span><\/span><\/pre>\n<p>&nbsp;<\/p>\n<p>Fase inicial\u2026\u2026&#8230;&#8230;&#8230;&#8230;\u20262 sess\u00f5es com intervalo de 15 dias<\/p>\n<p>Sess\u00f5es de manuten\u00e7\u00e3o\u2026\u2026 1 sess\u00e3o a cada 3-4 meses<\/p>\n"}],"download_file":false}},"_links":{"self":[{"href":"http:\/\/www.therapmedic.com\/pt-pt\/wp-json\/wp\/v2\/product\/1772","targetHints":{"allow":["GET"]}}],"collection":[{"href":"http:\/\/www.therapmedic.com\/pt-pt\/wp-json\/wp\/v2\/product"}],"about":[{"href":"http:\/\/www.therapmedic.com\/pt-pt\/wp-json\/wp\/v2\/types\/product"}],"wp:featuredmedia":[{"embeddable":true,"href":"http:\/\/www.therapmedic.com\/pt-pt\/wp-json\/wp\/v2\/media\/8847"}],"wp:attachment":[{"href":"http:\/\/www.therapmedic.com\/pt-pt\/wp-json\/wp\/v2\/media?parent=1772"}],"wp:term":[{"taxonomy":"product_brand","embeddable":true,"href":"http:\/\/www.therapmedic.com\/pt-pt\/wp-json\/wp\/v2\/product_brand?post=1772"},{"taxonomy":"product_cat","embeddable":true,"href":"http:\/\/www.therapmedic.com\/pt-pt\/wp-json\/wp\/v2\/product_cat?post=1772"},{"taxonomy":"product_tag","embeddable":true,"href":"http:\/\/www.therapmedic.com\/pt-pt\/wp-json\/wp\/v2\/product_tag?post=1772"}],"curies":[{"name":"wp","href":"https:\/\/api.w.org\/{rel}","templated":true}]}}