{"id":1765,"date":"2022-11-28T16:32:00","date_gmt":"2022-11-28T16:32:00","guid":{"rendered":"https:\/\/www.therapmedic.com\/?post_type=product&#038;p=1765"},"modified":"2023-05-12T09:46:40","modified_gmt":"2023-05-12T09:46:40","slug":"nutrition-35-hy-ac-low-viscosity","status":"publish","type":"product","link":"http:\/\/www.therapmedic.com\/pt-pt\/produto\/nutrition-35-hy-ac-low-viscosity\/","title":{"rendered":"Acido Hialur\u00f3nico de nutri\u00e7\u00e3o a 3,5% Baixa Viscosidade"},"content":{"rendered":"<p><b><i>Hidrata\u00e7\u00e3o &#8211; <\/i><\/b><b><i>3.5% <\/i><\/b><b><i>hy<\/i><\/b><b><i>-ac low viscosity solution <\/i><\/b>&#8211; A hidrata\u00e7\u00e3o estimula a s\u00edntese de col\u00e1geno anti-envelhecimento<\/p>\n<p>Este \u00e1cido hialur\u00f3nico n\u00e3o reticulado pode ajudar na hidrata\u00e7\u00e3o, estimula o anti-envelhecimento do col\u00e1geno. \u00c1cido Hialur\u00f3nico\u00a0 solu\u00e7\u00e3o de baixa viscosidade hy-ac 3,5%\u00a0 hidrata e estimula a s\u00edntese de col\u00e1geno I. Um poderoso anti envelhecimento. Desidrata\u00e7\u00e3o e perda de firmeza s\u00e3o sinais de envelhecimento da pele que levam \u00e0 forma\u00e7\u00e3o de rugas e flacidez em algumas \u00e1reas do rosto.<\/p>\n<p><u><b>Apresenta\u00e7\u00e3o<\/b><\/u>: Caixa 5 viais de\u00a0 5 mL<\/p>\n<p>O pre\u00e7o apresentado \u00e9 por caixa de 5 frascos.<\/p>\n","protected":false},"excerpt":{"rendered":"<p>Hidrata\u00e7\u00e3o &#8211; 3.5% hy-ac low viscosity solution &#8211; A hidrata\u00e7\u00e3o estimula a s\u00edntese de col\u00e1geno anti-envelhecimento Este \u00e1cido hialur\u00f3nico n\u00e3o reticulado pode ajudar na hidrata\u00e7\u00e3o, estimula o anti-envelhecimento do col\u00e1geno. \u00c1cido Hialur\u00f3nico\u00a0 solu\u00e7\u00e3o de baixa viscosidade hy-ac 3,5%\u00a0 hidrata e estimula a s\u00edntese de col\u00e1geno I. Um poderoso anti envelhecimento. Desidrata\u00e7\u00e3o e perda de firmeza [&hellip;]<\/p>\n","protected":false},"featured_media":1767,"template":"","meta":[],"product_brand":[],"product_cat":[15,944,963,1024,1068,1082,1096,1117],"product_tag":[],"class_list":{"0":"post-1765","1":"product","2":"type-product","3":"status-publish","4":"has-post-thumbnail","6":"product_cat-uncategorized","7":"product_cat-produtos-de-mesoterapia","8":"product_cat-hidratantes-de-pele","9":"product_cat-areas-de-tratamentos-vs-produtos-tratamentos-com-equipamentos","10":"product_cat-gluteos","11":"product_cat-pouca-elasticidade-pt-pt","12":"product_cat-cara","13":"product_cat-secura-pele-desidratada-pt-pt","15":"first","16":"instock","17":"taxable","18":"shipping-taxable","19":"purchasable","20":"product-type-simple"},"acf":{"display":[],"short_name":"","display_equipment_products":[],"short_name_equipment_products":"","confidential_information":{"text_block":[{"title":"Ingredientes Ativos","textarea":"<p>\u00c1cido hialur\u00f3nico (combina\u00e7\u00e3o de HA de alto e baixo peso molecular). Acido Hialur\u00f3nico low m.w. 20\/50 Kd<\/p>\n"},{"title":"Poss\u00edveis Misturas","textarea":"<p><i>Miami Skin, <\/i><i>Biorevital<\/i> <i>Detox<\/i><i>, <\/i><i>Anti-aging<\/i> <i>with<\/i> <i>Vitamin<\/i><i> C, Fitness body, <\/i><i>Vitamin<\/i><i> B5, <\/i><i>Vitamin<\/i><i> B7, <\/i><i>Vitamin<\/i><i> C<\/i><\/p>\n"},{"title":"Protocolos de tratamentos","textarea":"<p><strong>Regras gerais<\/strong><\/p>\n<p><strong>\u00a0<\/strong><\/p>\n<p><strong>Passo 1: Lave a pele com um gel de limpeza transparente e seque. N\u00e3o use um creme, lo\u00e7\u00e3o ou limpador perolado, que pode deixar res\u00edduos.<\/strong><\/p>\n<p><strong>\u00a0<\/strong><\/p>\n<p><strong>Passo 2: Desinfete a \u00e1rea com clorexidina ou similar<\/strong><\/p>\n<p><strong>\u00a0<\/strong><\/p>\n<p><strong>Passo 3: Aplique uma pequena quantidade do produto em uma compressa de gaze e espalhe sobre a \u00e1rea desejada (ou use um pincel leque) se estiver usando mesoterapia virtual ou encha a seringa com o produto se estiver usando mesoterapia cl\u00e1ssica.<\/strong><\/p>\n<p><strong>\u00a0<\/strong><\/p>\n<p><strong>Etapa 4: percorra a \u00e1rea com o instrumento seguindo as instru\u00e7\u00f5es do fabricante<\/strong><\/p>\n<p><strong>\u00a0<\/strong><\/p>\n<p><strong>Passo 5: Reaplique a solu\u00e7\u00e3o conforme necess\u00e1rio para cobrir toda a \u00e1rea at\u00e9 que a pele esteja levemente \u00famida (no caso de mesoterapia virtual)<\/strong><\/p>\n<p><strong>\u00a0<\/strong><\/p>\n<p><strong>Passo 6: Repita o passo 4.<\/strong><\/p>\n<p><strong>\u00a0<\/strong><\/p>\n<p><strong>Etapa 7: enx\u00e1gue a solu\u00e7\u00e3o restante com \u00e1gua fria por 30 segundos. Seque suavemente a pele e aplique o soro hialur\u00f4nico hidratante p\u00f3s-peeling\/24 para nutrir a pele com ingredientes antienvelhecimento.<\/strong><\/p>\n<p>&nbsp;<\/p>\n<p><b>PROTOCOLO MESO<\/b>: Profundidade recomendada por \u00e1rea:<\/p>\n<p>\u00c1 volta dos olhos\u2026..menos de 0,5mm<\/p>\n<p>Frente &#8230;&#8230;&#8230;&#8230;&#8230;&#8230;&#8230;&#8230;&#8230;&#8230;.. 1-1,5 mm<\/p>\n<p>Bochechas &#8230;&#8230;&#8230;&#8230;&#8230;&#8230;&#8230;.. 1,5-2,5 mm<\/p>\n<p>Linha do maxilar e queixo &#8230;1-1,5 mm<\/p>\n<p>M\u00e3os &#8230;&#8230;&#8230;&#8230;&#8230;&#8230;&#8230;&#8230;&#8230;&#8230;&#8230;&#8230;. 1-2 mm<\/p>\n<p><b>Tempo recomendado por \u00e1rea usando sistemas de aplica\u00e7\u00e3o <\/b><b>transd\u00e9rmica<\/b><b> (<\/b><b>eletropora\u00e7\u00e3o<\/b><b>, iontoforese, ultrassom, correntes galv\u00e2nicas, correntes cont\u00ednuas, radiofrequ\u00eancia, termoterapia)<\/b><\/p>\n<p>Rosto, queixo e decote &#8230;&#8230;&#8230;.. 5 minutos<\/p>\n<p>M\u00e3os &#8230;&#8230;&#8230;&#8230;&#8230;&#8230;&#8230;&#8230;&#8230;&#8230;&#8230;&#8230;&#8230; 5 minutos<\/p>\n<p><b>Tempo recomendado entre as sess\u00f5es<\/b><\/p>\n<p>Usando TDS &#8230;&#8230;&#8230;&#8230;&#8230;&#8230;&#8230;&#8230;&#8230;&#8230;&#8230;&#8230;&#8230;&#8230;&#8230;&#8230; intervalos de 6 a 7 dias<\/p>\n<p>Usando meso-caneta ou meso-rolo &#8230;&#8230;&#8230;.. intervalo de 7 a 10 dias<\/p>\n<p>Tradicional &#8230;&#8230;&#8230;&#8230;&#8230;&#8230;&#8230;&#8230;&#8230;&#8230;&#8230;&#8230;&#8230;&#8230;&#8230;&#8230;.. intervalo de 7 a 10 dias<\/p>\n<p><b>N\u00famero de sess\u00f5es<\/b><\/p>\n<p>Iniciando o tratamento &#8230;&#8230;&#8230;&#8230;&#8230;&#8230;&#8230;.. 5-6<\/p>\n<p>Manuten\u00e7\u00e3o &#8230;&#8230;&#8230;&#8230;&#8230;&#8230;&#8230; a cada 3-5 meses<\/p>\n"}],"download_file":false}},"_links":{"self":[{"href":"http:\/\/www.therapmedic.com\/pt-pt\/wp-json\/wp\/v2\/product\/1765","targetHints":{"allow":["GET"]}}],"collection":[{"href":"http:\/\/www.therapmedic.com\/pt-pt\/wp-json\/wp\/v2\/product"}],"about":[{"href":"http:\/\/www.therapmedic.com\/pt-pt\/wp-json\/wp\/v2\/types\/product"}],"wp:featuredmedia":[{"embeddable":true,"href":"http:\/\/www.therapmedic.com\/pt-pt\/wp-json\/wp\/v2\/media\/1767"}],"wp:attachment":[{"href":"http:\/\/www.therapmedic.com\/pt-pt\/wp-json\/wp\/v2\/media?parent=1765"}],"wp:term":[{"taxonomy":"product_brand","embeddable":true,"href":"http:\/\/www.therapmedic.com\/pt-pt\/wp-json\/wp\/v2\/product_brand?post=1765"},{"taxonomy":"product_cat","embeddable":true,"href":"http:\/\/www.therapmedic.com\/pt-pt\/wp-json\/wp\/v2\/product_cat?post=1765"},{"taxonomy":"product_tag","embeddable":true,"href":"http:\/\/www.therapmedic.com\/pt-pt\/wp-json\/wp\/v2\/product_tag?post=1765"}],"curies":[{"name":"wp","href":"https:\/\/api.w.org\/{rel}","templated":true}]}}