{"id":1761,"date":"2022-11-28T15:16:59","date_gmt":"2022-11-28T15:16:59","guid":{"rendered":"https:\/\/www.therapmedic.com\/?post_type=product&#038;p=1761"},"modified":"2023-11-29T11:24:45","modified_gmt":"2023-11-29T11:24:45","slug":"fitness-body","status":"publish","type":"product","link":"http:\/\/www.therapmedic.com\/pt-pt\/produto\/fitness-body\/","title":{"rendered":"Fitness Body"},"content":{"rendered":"<p><b><i>Fitness body:<\/i><\/b> Anti-oxidante com Glutatione, F\u00f3rmula anti-radicais. Retarda o envelhecimento celular devido ao estresse oxidativo<\/p>\n<p>Mesoterapia anti-radical e retardamento do envelhecimento celular. As esp\u00e9cies reativas de oxig\u00eanio (ROS) s\u00e3o mol\u00e9culas de oxig\u00eanio perigosas geradas por raios ultravioleta e polui\u00e7\u00e3o. Existem extensas evid\u00eancias indicando que o estresse oxidativo induzido por ROS desempenha um papel importante no processo de envelhecimento da pele humana.<\/p>\n<p><u><b>Apresenta\u00e7\u00e3o<\/b><\/u>: Caixa 5 viais de\u00a0 10 mL<\/p>\n<p>O pre\u00e7o apresentado \u00e9 por caixa de 5 frascos.<\/p>\n<p>&nbsp;<\/p>\n","protected":false},"excerpt":{"rendered":"<p>Fitness body: Anti-oxidante com Glutatione, F\u00f3rmula anti-radicais. Retarda o envelhecimento celular devido ao estresse oxidativo Mesoterapia anti-radical e retardamento do envelhecimento celular. As esp\u00e9cies reativas de oxig\u00eanio (ROS) s\u00e3o mol\u00e9culas de oxig\u00eanio perigosas geradas por raios ultravioleta e polui\u00e7\u00e3o. Existem extensas evid\u00eancias indicando que o estresse oxidativo induzido por ROS desempenha um papel importante no [&hellip;]<\/p>\n","protected":false},"featured_media":1762,"template":"","meta":[],"product_brand":[],"product_cat":[1024,1127,1026,1141,1028,1143,1038,1163,1040,1165,1048,1173,1062,1175,1066,1213,1068,1221,1072,1233,1074,1243,1080,1245,1082,1249,15,1086,1261,944,1096,952,1125],"product_tag":[],"class_list":{"0":"post-1761","1":"product","2":"type-product","3":"status-publish","4":"has-post-thumbnail","6":"product_cat-areas-de-tratamentos-vs-produtos-tratamentos-com-equipamentos","7":"product_cat-melhoria-do-contorno-facial","8":"product_cat-bracos","9":"product_cat-pele-flacida-pt-pt-3","10":"product_cat-pele-envelhecida","11":"product_cat-branqueamento-da-pele","12":"product_cat-pele-flacida","13":"product_cat-manos","14":"product_cat-corpo","15":"product_cat-pele-envelhecida-pt-pt-2","16":"product_cat-cinza-pele-oxidada","17":"product_cat-pele-flacida-pt-pt-4","18":"product_cat-pele-flacida-pt-pt","19":"product_cat-pele-cansada-entoxicada-pt-pt","20":"product_cat-pele-cansada-toxificada","21":"product_cat-pernas","22":"product_cat-gluteos","23":"product_cat-pele-flacida-pt-pt-5","24":"product_cat-aumento-de-gluteos","25":"product_cat-pescoco","26":"product_cat-tonificacao-de-gluteos","27":"product_cat-pele-flacida-pt-pt-6","28":"product_cat-gluteos-facidos-e-caidos","29":"product_cat-pele-cansada-entoxicada-pt-pt-2","30":"product_cat-pouca-elasticidade-pt-pt","31":"product_cat-decote","32":"product_cat-uncategorized","33":"product_cat-pele-flacida-pt-pt-2","34":"product_cat-pele-cansada-entoxicada-pt-pt-3","35":"product_cat-produtos-de-mesoterapia","36":"product_cat-cara","37":"product_cat-detox-pt-pt","38":"product_cat-pele-cinzenta-oxidada","40":"first","41":"instock","42":"taxable","43":"shipping-taxable","44":"purchasable","45":"product-type-simple"},"acf":{"display":[],"short_name":"","display_equipment_products":[],"short_name_equipment_products":"","confidential_information":{"text_block":[{"title":"Ingredientes Ativos","textarea":"<p><b>Glutatione<\/b> &#8211; Antioxidante poderoso. Antioxidante n\u00e3o enzim\u00e1tico, serve para ajudar a defender a pele dos efeitos vis\u00edveis dos danos ambientais. A glutatione reduzida tem um efeito de clareamento da pele em humanos por meio de sua atividade inibit\u00f3ria da tirosinase.<\/p>\n<p><b>\u00c1cido asc\u00f3rbico, Vitamina C <\/b>&#8211; Potente antioxidante que pode ser usado para tratar e prevenir altera\u00e7\u00f5es associadas ao fotoenvelhecimento. Tamb\u00e9m pode ser usado no tratamento da hiperpigmenta\u00e7\u00e3o. Inibe a atividade da Tirosinase por atuar no Cu2 + e prevenir a s\u00edntese de melanina.<\/p>\n<p><b>Acetato de tocoferol, Vitamina E <\/b>&#8211; O acetato de tocoferol \u00e9 uma forma de vitamina E. Antioxidante; Agente condicionador da pele. Ele protege as membranas celulares dos danos causados pelos radicais livres de oxig\u00eanio.<\/p>\n<p>&nbsp;<\/p>\n"},{"title":"Misturas Poss\u00edveis","textarea":"<p><i>3.5% <\/i><i>hy<\/i><i>-ac low viscosity solution, 3.5% <\/i><i>hy<\/i><i>-ac ULTRA low viscosity solution, 2% <\/i><i>hy<\/i><i>-ac low viscosity solution<\/i><\/p>\n"},{"title":"Protocolos de tratamentos","textarea":"<p><strong>Regras gerais<\/strong><\/p>\n<p><strong>\u00a0<\/strong><\/p>\n<p><strong>Passo 1: Lave a pele com um gel de limpeza transparente e seque. N\u00e3o use um creme, lo\u00e7\u00e3o ou limpador perolado, que pode deixar res\u00edduos.<\/strong><\/p>\n<p><strong>\u00a0<\/strong><\/p>\n<p><strong>Passo 2: Desinfete a \u00e1rea com clorexidina ou similar<\/strong><\/p>\n<p><strong>\u00a0<\/strong><\/p>\n<p><strong>Passo 3: Aplique uma pequena quantidade do produto em uma compressa de gaze e espalhe sobre a \u00e1rea desejada (ou use um pincel leque) se estiver usando mesoterapia virtual ou encha a seringa com o produto se estiver usando mesoterapia cl\u00e1ssica.<\/strong><\/p>\n<p><strong>\u00a0<\/strong><\/p>\n<p><strong>Etapa 4: percorra a \u00e1rea com o instrumento seguindo as instru\u00e7\u00f5es do fabricante<\/strong><\/p>\n<p><strong>\u00a0<\/strong><\/p>\n<p><strong>Passo 5: Reaplique a solu\u00e7\u00e3o conforme necess\u00e1rio para cobrir toda a \u00e1rea at\u00e9 que a pele esteja levemente \u00famida (no caso de mesoterapia virtual)<\/strong><\/p>\n<p><strong>\u00a0<\/strong><\/p>\n<p><strong>Passo 6: Repita o passo 4.<\/strong><\/p>\n<p><strong>\u00a0<\/strong><\/p>\n<p><strong>Etapa 7: enx\u00e1gue a solu\u00e7\u00e3o restante com \u00e1gua fria por 30 segundos. Seque suavemente a pele e aplique o soro hialur\u00f4nico hidratante p\u00f3s-peeling\/24 para nutrir a pele com ingredientes antienvelhecimento.<\/strong><\/p>\n<p>&nbsp;<\/p>\n<p><b>PROTOCOLO MESO: <\/b>Profundidade recomendada por \u00e1rea<\/p>\n<p>Frente &#8230;&#8230;&#8230;&#8230;&#8230;&#8230;&#8230;&#8230;&#8230;&#8230;&#8230;. 1-1,5 mm<\/p>\n<p>Bochechas &#8230;&#8230;&#8230;&#8230;&#8230;&#8230;&#8230;&#8230;&#8230; 1,5-2,5 mm<\/p>\n<p>Linha do maxilar e queixo &#8230; 1-1,5 mm<\/p>\n<p>M\u00e3os &#8230;&#8230;&#8230;&#8230;&#8230;&#8230;&#8230;&#8230;&#8230;&#8230;&#8230;.. 1-2 mm<\/p>\n<p><b>Tempo recomendado por \u00e1rea usando sistemas de aplica\u00e7\u00e3o <\/b><b>transd\u00e9rmica<\/b><b> (<\/b><b>eletropora\u00e7\u00e3o<\/b><b>, iontoforese, ultrassom, correntes galv\u00e2nicas, correntes cont\u00ednuas, radiofrequ\u00eancia, termoterapia)<\/b><\/p>\n<p>Rosto, queixo e decote &#8230;&#8230;&#8230;.. 5 minutos<\/p>\n<p>M\u00e3os &#8230;&#8230;&#8230;&#8230;&#8230;&#8230;&#8230;&#8230;&#8230;&#8230;&#8230;&#8230;&#8230; 5 minutos<\/p>\n<p><b>Tempo recomendado entre as sess\u00f5es<\/b><\/p>\n<p>Usando TDS &#8230;&#8230;&#8230;&#8230;&#8230;&#8230;&#8230;&#8230;&#8230;&#8230;&#8230;&#8230;&#8230;.. intervalos de 6 a 7 dias<\/p>\n<p>Usando meso-caneta ou meso-rolo &#8230;..intervalo de 8 a 10 dias<\/p>\n<p>Tradicional &#8230;&#8230;&#8230;&#8230;&#8230;&#8230;&#8230;&#8230;&#8230;&#8230;&#8230;&#8230;&#8230;&#8230;. intervalo de 7 a 10 dias<\/p>\n<p><b>N\u00famero de sess\u00f5es<\/b><\/p>\n<p>Iniciando o tratamento &#8230;&#8230;&#8230;&#8230;&#8230;&#8230;&#8230;.. 4-5<\/p>\n<p>Manuten\u00e7\u00e3o &#8230;&#8230;&#8230;&#8230;&#8230;&#8230;&#8230;&#8230;&#8230;&#8230;&#8230;&#8230;.. a cada 3-4 meses<\/p>\n"}],"download_file":false}},"_links":{"self":[{"href":"http:\/\/www.therapmedic.com\/pt-pt\/wp-json\/wp\/v2\/product\/1761","targetHints":{"allow":["GET"]}}],"collection":[{"href":"http:\/\/www.therapmedic.com\/pt-pt\/wp-json\/wp\/v2\/product"}],"about":[{"href":"http:\/\/www.therapmedic.com\/pt-pt\/wp-json\/wp\/v2\/types\/product"}],"wp:featuredmedia":[{"embeddable":true,"href":"http:\/\/www.therapmedic.com\/pt-pt\/wp-json\/wp\/v2\/media\/1762"}],"wp:attachment":[{"href":"http:\/\/www.therapmedic.com\/pt-pt\/wp-json\/wp\/v2\/media?parent=1761"}],"wp:term":[{"taxonomy":"product_brand","embeddable":true,"href":"http:\/\/www.therapmedic.com\/pt-pt\/wp-json\/wp\/v2\/product_brand?post=1761"},{"taxonomy":"product_cat","embeddable":true,"href":"http:\/\/www.therapmedic.com\/pt-pt\/wp-json\/wp\/v2\/product_cat?post=1761"},{"taxonomy":"product_tag","embeddable":true,"href":"http:\/\/www.therapmedic.com\/pt-pt\/wp-json\/wp\/v2\/product_tag?post=1761"}],"curies":[{"name":"wp","href":"https:\/\/api.w.org\/{rel}","templated":true}]}}