{"id":1757,"date":"2022-11-28T14:58:32","date_gmt":"2022-11-28T14:58:32","guid":{"rendered":"https:\/\/www.therapmedic.com\/?post_type=product&#038;p=1757"},"modified":"2023-11-29T11:25:51","modified_gmt":"2023-11-29T11:25:51","slug":"anti-aging-com-vitamina-c","status":"publish","type":"product","link":"http:\/\/www.therapmedic.com\/pt-pt\/produto\/anti-aging-com-vitamina-c\/","title":{"rendered":"Anti-aging com Vitamina C"},"content":{"rendered":"<p><b><i>Anti-aging<\/i><\/b> <b><i>with<\/i><\/b> <b><i>Vitamin<\/i><\/b><b><i> C:<\/i><\/b> Anti-oxidante. Corrige o estresse oxidativo, Bio-revitalizante<\/p>\n<p>Mesoterapia anti-oxidante contra o stress oxidativo, bio-revitalizante. O stress oxidativo ocorre quando a quantidade de radicais livres excede a quantidade de antioxidantes e, como resultado, a oxida\u00e7\u00e3o danifica as c\u00e9lulas, prote\u00ednas e DNA (genes). <b><i>Anti-aging<\/i><\/b> <b><i>with<\/i><\/b> <b><i>Vitamin<\/i><\/b><b><i> C<\/i><\/b> \u00e9 uma solu\u00e7\u00e3o anti-envelhecimento desenvolvida para corrigir o estresse oxidativo e prevenir o envelhecimento prematuro da pele.<\/p>\n<p><u><b>Apresenta\u00e7\u00e3o<\/b><\/u>: Caixa 5 viais de\u00a0 5 mL<\/p>\n<p>O pre\u00e7o apresentado \u00e9 por caixa de 5 frascos.<\/p>\n","protected":false},"excerpt":{"rendered":"<p>Anti-aging with Vitamin C: Anti-oxidante. Corrige o estresse oxidativo, Bio-revitalizante Mesoterapia anti-oxidante contra o stress oxidativo, bio-revitalizante. O stress oxidativo ocorre quando a quantidade de radicais livres excede a quantidade de antioxidantes e, como resultado, a oxida\u00e7\u00e3o danifica as c\u00e9lulas, prote\u00ednas e DNA (genes). Anti-aging with Vitamin C \u00e9 uma solu\u00e7\u00e3o anti-envelhecimento desenvolvida para corrigir [&hellip;]<\/p>\n","protected":false},"featured_media":1760,"template":"","meta":[],"product_brand":[],"product_cat":[1066,1096,1101,1119,1149,15,944,952,1024,1026,1028,1040],"product_tag":[],"class_list":{"0":"post-1757","1":"product","2":"type-product","3":"status-publish","4":"has-post-thumbnail","6":"product_cat-pele-cansada-toxificada","7":"product_cat-cara","8":"product_cat-pele-envelhecida-pt-pt","9":"product_cat-pele-opaca-sem-brilho","10":"product_cat-pele-cansada-entoxicada","11":"product_cat-uncategorized","12":"product_cat-produtos-de-mesoterapia","13":"product_cat-detox-pt-pt","14":"product_cat-areas-de-tratamentos-vs-produtos-tratamentos-com-equipamentos","15":"product_cat-bracos","16":"product_cat-pele-envelhecida","17":"product_cat-corpo","19":"first","20":"instock","21":"taxable","22":"shipping-taxable","23":"purchasable","24":"product-type-simple"},"acf":{"display":[],"short_name":"","display_equipment_products":[],"short_name_equipment_products":"","confidential_information":{"text_block":[{"title":"Ingredientes Ativos","textarea":"<p><b>\u00c1cido asc\u00f3rbico, Vitamina C <\/b>&#8211; Potente antioxidante que pode ser usado para tratar e prevenir altera\u00e7\u00f5es associadas ao fotoenvelhecimento. Tamb\u00e9m pode ser usado no tratamento da hiperpigmenta\u00e7\u00e3o. Inibir a atividade da Tirosinase por atuar no Cu2 + e prevenir a s\u00edntese de melanina.<\/p>\n<p><b>Niacinamida<\/b><b>, Forma de vitamina B3 <\/b>&#8211; Agente condicionador da pele. Agente anti-envelhecimento, calmante e anti-inflamat\u00f3rio. Aumenta a imunidade da Pele. Melhora o desempenho da barreira epid\u00e9rmica. Melhora a vermelhid\u00e3o e manchas na pele. Mant\u00e9m o fluxo de oleosidade da Pele regulado. Minimiza linhas e rugas. Redu\u00e7\u00e3o da pigmenta\u00e7\u00e3o irregular ao desacelerar a transfer\u00eancia de melanina<\/p>\n<p><b>Pantenol<\/b><b>, Pr\u00f3-vitamina B5 <\/b>&#8211; Lubrificante, emoliente e hidratante. Humectante &#8211; Atrai e ret\u00e9m a humidade. Proporciona cicatriza\u00e7\u00e3o de feridas e possui a\u00e7\u00e3o anti inflamat\u00f3ria.<\/p>\n<p><b>Pyridoxine<\/b> <b>ClH<\/b><b>, Vitamina B<\/b>6 &#8211; Antioxidante. agente de condicionamento da pele e do cabelo.<\/p>\n<p><b>Palmitato de <\/b><b>retinil<\/b><b>,<\/b> <b>Forma de vitamina A<\/b> &#8211; \u00c9 um agente condicionador da pele. Reduz a descama\u00e7\u00e3o e restaura a elasticidade, melhorando assim a apar\u00eancia da pele seca e danificada. \u00c9 tamb\u00e9m um antioxidante eficaz: melhora a produ\u00e7\u00e3o de col\u00e1geno e deixa a pele mais lisa, ajudando a suavizar as linhas de express\u00e3o.<\/p>\n<p><b>Cloreto de tiamina, Vitamina B1<\/b> &#8211; Agente condicionador da pele. Essencial para o metabolismo aer\u00f3bio e o crescimento celular. Ap\u00f3s a hidr\u00f3lise, \u00e9 uma coenzima para muitas atividades enzim\u00e1ticas envolvendo o metabolismo de \u00e1cidos graxos, amino\u00e1cidos e carboidratos.<\/p>\n"},{"title":"Misturas Poss\u00edveis","textarea":"<p><i>3,5% <\/i><i>hy<\/i><i>-ac low viscosity solution, 3,5% <\/i><i>hy<\/i><i>-ac ULTRA low viscosity solution, 2% <\/i><i>hy<\/i><i>-ac low viscosity solution<\/i><\/p>\n"},{"title":"Protocolo de Tratamentos","textarea":"<p><strong>Regras gerais<\/strong><\/p>\n<p><strong>\u00a0<\/strong><\/p>\n<p><strong>Passo 1: Lave a pele com um gel de limpeza transparente e seque. N\u00e3o use um creme, lo\u00e7\u00e3o ou limpador perolado, que pode deixar res\u00edduos.<\/strong><\/p>\n<p><strong>\u00a0<\/strong><\/p>\n<p><strong>Passo 2: Desinfete a \u00e1rea com clorexidina ou similar<\/strong><\/p>\n<p><strong>\u00a0<\/strong><\/p>\n<p><strong>Passo 3: Aplique uma pequena quantidade do produto em uma compressa de gaze e espalhe sobre a \u00e1rea desejada (ou use um pincel leque) se estiver usando mesoterapia virtual ou encha a seringa com o produto se estiver usando mesoterapia cl\u00e1ssica.<\/strong><\/p>\n<p><strong>\u00a0<\/strong><\/p>\n<p><strong>Etapa 4: percorra a \u00e1rea com o instrumento seguindo as instru\u00e7\u00f5es do fabricante<\/strong><\/p>\n<p><strong>\u00a0<\/strong><\/p>\n<p><strong>Passo 5: Reaplique a solu\u00e7\u00e3o conforme necess\u00e1rio para cobrir toda a \u00e1rea at\u00e9 que a pele esteja levemente \u00famida (no caso de mesoterapia virtual)<\/strong><\/p>\n<p><strong>\u00a0<\/strong><\/p>\n<p><strong>Passo 6: Repita o passo 4.<\/strong><\/p>\n<p><strong>\u00a0<\/strong><\/p>\n<p><strong>Etapa 7: enx\u00e1gue a solu\u00e7\u00e3o restante com \u00e1gua fria por 30 segundos. Seque suavemente a pele e aplique o soro hialur\u00f4nico hidratante p\u00f3s-peeling\/24 para nutrir a pele com ingredientes antienvelhecimento.<\/strong><\/p>\n<p>&nbsp;<\/p>\n<p><b>PROTOCOLO MESO<\/b>: Profundidade recomendada por \u00e1rea<\/p>\n<p>Frente &#8230;&#8230;&#8230;&#8230;&#8230;&#8230;&#8230;&#8230;&#8230;&#8230;&#8230;. 1-1,5 mm<\/p>\n<p>Bochechas &#8230;&#8230;&#8230;&#8230;&#8230;&#8230;&#8230;&#8230;&#8230; 1,5-2,5 mm<\/p>\n<p>Linha do maxilar e queixo &#8230; 1-1,5 mm<\/p>\n<p>M\u00e3os &#8230;&#8230;&#8230;&#8230;&#8230;&#8230;&#8230;&#8230;&#8230;&#8230;&#8230;.. 1-2 mm<\/p>\n<p><b>Tempo recomendado por \u00e1rea usando sistemas de aplica\u00e7\u00e3o <\/b><b>transd\u00e9rmica<\/b><b> (<\/b><b>eletropora\u00e7\u00e3o<\/b><b>, iontoforese, ultrassom, correntes galv\u00e2nicas, correntes cont\u00ednuas, radiofrequ\u00eancia, termoterapia)<\/b><\/p>\n<p>Rosto, queixo e decote &#8230;&#8230;&#8230;.. 5 minutos<\/p>\n<p>M\u00e3os &#8230;&#8230;&#8230;&#8230;&#8230;&#8230;&#8230;&#8230;&#8230;&#8230;&#8230;&#8230;&#8230; 5 minutos<\/p>\n<p><b>Tempo recomendado entre as sess\u00f5es<\/b><\/p>\n<p>Usando TDS &#8230;&#8230;&#8230;&#8230;&#8230;&#8230;&#8230;&#8230;&#8230;&#8230;&#8230;&#8230;&#8230;.. intervalos de 6 a 7 dias<\/p>\n<p>Usando meso-caneta ou meso-rolo &#8230;..intervalo de 8 a 10 dias<\/p>\n<p>Tradicional &#8230;&#8230;&#8230;&#8230;&#8230;&#8230;&#8230;&#8230;&#8230;&#8230;&#8230;&#8230;&#8230;&#8230;. intervalo de 7 a 10 dias<\/p>\n<p><b>N\u00famero de sess\u00f5es<\/b><\/p>\n<p>Iniciando o tratamento &#8230;&#8230;&#8230;&#8230;&#8230;&#8230;&#8230;.. 4-5<\/p>\n<p>Manuten\u00e7\u00e3o &#8230;&#8230;&#8230;&#8230;&#8230;&#8230;&#8230;&#8230;&#8230;&#8230;&#8230;&#8230;&#8230; a cada 3-4 meses<\/p>\n"}],"download_file":false}},"_links":{"self":[{"href":"http:\/\/www.therapmedic.com\/pt-pt\/wp-json\/wp\/v2\/product\/1757","targetHints":{"allow":["GET"]}}],"collection":[{"href":"http:\/\/www.therapmedic.com\/pt-pt\/wp-json\/wp\/v2\/product"}],"about":[{"href":"http:\/\/www.therapmedic.com\/pt-pt\/wp-json\/wp\/v2\/types\/product"}],"wp:featuredmedia":[{"embeddable":true,"href":"http:\/\/www.therapmedic.com\/pt-pt\/wp-json\/wp\/v2\/media\/1760"}],"wp:attachment":[{"href":"http:\/\/www.therapmedic.com\/pt-pt\/wp-json\/wp\/v2\/media?parent=1757"}],"wp:term":[{"taxonomy":"product_brand","embeddable":true,"href":"http:\/\/www.therapmedic.com\/pt-pt\/wp-json\/wp\/v2\/product_brand?post=1757"},{"taxonomy":"product_cat","embeddable":true,"href":"http:\/\/www.therapmedic.com\/pt-pt\/wp-json\/wp\/v2\/product_cat?post=1757"},{"taxonomy":"product_tag","embeddable":true,"href":"http:\/\/www.therapmedic.com\/pt-pt\/wp-json\/wp\/v2\/product_tag?post=1757"}],"curies":[{"name":"wp","href":"https:\/\/api.w.org\/{rel}","templated":true}]}}