{"id":1740,"date":"2022-11-21T15:05:35","date_gmt":"2022-11-21T15:05:35","guid":{"rendered":"https:\/\/www.therapmedic.com\/?post_type=product&#038;p=1740"},"modified":"2023-11-29T11:36:48","modified_gmt":"2023-11-29T11:36:48","slug":"healthy-youth","status":"publish","type":"product","link":"http:\/\/www.therapmedic.com\/pt-pt\/produto\/healthy-youth\/","title":{"rendered":"Healthy Youth"},"content":{"rendered":"<p><b><i>Healthy <\/i><\/b><b><i>youth<\/i><\/b> &#8211; Aumente a produ\u00e7\u00e3o de col\u00e1geno. Atividade antioxidante. Radicais anti-livres<\/p>\n<p><b><i>Healthy <\/i><\/b><b><i>Youth<\/i><\/b> \u00e9 um cocktail de subst\u00e2ncias ativas projetado para ajudar a reduzir os sinais de rugas da pele, estimulando a renova\u00e7\u00e3o da derme. Pode ajudar a restaurar sua apar\u00eancia jovem e saud\u00e1vel.<\/p>\n<p><u><b>Apresenta\u00e7\u00e3o<\/b><\/u>: Caixa com 5 viais de 5ml<\/p>\n<p>O pre\u00e7o apresentado \u00e9 por caixa de 5 frascos.<\/p>\n","protected":false},"excerpt":{"rendered":"<p>Healthy youth &#8211; Aumente a produ\u00e7\u00e3o de col\u00e1geno. Atividade antioxidante. Radicais anti-livres Healthy Youth \u00e9 um cocktail de subst\u00e2ncias ativas projetado para ajudar a reduzir os sinais de rugas da pele, estimulando a renova\u00e7\u00e3o da derme. Pode ajudar a restaurar sua apar\u00eancia jovem e saud\u00e1vel. Apresenta\u00e7\u00e3o: Caixa com 5 viais de 5ml O pre\u00e7o apresentado [&hellip;]<\/p>\n","protected":false},"featured_media":1741,"template":"","meta":[],"product_brand":[],"product_cat":[1096,1249,1101,1253,1117,1257,15,1123,1263,918,1141,944,1157,946,1163,1024,1165,1026,1167,1028,1173,1038,1177,1040,1213,1046,1221,1062,1233,1068,1235,1086,1237],"product_tag":[],"class_list":{"0":"post-1740","1":"product","2":"type-product","3":"status-publish","4":"has-post-thumbnail","6":"product_cat-cara","7":"product_cat-decote","8":"product_cat-pele-envelhecida-pt-pt","9":"product_cat-secura-pele-desidratada-pt-pt-4","10":"product_cat-secura-pele-desidratada-pt-pt","11":"product_cat-melasmas-manchas-castanhas-pt-pt-5","12":"product_cat-uncategorized","13":"product_cat-rugas-na-testa","14":"product_cat-rugas-pt-pt-2","15":"product_cat-test","16":"product_cat-pele-flacida-pt-pt-3","17":"product_cat-produtos-de-mesoterapia","18":"product_cat-rugas-em-volta-dos-olhos","19":"product_cat-anti-envelhecimento","20":"product_cat-manos","21":"product_cat-areas-de-tratamentos-vs-produtos-tratamentos-com-equipamentos","22":"product_cat-pele-envelhecida-pt-pt-2","23":"product_cat-bracos","24":"product_cat-secura-pele-desidratada-pt-pt-2","25":"product_cat-pele-envelhecida","26":"product_cat-pele-flacida-pt-pt-4","27":"product_cat-pele-flacida","28":"product_cat-rugas","29":"product_cat-corpo","30":"product_cat-pernas","31":"product_cat-secura-pele-desidratada","32":"product_cat-pele-flacida-pt-pt-5","33":"product_cat-pele-flacida-pt-pt","34":"product_cat-pescoco","35":"product_cat-gluteos","36":"product_cat-pele-envelhecida-pt-pt-3","37":"product_cat-pele-flacida-pt-pt-2","38":"product_cat-secura-pele-desidratada-pt-pt-3","40":"first","41":"instock","42":"taxable","43":"shipping-taxable","44":"purchasable","45":"product-type-simple"},"acf":{"display":[],"short_name":"","display_equipment_products":[],"short_name_equipment_products":"","confidential_information":{"text_block":[{"title":"Ingredientes Ativos","textarea":"<p><b>\u00c1cido asc\u00f3rbico, Vitamina C <\/b>&#8211; Potente antioxidante que pode ser usado para tratar e prevenir altera\u00e7\u00f5es associadas ao fotoenvelhecimento.<\/p>\n<p>Tamb\u00e9m pode ser usado no tratamento da hiperpigmenta\u00e7\u00e3o. Inibe a atividade da Tirosinase por a\u00e7\u00e3o sobre o Cu2 + e impede a s\u00edntese de melanina.<\/p>\n<p><b>Elastina (extrato de algas)<\/b> &#8211; Efeito anti-envelhecimento da pele. Tem efeito protetor, nutritivo e hidratante. Ajuda a manter os n\u00edveis de hidrata\u00e7\u00e3o e tamb\u00e9m a melhorar a elasticidade geral da pele.<\/p>\n<p><b>\u00c1cido <\/b><b>hialur\u00f3nico<\/b><b> hidrolisado <\/b><b>Ultra-Low<\/b> <b>m.w<\/b><b>. 8 <\/b><b>Kd<\/b> &#8211; \u00c1cido hialur\u00f3nico 8 Kd. Aumenta a produ\u00e7\u00e3o de elastina, bem como fibronectina, glucosaminoglicano e col\u00e1geno. Efeito hidratante.<\/p>\n<p><b>Pantenol<\/b><b>. Pr\u00f3-vitamina B5<\/b> &#8211; Lubrificante, emoliente e hidratante. Humectante &#8211; Atrai e ret\u00e9m a humidade. Proporciona cicatriza\u00e7\u00e3o de feridas e possui a\u00e7\u00e3o anti-inflamat\u00f3ria.<\/p>\n<p><b>Extrato de <\/b><b>Piscum<\/b> <b>Ovum<\/b><b> (Caviar) <\/b>&#8211; O extrato de ovo de peixe \u00e9 um produto rico em prote\u00ednas que cont\u00e9m principalmente amino\u00e1cidos: arginina, histidina, isoleucina, lisina e metionina, lip\u00eddios incluem principalmente colesterol (25%) e lecitina (75%), grandes quantidades de vitamina A, vitaminas B2, B6 , B12, niacina, \u00e1cido pantot\u00eanico e \u00e1cido f\u00f3lico e altas propor\u00e7\u00f5es de c\u00e1lcio, magn\u00e9sio, f\u00f3sforo, pot\u00e1ssio e s\u00f3dio<\/p>\n<p><b>Pyridoxine<\/b> <b>ClH<\/b><b>,<\/b><b> Vitamina B6<\/b> &#8211; Antioxidante. agente de condicionamento da pele e do cabelo.<\/p>\n<p><b>Cloreto de tiamina, Vitamina B1 <\/b>&#8211; Agente condicionador da pele. Essencial para o metabolismo aer\u00f3bio e o crescimento celular. Ap\u00f3s a hidr\u00f3lise, \u00e9 uma coenzima para muitas atividades enzim\u00e1ticas envolvendo o metabolismo de \u00e1cidos graxos, amino\u00e1cidos e carboidratos.<\/p>\n<p><b>Ur\u00e9ia<\/b> &#8211; Maior absor\u00e7\u00e3o pela pele. \u00e9 um dos ingredientes hidratantes mais eficazes na qu\u00edmica cosm\u00e9tica. O papel da ureia na pele \u00e9 manter um equil\u00edbrio de hidrata\u00e7\u00e3o saud\u00e1vel, mantendo-a macia, flex\u00edvel e jovem, trazendo o al\u00edvio t\u00e3o necess\u00e1rio para uma pele seca. \u00c9 um componente natural dos tecidos da nossa pele e constitui 7% do nosso fator de hidrata\u00e7\u00e3o natural, que diminui com a idade.<\/p>\n"},{"title":"Poss\u00edveis Misturas","textarea":"<p><i>3.5% <\/i><i>hy<\/i><i>-ac low viscosity solution, 3.5% <\/i><i>hy<\/i><i>-ac ULTRA low viscosity solution, 2% <\/i><i>hy<\/i><i>-ac low viscosity solution<\/i><\/p>\n"},{"title":"Protocolo de Tratamento","textarea":"<p><strong>Regras gerais<\/strong><\/p>\n<p><strong>\u00a0<\/strong><\/p>\n<p><strong>Passo 1: Lave a pele com um gel de limpeza transparente e seque. N\u00e3o use um creme, lo\u00e7\u00e3o ou limpador perolado, que pode deixar res\u00edduos.<\/strong><\/p>\n<p><strong>\u00a0<\/strong><\/p>\n<p><strong>Passo 2: Desinfete a \u00e1rea com clorexidina ou similar<\/strong><\/p>\n<p><strong>\u00a0<\/strong><\/p>\n<p><strong>Passo 3: Aplique uma pequena quantidade do produto em uma compressa de gaze e espalhe sobre a \u00e1rea desejada (ou use um pincel leque) se estiver usando mesoterapia virtual ou encha a seringa com o produto se estiver usando mesoterapia cl\u00e1ssica.<\/strong><\/p>\n<p><strong>\u00a0<\/strong><\/p>\n<p><strong>Etapa 4: percorra a \u00e1rea com o instrumento seguindo as instru\u00e7\u00f5es do fabricante<\/strong><\/p>\n<p><strong>\u00a0<\/strong><\/p>\n<p><strong>Passo 5: Reaplique a solu\u00e7\u00e3o conforme necess\u00e1rio para cobrir toda a \u00e1rea at\u00e9 que a pele esteja levemente \u00famida (no caso de mesoterapia virtual)<\/strong><\/p>\n<p><strong>\u00a0<\/strong><\/p>\n<p><strong>Passo 6: Repita o passo 4.<\/strong><\/p>\n<p><strong>\u00a0<\/strong><\/p>\n<p><strong>Etapa 7: enx\u00e1gue a solu\u00e7\u00e3o restante com \u00e1gua fria por 30 segundos. Seque suavemente a pele e aplique o soro hialur\u00f4nico hidratante p\u00f3s-peeling\/24 para nutrir a pele com ingredientes antienvelhecimento.<\/strong><\/p>\n<p>&nbsp;<\/p>\n<p>&nbsp;<\/p>\n<p><b>PROTOCOLO MESO<\/b>: Profundidade recomendada por \u00e1rea<\/p>\n<p>Frente &#8230;&#8230;&#8230;&#8230;&#8230;&#8230;&#8230;&#8230;&#8230;&#8230;&#8230;&#8230;&#8230;.. 1-1,5 mm<\/p>\n<p>Bochechas &#8230;&#8230;&#8230;&#8230;&#8230;&#8230;&#8230;&#8230;&#8230;&#8230;&#8230;. 1,5-2,5 mm<\/p>\n<p>Linha do maxilar e queixo &#8230;&#8230;&#8230;. 1-1,5 mm<\/p>\n<p>M\u00e3os &#8230;&#8230;&#8230;&#8230;&#8230;&#8230;&#8230;&#8230;&#8230;&#8230;&#8230;&#8230;&#8230;&#8230;. 1-2 mm<\/p>\n<p><b>Tempo recomendado por \u00e1rea usando sistemas de aplica\u00e7\u00e3o <\/b><b>transd\u00e9rmica<\/b><b> (<\/b><b>eletropora\u00e7\u00e3o<\/b><b>, iontoforese, ultrassom, correntes galv\u00e2nicas, correntes cont\u00ednuas, radiofrequ\u00eancia, termoterapia)<\/b><\/p>\n<p>Rosto, queixo e decote &#8230;&#8230;&#8230;.. 5 minutos<\/p>\n<p>M\u00e3os &#8230;&#8230;&#8230;&#8230;&#8230;&#8230;&#8230;&#8230;&#8230;&#8230;&#8230;&#8230;&#8230; 5 minutos<\/p>\n<p><b>Tempo recomendado entre as sess\u00f5es<\/b><\/p>\n<p>Usando TDS &#8230;&#8230;&#8230;&#8230;&#8230;&#8230;&#8230;&#8230;&#8230;&#8230;&#8230;&#8230;&#8230;&#8230;&#8230;&#8230; intervalos de 6 a 7 dias<\/p>\n<p>Usando meso-caneta ou meso-rolo &#8230;&#8230;&#8230;.. intervalo de 7-8 dias<\/p>\n<p>Tradicional &#8230;&#8230;&#8230;&#8230;&#8230;&#8230;&#8230;&#8230;&#8230;&#8230;&#8230;&#8230;&#8230;&#8230;&#8230;&#8230;.. intervalo de 7 a 8 dias<\/p>\n<p><b>N\u00famero de sess\u00f5es<\/b>:<\/p>\n<p>Iniciando o tratamento &#8230;&#8230;&#8230;&#8230;&#8230;&#8230;&#8230;.. 4-6;<\/p>\n<p>Manuten\u00e7\u00e3o &#8230;&#8230;&#8230;&#8230;&#8230;&#8230;&#8230; a cada 4-5 meses 2 sess\u00f5es<\/p>\n"}],"download_file":false}},"_links":{"self":[{"href":"http:\/\/www.therapmedic.com\/pt-pt\/wp-json\/wp\/v2\/product\/1740","targetHints":{"allow":["GET"]}}],"collection":[{"href":"http:\/\/www.therapmedic.com\/pt-pt\/wp-json\/wp\/v2\/product"}],"about":[{"href":"http:\/\/www.therapmedic.com\/pt-pt\/wp-json\/wp\/v2\/types\/product"}],"wp:featuredmedia":[{"embeddable":true,"href":"http:\/\/www.therapmedic.com\/pt-pt\/wp-json\/wp\/v2\/media\/1741"}],"wp:attachment":[{"href":"http:\/\/www.therapmedic.com\/pt-pt\/wp-json\/wp\/v2\/media?parent=1740"}],"wp:term":[{"taxonomy":"product_brand","embeddable":true,"href":"http:\/\/www.therapmedic.com\/pt-pt\/wp-json\/wp\/v2\/product_brand?post=1740"},{"taxonomy":"product_cat","embeddable":true,"href":"http:\/\/www.therapmedic.com\/pt-pt\/wp-json\/wp\/v2\/product_cat?post=1740"},{"taxonomy":"product_tag","embeddable":true,"href":"http:\/\/www.therapmedic.com\/pt-pt\/wp-json\/wp\/v2\/product_tag?post=1740"}],"curies":[{"name":"wp","href":"https:\/\/api.w.org\/{rel}","templated":true}]}}