{"id":1736,"date":"2022-11-21T14:34:27","date_gmt":"2022-11-21T14:34:27","guid":{"rendered":"https:\/\/www.therapmedic.com\/?post_type=product&#038;p=1736"},"modified":"2026-03-25T18:05:17","modified_gmt":"2026-03-25T18:05:17","slug":"forever-young","status":"publish","type":"product","link":"http:\/\/www.therapmedic.com\/pt-pt\/produto\/forever-young\/","title":{"rendered":"Forever Young"},"content":{"rendered":"<p><b><i>Forever<\/i><\/b> <b><i>young<\/i><\/b> &#8211; Rugas profundas da primeira idade. Estimula o metabolismo da pele<\/p>\n<p><b><i>Forever Young<\/i><\/b> \u00e9 uma f\u00f3rmula bio-revitalizante completa projetada para corrigir em profundidade o primeiro est\u00e1gio das rugas profundas. Al\u00e9m de uma f\u00f3rmula aprimorada de componentes bio-revitalizantes em propor\u00e7\u00e3o sin\u00e9rgica, a inclus\u00e3o de pept\u00eddeos biol\u00f3gicos ativos de origem caviar \u00e9 a chave dos resultados desde a primeira sess\u00e3o.<\/p>\n<p>Transforme sua pele com a nossa avan\u00e7ada mesoterapia facial. Com uma f\u00f3rmula poderosa que atua nas rugas profundas e estimula a s\u00edntese de col\u00e1geno, ela revela uma apar\u00eancia rejuvenescida e radiante. Esta solu\u00e7\u00e3o inovadora n\u00e3o apenas desintoxica suas c\u00e9lulas da pele, mas tamb\u00e9m retarda o processo de envelhecimento e proporciona hidrata\u00e7\u00e3o intensa. Experimente uma pele mais lisa, mais el\u00e1stica, com um tom unificado e radiante. \u00c9 hora de mostrar a melhor vers\u00e3o de si mesmo!<\/p>\n<p>Para mulheres e homens de todas as idades.<\/p>\n<p><strong><u>Apresenta\u00e7\u00e3o<\/u><\/strong>: Caixa de 5 viais de 5ml cada<\/p>\n<p>O pre\u00e7o apresentado \u00e9 por caixa de 5 frascos.<\/p>\n<p>Para comprar frascos individualmente, por favor, entre em contato pelo WhatsApp (bot\u00e3o verde do WhatsApp na p\u00e1gina).<\/p>\n","protected":false},"excerpt":{"rendered":"<p>Forever young &#8211; Rugas profundas da primeira idade. Estimula o metabolismo da pele Forever Young \u00e9 uma f\u00f3rmula bio-revitalizante completa projetada para corrigir em profundidade o primeiro est\u00e1gio das rugas profundas. Al\u00e9m de uma f\u00f3rmula aprimorada de componentes bio-revitalizantes em propor\u00e7\u00e3o sin\u00e9rgica, a inclus\u00e3o de pept\u00eddeos biol\u00f3gicos ativos de origem caviar \u00e9 a chave dos [&hellip;]<\/p>\n","protected":false},"featured_media":8287,"template":"","meta":[],"product_brand":[],"product_cat":[1038,1221,1040,1233,1046,1237,1062,1249,1068,1253,1086,1263,1096,1101,1111,1117,15,1141,944,1163,946,1167,1024,1173,1026,1177,1028,1213],"product_tag":[],"class_list":{"0":"post-1736","1":"product","2":"type-product","3":"status-publish","4":"has-post-thumbnail","6":"product_cat-pele-flacida","7":"product_cat-pele-flacida-pt-pt-5","8":"product_cat-corpo","9":"product_cat-pescoco","10":"product_cat-secura-pele-desidratada","11":"product_cat-secura-pele-desidratada-pt-pt-3","12":"product_cat-pele-flacida-pt-pt","13":"product_cat-decote","14":"product_cat-gluteos","15":"product_cat-secura-pele-desidratada-pt-pt-4","16":"product_cat-pele-flacida-pt-pt-2","17":"product_cat-rugas-pt-pt-2","18":"product_cat-cara","19":"product_cat-pele-envelhecida-pt-pt","20":"product_cat-rugas-profundas","21":"product_cat-secura-pele-desidratada-pt-pt","22":"product_cat-uncategorized","23":"product_cat-pele-flacida-pt-pt-3","24":"product_cat-produtos-de-mesoterapia","25":"product_cat-manos","26":"product_cat-anti-envelhecimento","27":"product_cat-secura-pele-desidratada-pt-pt-2","28":"product_cat-areas-de-tratamentos-vs-produtos-tratamentos-com-equipamentos","29":"product_cat-pele-flacida-pt-pt-4","30":"product_cat-bracos","31":"product_cat-rugas","32":"product_cat-pele-envelhecida","33":"product_cat-pernas","35":"first","36":"instock","37":"taxable","38":"shipping-taxable","39":"purchasable","40":"product-type-simple"},"acf":{"display":[],"short_name":"Forever Young","display_equipment_products":[],"short_name_equipment_products":"","confidential_information":{"text_block":[{"title":"Ingredientes Ativos","textarea":"<p><b>Pantenol<\/b><b> Pr\u00f3-vitamina B5 &#8211; <\/b>Lubrificante, emoliente e hidratante. Humectante &#8211; Atrai e ret\u00e9m a humidade. Proporciona cicatriza\u00e7\u00e3o de feridas e possui a\u00e7\u00e3o anti inflamat\u00f3ria.<\/p>\n<p><b>Palmitato de <\/b><b>retinil<\/b><b>, Forma de vitamina A &#8211; <\/b>\u00c9 um agente condicionador da pele. Reduz a descama\u00e7\u00e3o e restaura a elasticidade, melhorando assim a apar\u00eancia da pele seca e danificada. \u00c9 tamb\u00e9m um antioxidante eficaz, melhora a produ\u00e7\u00e3o de col\u00e1geno e deixa a pele mais \u201ccheia\u201d, ajudando a suavizar as linhas de express\u00e3o.<\/p>\n<p><b>Cloreto de tiamina, Vitamina B1 &#8211; <\/b>Agente condicionador da pele. Essencial para o metabolismo aer\u00f3bio e o crescimento celular. Ap\u00f3s a hidr\u00f3lise, \u00e9 uma coenzima para muitas atividades enzim\u00e1ticas envolvendo o metabolismo de \u00e1cidos graxos, amino\u00e1cidos e carboidratos.<\/p>\n<p><b>Acetato de tocoferol, Vitamina E &#8211;<\/b> O acetato de tocoferol \u00e9 uma forma de vitamina E. Antioxidante; Agente condicionador da pele. Ele protege as membranas celulares dos danos causados \u200b\u200bpelos radicais livres de oxig\u00e9nio.<\/p>\n<p><b>Ur\u00e9ia<\/b><b> &#8211;<\/b> Maior absor\u00e7\u00e3o da pele. \u00e9 um dos ingredientes hidratantes mais eficazes na qu\u00edmica cosm\u00e9tica. O seu papel na pele \u00e9 manter um equil\u00edbrio de hidrata\u00e7\u00e3o saud\u00e1vel, mantendo-a macia, flex\u00edvel e jovem, trazendo o al\u00edvio t\u00e3o necess\u00e1rio para uma pele seca. \u00c9 um componente natural dos tecidos da nossa pele e constitui 7% do nosso fator de hidrata\u00e7\u00e3o natural, que diminui com a idade.<\/p>\n<p>&nbsp;<\/p>\n<h1 data-section-id=\"1nhjvzq\" data-start=\"298\" data-end=\"363\"><span role=\"text\"><strong data-start=\"305\" data-end=\"363\">FOREVER YOUNG \u2013 Ingredientes Ativos &amp; Efeito Sin\u00e9rgico<\/strong><\/span><\/h1>\n<h2 data-section-id=\"1es9vex\" data-start=\"365\" data-end=\"401\">\ud83d\udd2c Ingredientes e os seus efeitos<\/h2>\n<h3 data-section-id=\"x10lq2\" data-start=\"403\" data-end=\"424\"><span role=\"text\">\ud83d\udfe1 <strong data-start=\"410\" data-end=\"424\">Vitamina A<\/strong><\/span><\/h3>\n<ul data-start=\"425\" data-end=\"595\">\n<li data-section-id=\"14yoby5\" data-start=\"425\" data-end=\"459\">Estimula a <strong data-start=\"438\" data-end=\"459\">renova\u00e7\u00e3o celular<\/strong><\/li>\n<li data-section-id=\"r4ltr\" data-start=\"460\" data-end=\"497\">Aumenta a <strong data-start=\"472\" data-end=\"497\">produ\u00e7\u00e3o de colag\u00e9nio<\/strong><\/li>\n<li data-section-id=\"4zy02\" data-start=\"498\" data-end=\"541\">Melhora a <strong data-start=\"510\" data-end=\"541\">textura e suavidade da pele<\/strong><\/li>\n<li data-section-id=\"11togt9\" data-start=\"542\" data-end=\"595\">Reduz <strong data-start=\"550\" data-end=\"595\">rugas e sinais precoces de envelhecimento<\/strong><\/li>\n<\/ul>\n<p data-start=\"597\" data-end=\"643\">\ud83d\udc49 <em data-start=\"600\" data-end=\"609\">Fun\u00e7\u00e3o:<\/em> Renova\u00e7\u00e3o + anti-aging estrutural<\/p>\n<hr data-start=\"645\" data-end=\"648\" \/>\n<h3 data-section-id=\"x10p32\" data-start=\"650\" data-end=\"671\"><span role=\"text\">\ud83d\udfe1 <strong data-start=\"657\" data-end=\"671\">Vitamina E<\/strong><\/span><\/h3>\n<ul data-start=\"672\" data-end=\"802\">\n<li data-section-id=\"1h7pbzj\" data-start=\"672\" data-end=\"698\">Potente <strong data-start=\"682\" data-end=\"698\">antioxidante<\/strong><\/li>\n<li data-section-id=\"1fs1oy7\" data-start=\"699\" data-end=\"738\">Protege contra <strong data-start=\"716\" data-end=\"738\">fotoenvelhecimento<\/strong><\/li>\n<li data-section-id=\"12w8x4k\" data-start=\"739\" data-end=\"769\">Reduz o <strong data-start=\"749\" data-end=\"769\">stress oxidativo<\/strong><\/li>\n<li data-section-id=\"7v3hpx\" data-start=\"770\" data-end=\"802\">Refor\u00e7a a <strong data-start=\"782\" data-end=\"802\">barreira cut\u00e2nea<\/strong><\/li>\n<\/ul>\n<p data-start=\"804\" data-end=\"855\">\ud83d\udc49 <em data-start=\"807\" data-end=\"816\">Fun\u00e7\u00e3o:<\/em> Prote\u00e7\u00e3o + preven\u00e7\u00e3o do envelhecimento<\/p>\n<hr data-start=\"857\" data-end=\"860\" \/>\n<h3 data-section-id=\"1uvsori\" data-start=\"862\" data-end=\"894\"><span role=\"text\">\ud83d\udfe1 <strong data-start=\"869\" data-end=\"894\">Tiamina (Vitamina B1)<\/strong><\/span><\/h3>\n<ul data-start=\"895\" data-end=\"1064\">\n<li data-section-id=\"97ixel\" data-start=\"895\" data-end=\"931\">Estimula o <strong data-start=\"908\" data-end=\"931\">metabolismo celular<\/strong><\/li>\n<li data-section-id=\"1y39ruw\" data-start=\"932\" data-end=\"975\">Melhora a <strong data-start=\"944\" data-end=\"975\">energia das c\u00e9lulas da pele<\/strong><\/li>\n<li data-section-id=\"urxupo\" data-start=\"976\" data-end=\"1014\">Promove <strong data-start=\"986\" data-end=\"1014\">regenera\u00e7\u00e3o e vitalidade<\/strong><\/li>\n<li data-section-id=\"15pw1yj\" data-start=\"1015\" data-end=\"1064\">Ajuda a manter a pele <strong data-start=\"1039\" data-end=\"1064\">mais saud\u00e1vel e ativa<\/strong><\/li>\n<\/ul>\n<p data-start=\"1066\" data-end=\"1098\">\ud83d\udc49 <em data-start=\"1069\" data-end=\"1078\">Fun\u00e7\u00e3o:<\/em> Ativa\u00e7\u00e3o metab\u00f3lica<\/p>\n<hr data-start=\"1100\" data-end=\"1103\" \/>\n<h3 data-section-id=\"1vbaxcm\" data-start=\"1105\" data-end=\"1151\"><span role=\"text\">\ud83d\udfe1 <strong data-start=\"1112\" data-end=\"1151\">Extrato de \u00d3vulo de Piscum (Caviar)<\/strong><\/span><\/h3>\n<ul data-start=\"1152\" data-end=\"1327\">\n<li data-section-id=\"m90o4l\" data-start=\"1152\" data-end=\"1204\">Rico em <strong data-start=\"1162\" data-end=\"1204\">p\u00e9ptidos, amino\u00e1cidos e oligoelementos<\/strong><\/li>\n<li data-section-id=\"y0ru3q\" data-start=\"1205\" data-end=\"1242\">Estimula a <strong data-start=\"1218\" data-end=\"1242\">s\u00edntese de colag\u00e9nio<\/strong><\/li>\n<li data-section-id=\"135pyjj\" data-start=\"1243\" data-end=\"1283\">Promove <strong data-start=\"1253\" data-end=\"1283\">repara\u00e7\u00e3o celular profunda<\/strong><\/li>\n<li data-section-id=\"s80p2y\" data-start=\"1284\" data-end=\"1327\">Melhora a <strong data-start=\"1296\" data-end=\"1327\">densidade e firmeza da pele<\/strong><\/li>\n<\/ul>\n<p data-start=\"1329\" data-end=\"1386\">\ud83d\udc49 <em data-start=\"1332\" data-end=\"1341\">Fun\u00e7\u00e3o:<\/em> Regenera\u00e7\u00e3o profunda + efeito rejuvenescedor<\/p>\n<hr data-start=\"1388\" data-end=\"1391\" \/>\n<h1 data-section-id=\"dn1avn\" data-start=\"1393\" data-end=\"1455\"><span role=\"text\">\u26a1 <strong data-start=\"1397\" data-end=\"1455\">Efeito Sin\u00e9rgico (O verdadeiro poder do FOREVER YOUNG)<\/strong><\/span><\/h1>\n<hr data-start=\"1457\" data-end=\"1460\" \/>\n<h3 data-section-id=\"17nmhpt\" data-start=\"1462\" data-end=\"1500\"><span role=\"text\">\ud83d\udd39 1. <strong data-start=\"1472\" data-end=\"1500\">Reativa\u00e7\u00e3o Total da Pele<\/strong><\/span><\/h3>\n<ul data-start=\"1501\" data-end=\"1603\">\n<li data-section-id=\"1n99n2o\" data-start=\"1501\" data-end=\"1535\">Vitamina A \u2192 renova\u00e7\u00e3o celular<\/li>\n<li data-section-id=\"wirux\" data-start=\"1536\" data-end=\"1569\">Tiamina \u2192 metabolismo celular<\/li>\n<li data-section-id=\"slhh7r\" data-start=\"1570\" data-end=\"1603\">Caviar \u2192 regenera\u00e7\u00e3o profunda<\/li>\n<\/ul>\n<p data-start=\"1605\" data-end=\"1658\">\ud83d\udc49 Resultado:<br data-start=\"1618\" data-end=\"1621\" \/>\u2714 <strong data-start=\"1623\" data-end=\"1658\">Pele reativada desde o interior<\/strong><\/p>\n<hr data-start=\"1660\" data-end=\"1663\" \/>\n<h3 data-section-id=\"1eyzklj\" data-start=\"1665\" data-end=\"1711\"><span role=\"text\">\ud83d\udd39 2. <strong data-start=\"1675\" data-end=\"1711\">Estimula\u00e7\u00e3o Intensa de Colag\u00e9nio<\/strong><\/span><\/h3>\n<ul data-start=\"1712\" data-end=\"1753\">\n<li data-section-id=\"169y3fl\" data-start=\"1712\" data-end=\"1753\">Caviar + Vitamina A atuam em conjunto<\/li>\n<\/ul>\n<p data-start=\"1755\" data-end=\"1866\">\ud83d\udc49 Resultado:<br data-start=\"1768\" data-end=\"1771\" \/>\u2714 <strong data-start=\"1773\" data-end=\"1816\">Melhoria da firmeza e estrutura da pele<\/strong><br data-start=\"1816\" data-end=\"1819\" \/>\u2714 Redu\u00e7\u00e3o vis\u00edvel de rugas profundas iniciais<\/p>\n<hr data-start=\"1868\" data-end=\"1871\" \/>\n<h3 data-section-id=\"1iq1eor\" data-start=\"1873\" data-end=\"1916\"><span role=\"text\">\ud83d\udd39 3. <strong data-start=\"1883\" data-end=\"1916\">Efeito Imediato + Progressivo<\/strong><\/span><\/h3>\n<ul data-start=\"1917\" data-end=\"2008\">\n<li data-section-id=\"ud1vj7\" data-start=\"1917\" data-end=\"1958\">Imediato: hidrata\u00e7\u00e3o, glow, suavidade<\/li>\n<li data-section-id=\"1eluoo8\" data-start=\"1959\" data-end=\"2008\">Progressivo: firmeza, densidade, elasticidade<\/li>\n<\/ul>\n<p data-start=\"2010\" data-end=\"2112\">\ud83d\udc49 Resultado:<br data-start=\"2023\" data-end=\"2026\" \/>\u2714 <strong data-start=\"2028\" data-end=\"2081\">Efeito \u201cpele renovada\u201d desde as primeiras sess\u00f5es<\/strong><br data-start=\"2081\" data-end=\"2084\" \/>\u2714 <strong data-start=\"2086\" data-end=\"2112\">Resultados cumulativos<\/strong><\/p>\n<hr data-start=\"2114\" data-end=\"2117\" \/>\n<h3 data-section-id=\"r6wqst\" data-start=\"2119\" data-end=\"2157\"><span role=\"text\">\ud83d\udd39 4. <strong data-start=\"2129\" data-end=\"2157\">A\u00e7\u00e3o Anti-Idade Completa<\/strong><\/span><\/h3>\n<ul data-start=\"2158\" data-end=\"2229\">\n<li data-section-id=\"fzmjl6\" data-start=\"2158\" data-end=\"2179\">Regenera (caviar)<\/li>\n<li data-section-id=\"1bpw5j9\" data-start=\"2180\" data-end=\"2204\">Estimula (vitaminas)<\/li>\n<li data-section-id=\"6cs7cj\" data-start=\"2205\" data-end=\"2229\">Protege (vitamina E)<\/li>\n<\/ul>\n<p data-start=\"2231\" data-end=\"2281\">\ud83d\udc49 Resultado:<br data-start=\"2244\" data-end=\"2247\" \/>\u2714 <strong data-start=\"2249\" data-end=\"2281\">Tratamento global anti-aging<\/strong><\/p>\n<hr data-start=\"2283\" data-end=\"2286\" \/>\n<h3 data-section-id=\"oii9s7\" data-start=\"2288\" data-end=\"2336\"><span role=\"text\">\ud83d\udd39 5. <strong data-start=\"2298\" data-end=\"2336\">Transforma\u00e7\u00e3o da Qualidade da Pele<\/strong><\/span><\/h3>\n<ul data-start=\"2337\" data-end=\"2408\">\n<li data-section-id=\"gqtlfb\" data-start=\"2337\" data-end=\"2356\">Pele mais firme<\/li>\n<li data-section-id=\"jxfgkw\" data-start=\"2357\" data-end=\"2374\">Mais luminosa<\/li>\n<li data-section-id=\"1c7n80v\" data-start=\"2375\" data-end=\"2393\">Mais homog\u00e9nea<\/li>\n<li data-section-id=\"1t92fgl\" data-start=\"2394\" data-end=\"2408\">Mais jovem<\/li>\n<\/ul>\n<p data-start=\"2410\" data-end=\"2468\">\ud83d\udc49 Resultado:<br data-start=\"2423\" data-end=\"2426\" \/>\u2714 <strong data-start=\"2428\" data-end=\"2468\">Rejuvenescimento vis\u00edvel e duradouro<\/strong><\/p>\n<hr data-start=\"2470\" data-end=\"2473\" \/>\n<h2 data-section-id=\"1gpdbik\" data-start=\"2475\" data-end=\"2508\">\ud83d\udca1 Em Resumo<\/h2>\n<p data-start=\"2510\" data-end=\"2575\">\ud83d\udc49 \u201cSolu\u00e7\u00e3o bio-revitalizante para as primeiras rugas profundas.\u201d<\/p>\n<p data-start=\"2577\" data-end=\"2686\">\ud83d\udc49 \u201cAtiva o metabolismo celular, estimula o colag\u00e9nio e melhora a qualidade da pele desde a primeira sess\u00e3o.\u201d<\/p>\n"},{"title":"Misturas Poss\u00edveis","textarea":"<p><i>Miami Skin, Fitness Body, <\/i><i>3.5% <\/i><i>hy<\/i><i>-ac low viscosity solution, 3.5% <\/i><i>hy<\/i><i>-ac Ultra low viscosity solution, <\/i><\/p>\n<p><i>DMAE solution<\/i><\/p>\n"},{"title":"Protocolo de Tratamento","textarea":"<p><strong>Regras gerais<\/strong><\/p>\n<p><strong>\u00a0<\/strong><\/p>\n<p><strong>Passo 1: Lave a pele com um gel de limpeza transparente e seque. N\u00e3o use um creme, lo\u00e7\u00e3o ou limpador perolado, que pode deixar res\u00edduos.<\/strong><\/p>\n<p><strong>\u00a0<\/strong><\/p>\n<p><strong>Passo 2: Desinfete a \u00e1rea com clorexidina ou similar<\/strong><\/p>\n<p><strong>\u00a0<\/strong><\/p>\n<p><strong>Passo 3: Aplique uma pequena quantidade do produto em uma compressa de gaze e espalhe sobre a \u00e1rea desejada (ou use um pincel leque) se estiver usando mesoterapia virtual ou encha a seringa com o produto se estiver usando mesoterapia cl\u00e1ssica.<\/strong><\/p>\n<p><strong>\u00a0<\/strong><\/p>\n<p><strong>Etapa 4: percorra a \u00e1rea com o instrumento seguindo as instru\u00e7\u00f5es do fabricante<\/strong><\/p>\n<p><strong>\u00a0<\/strong><\/p>\n<p><strong>Passo 5: Reaplique a solu\u00e7\u00e3o conforme necess\u00e1rio para cobrir toda a \u00e1rea at\u00e9 que a pele esteja levemente \u00famida (no caso de mesoterapia virtual)<\/strong><\/p>\n<p><strong>\u00a0<\/strong><\/p>\n<p><strong>Passo 6: Repita o passo 4.<\/strong><\/p>\n<p><strong>\u00a0<\/strong><\/p>\n<p><strong>Etapa 7: enx\u00e1gue a solu\u00e7\u00e3o restante com \u00e1gua fria por 30 segundos. Seque suavemente a pele e aplique o soro hialur\u00f4nico hidratante p\u00f3s-peeling\/24 para nutrir a pele com ingredientes antienvelhecimento.<\/strong><\/p>\n<p>&nbsp;<\/p>\n<p>&nbsp;<\/p>\n<p>&nbsp;<\/p>\n<p><b>INDICA\u00c7\u00d5ES DE UTILIZA\u00c7\u00c3O<\/b><\/p>\n<p>Aplica\u00e7\u00e3o t\u00f3pica, Aplica\u00e7\u00e3o de inje\u00e7\u00f5es na pele com agulhas, Mesoterapia sem agulha, Eletropora\u00e7\u00e3o, Derma-pen, Derma-Roller, Iontoforese<\/p>\n<p><b>PROTOCOLO MESO: <\/b>Profundidade recomendada por \u00e1rea<\/p>\n<p>Frente &#8230;&#8230;&#8230;&#8230;&#8230;&#8230;&#8230;&#8230;&#8230;&#8230;&#8230;&#8230;&#8230;.. 1-1,5 mm<\/p>\n<p>Bochechas &#8230;&#8230;&#8230;&#8230;&#8230;&#8230;&#8230;&#8230;&#8230;&#8230;&#8230;. 1,5-2,5 mm<\/p>\n<p>Linha do maxilar e queixo &#8230;&#8230;&#8230;. 1-1,5 mm<\/p>\n<p>M\u00e3os &#8230;&#8230;&#8230;&#8230;&#8230;&#8230;&#8230;&#8230;&#8230;&#8230;&#8230;&#8230;&#8230;&#8230; 1-2 mm<\/p>\n<p><b>Tempo recomendado por \u00e1rea usando sistemas de aplica\u00e7\u00e3o <\/b><b>transd\u00e9rmica<\/b><b> (<\/b><b>eletropora\u00e7\u00e3o<\/b><b>, iontoforese, ultrassom, correntes galv\u00e2nicas, correntes cont\u00ednuas, radiofrequ\u00eancia, termoterapia)<\/b><\/p>\n<p>Rosto, queixo e decote &#8230;&#8230;&#8230; 5 minutos<\/p>\n<p>M\u00e3os &#8230;&#8230;&#8230;&#8230;&#8230;&#8230;&#8230;&#8230;&#8230;&#8230;&#8230;&#8230;. 5 minutos<\/p>\n<p><b>Tempo recomendado entre as sess\u00f5es<\/b><\/p>\n<p>Usando TDS &#8230;&#8230;&#8230;&#8230;&#8230;&#8230;&#8230;&#8230;&#8230;&#8230;&#8230;&#8230;&#8230;&#8230;&#8230;&#8230; intervalos de 6 a 7 dias,<\/p>\n<p>Usando meso-caneta ou meso-rolo &#8230;&#8230;&#8230;.. intervalo de 8 a 10 dias,<\/p>\n<p>Tradicional &#8230;&#8230;&#8230;&#8230;&#8230;&#8230;&#8230;&#8230;&#8230;&#8230;&#8230;&#8230;&#8230;&#8230;&#8230;&#8230;.. intervalo de 7 a 10 dias<\/p>\n<p><b>N\u00famero de sess\u00f5es<\/b>: Iniciando o tratamento &#8230;&#8230;&#8230;&#8230;&#8230;&#8230;&#8230;.. 5-6;<\/p>\n<p>Manuten\u00e7\u00e3o &#8230;&#8230;&#8230;&#8230;&#8230;&#8230;&#8230; a cada 4-5 meses 2 sess\u00f5es<\/p>\n"}],"download_file":false}},"_links":{"self":[{"href":"http:\/\/www.therapmedic.com\/pt-pt\/wp-json\/wp\/v2\/product\/1736","targetHints":{"allow":["GET"]}}],"collection":[{"href":"http:\/\/www.therapmedic.com\/pt-pt\/wp-json\/wp\/v2\/product"}],"about":[{"href":"http:\/\/www.therapmedic.com\/pt-pt\/wp-json\/wp\/v2\/types\/product"}],"wp:featuredmedia":[{"embeddable":true,"href":"http:\/\/www.therapmedic.com\/pt-pt\/wp-json\/wp\/v2\/media\/8287"}],"wp:attachment":[{"href":"http:\/\/www.therapmedic.com\/pt-pt\/wp-json\/wp\/v2\/media?parent=1736"}],"wp:term":[{"taxonomy":"product_brand","embeddable":true,"href":"http:\/\/www.therapmedic.com\/pt-pt\/wp-json\/wp\/v2\/product_brand?post=1736"},{"taxonomy":"product_cat","embeddable":true,"href":"http:\/\/www.therapmedic.com\/pt-pt\/wp-json\/wp\/v2\/product_cat?post=1736"},{"taxonomy":"product_tag","embeddable":true,"href":"http:\/\/www.therapmedic.com\/pt-pt\/wp-json\/wp\/v2\/product_tag?post=1736"}],"curies":[{"name":"wp","href":"https:\/\/api.w.org\/{rel}","templated":true}]}}