{"id":6081,"date":"2023-05-06T22:36:46","date_gmt":"2023-05-06T22:36:46","guid":{"rendered":"https:\/\/www.therapmedic.com\/product\/peeling-de-acido-piruvico\/"},"modified":"2024-01-01T00:00:12","modified_gmt":"2024-01-01T00:00:12","slug":"peeling-de-acido-piruvico","status":"publish","type":"product","link":"http:\/\/www.therapmedic.com\/fr\/produit\/peeling-de-acido-piruvico\/","title":{"rendered":"Peeling de Acido Piruvico"},"content":{"rendered":"<p><b><i>AHA Peeling <\/i><\/b><b><i>Acido <\/i><\/b><b><i>Piruvico<\/i><\/b> Peeling mais penetrante para branqueamento e exfolia\u00e7\u00e3o de pele<\/p>\n<p>Tem efeitos hidratantes e antienvelhecimento. Atinge as camadas mais internas da derme. \u00c9 ideal para rugas m\u00e9dias e profundas. Estimula a produ\u00e7\u00e3o de fibras el\u00e1sticas e glicoprote\u00ednas.<\/p>\n<p><u><b>Apresenta\u00e7\u00e3o<\/b><\/u>: Frasco de\u00a0 50 mL<\/p>\n<p>O pre\u00e7o apresentado \u00e9 por frasco.<\/p>\n","protected":false},"excerpt":{"rendered":"<p>AHA Peeling Acido Piruvico Peeling mais penetrante para branqueamento e exfolia\u00e7\u00e3o de pele Tem efeitos hidratantes e antienvelhecimento. Atinge as camadas mais internas da derme. \u00c9 ideal para rugas m\u00e9dias e profundas. Estimula a produ\u00e7\u00e3o de fibras el\u00e1sticas e glicoprote\u00ednas. Apresenta\u00e7\u00e3o: Frasco de\u00a0 50 mL O pre\u00e7o apresentado \u00e9 por frasco.<\/p>\n","protected":false},"featured_media":6078,"template":"","meta":[],"product_brand":[],"product_cat":[1270,1311,1271,1313,1272,1315,1275,1316,1279,1318,1280,1319,1283,1327,1286,1329,1290,1337,664,1296,1356,965,1300,1387,968,1302,1389,1100,1303,1395,1265,1304,1267,1307,1269,1310],"product_tag":[],"class_list":{"0":"post-6081","1":"product","2":"type-product","3":"status-publish","4":"has-post-thumbnail","6":"product_cat-melasmas-brown-spots-6-fr","7":"product_cat-saggy-skin-fr","8":"product_cat-melasmas-brown-spots-fr","9":"product_cat-wrinkles-3-fr","10":"product_cat-wrinkles-fr","11":"product_cat-saggy-skin-7-fr","12":"product_cat-melasmas-brown-spots-4-fr","13":"product_cat-saggy-skin-5-fr","14":"product_cat-arms-fr","15":"product_cat-saggy-skin-4-fr","16":"product_cat-neck-fr","17":"product_cat-saggy-skin-2-fr","18":"product_cat-body-fr","19":"product_cat-saggy-skin-6-fr","20":"product_cat-neckline-fr","21":"product_cat-melasmas-brown-spots-hyperpigmentation-fr","22":"product_cat-face-fr","23":"product_cat-deep-wrinkles-fr","24":"product_cat-uncategorized-fr","25":"product_cat-hands-fr","26":"product_cat-forehead-wrinkles-fr","27":"product_cat-peelings-fr-2","28":"product_cat-treatment-areas-vs-products-fr","29":"product_cat-post-lipo-fibrosis-2-fr","30":"product_cat-aha-fr","31":"product_cat-buttocks-fr","32":"product_cat-post-lipo-fibrosis-fr","33":"product_cat-acne-fr","34":"product_cat-legs-fr","35":"product_cat-pyruvic-acid-peeling-fr","36":"product_cat-melasmas-brown-spots-3-fr","37":"product_cat-flabby-and-saggy-buttocks-fr","38":"product_cat-melasmas-brown-spots-7-fr","39":"product_cat-saggy-skin-8-fr","40":"product_cat-melasmas-brown-spots-5-fr","41":"product_cat-saggy-skin-3-fr","43":"first","44":"instock","45":"taxable","46":"shipping-taxable","47":"purchasable","48":"product-type-simple"},"acf":{"short_name":""},"_links":{"self":[{"href":"http:\/\/www.therapmedic.com\/fr\/wp-json\/wp\/v2\/product\/6081","targetHints":{"allow":["GET"]}}],"collection":[{"href":"http:\/\/www.therapmedic.com\/fr\/wp-json\/wp\/v2\/product"}],"about":[{"href":"http:\/\/www.therapmedic.com\/fr\/wp-json\/wp\/v2\/types\/product"}],"wp:featuredmedia":[{"embeddable":true,"href":"http:\/\/www.therapmedic.com\/fr\/wp-json\/wp\/v2\/media\/6078"}],"wp:attachment":[{"href":"http:\/\/www.therapmedic.com\/fr\/wp-json\/wp\/v2\/media?parent=6081"}],"wp:term":[{"taxonomy":"product_brand","embeddable":true,"href":"http:\/\/www.therapmedic.com\/fr\/wp-json\/wp\/v2\/product_brand?post=6081"},{"taxonomy":"product_cat","embeddable":true,"href":"http:\/\/www.therapmedic.com\/fr\/wp-json\/wp\/v2\/product_cat?post=6081"},{"taxonomy":"product_tag","embeddable":true,"href":"http:\/\/www.therapmedic.com\/fr\/wp-json\/wp\/v2\/product_tag?post=6081"}],"curies":[{"name":"wp","href":"https:\/\/api.w.org\/{rel}","templated":true}]}}