{"id":3408,"date":"2022-12-28T11:12:23","date_gmt":"2022-12-28T11:12:23","guid":{"rendered":"https:\/\/www.therapmedic.com\/product\/mandelic-acid-peeling-at-30\/"},"modified":"2024-01-01T00:00:20","modified_gmt":"2024-01-01T00:00:20","slug":"mandelic-acid-peeling-at-30","status":"publish","type":"product","link":"http:\/\/www.therapmedic.com\/fr\/produit\/mandelic-acid-peeling-at-30\/","title":{"rendered":"Peeling de Acido Mand\u00e9lico a 30%"},"content":{"rendered":"<p><b><i>AHA 30% Peeling <\/i><\/b><b><i>Mand\u00e9lico<\/i><\/b> \u2013 Peeling suave para cicatrizes de Acne e rejuvenescimento facial<\/p>\n<p>O \u00e1cido mand\u00e9lico (de am\u00eandoas) \u00e9 um AHA mais fraco do que o \u00e1cido glic\u00f3lico. Pode ser usado no tratamento de linhas finas e rugas, cicatriz de acne e controle de oleosidade.<\/p>\n<p><b>Este <\/b><b>peeling<\/b><b> qu\u00edmico pode ser usado no ver\u00e3o!!!<\/b><\/p>\n<p>Apresenta\u00e7\u00e3o: Frasco com 50 mL (1,76 fl.oz)<\/p>\n<p>O pre\u00e7o apresentado \u00e9 por frasco.<\/p>\n","protected":false},"excerpt":{"rendered":"<p>AHA 30% Peeling Mand\u00e9lico \u2013 Peeling suave para cicatrizes de Acne e rejuvenescimento facial O \u00e1cido mand\u00e9lico (de am\u00eandoas) \u00e9 um AHA mais fraco do que o \u00e1cido glic\u00f3lico. Pode ser usado no tratamento de linhas finas e rugas, cicatriz de acne e controle de oleosidade. Este peeling qu\u00edmico pode ser usado no ver\u00e3o!!! Apresenta\u00e7\u00e3o: [&hellip;]<\/p>\n","protected":false},"featured_media":2987,"template":"","meta":[],"product_brand":[],"product_cat":[1280,1329,1281,1331,1282,1339,1283,1340,1286,1341,664,1289,965,1290,968,1291,1265,1295,1267,1296,1269,1297,1270,1300,1271,1301,1273,1302,1275,1303,1279,1327],"product_tag":[],"class_list":{"0":"post-3408","1":"product","2":"type-product","3":"status-publish","4":"has-post-thumbnail","6":"product_cat-neck-fr","7":"product_cat-melasmas-brown-spots-hyperpigmentation-fr","8":"product_cat-aged-skin-4-fr","9":"product_cat-skin-whitening-fr","10":"product_cat-aged-skin-2-fr","11":"product_cat-different-skin-tones-fr","12":"product_cat-body-fr","13":"product_cat-mandelic-acid-peelings-fr","14":"product_cat-neckline-fr","15":"product_cat-different-skin-tones-2-fr","16":"product_cat-uncategorized-fr","17":"product_cat-tired-toxified-skin-4-fr","18":"product_cat-peelings-fr-2","19":"product_cat-face-fr","20":"product_cat-aha-fr","21":"product_cat-aged-skin-fr","22":"product_cat-melasmas-brown-spots-3-fr","23":"product_cat-tired-toxified-skin-fr","24":"product_cat-melasmas-brown-spots-7-fr","25":"product_cat-hands-fr","26":"product_cat-melasmas-brown-spots-5-fr","27":"product_cat-aged-skin-5-fr","28":"product_cat-melasmas-brown-spots-6-fr","29":"product_cat-treatment-areas-vs-products-fr","30":"product_cat-melasmas-brown-spots-fr","31":"product_cat-tired-toxified-skin-5-fr","32":"product_cat-melasmas-brown-spots-2-fr","33":"product_cat-buttocks-fr","34":"product_cat-melasmas-brown-spots-4-fr","35":"product_cat-legs-fr","36":"product_cat-arms-fr","37":"product_cat-saggy-skin-6-fr","39":"first","40":"instock","41":"taxable","42":"shipping-taxable","43":"purchasable","44":"product-type-simple"},"acf":{"display":[],"display_equipment_products":[],"short_name_equipment_products":"","confidential_information":{"text_block":false,"download_file":false},"short_name":""},"_links":{"self":[{"href":"http:\/\/www.therapmedic.com\/fr\/wp-json\/wp\/v2\/product\/3408","targetHints":{"allow":["GET"]}}],"collection":[{"href":"http:\/\/www.therapmedic.com\/fr\/wp-json\/wp\/v2\/product"}],"about":[{"href":"http:\/\/www.therapmedic.com\/fr\/wp-json\/wp\/v2\/types\/product"}],"wp:featuredmedia":[{"embeddable":true,"href":"http:\/\/www.therapmedic.com\/fr\/wp-json\/wp\/v2\/media\/2987"}],"wp:attachment":[{"href":"http:\/\/www.therapmedic.com\/fr\/wp-json\/wp\/v2\/media?parent=3408"}],"wp:term":[{"taxonomy":"product_brand","embeddable":true,"href":"http:\/\/www.therapmedic.com\/fr\/wp-json\/wp\/v2\/product_brand?post=3408"},{"taxonomy":"product_cat","embeddable":true,"href":"http:\/\/www.therapmedic.com\/fr\/wp-json\/wp\/v2\/product_cat?post=3408"},{"taxonomy":"product_tag","embeddable":true,"href":"http:\/\/www.therapmedic.com\/fr\/wp-json\/wp\/v2\/product_tag?post=3408"}],"curies":[{"name":"wp","href":"https:\/\/api.w.org\/{rel}","templated":true}]}}