{"id":3358,"date":"2022-11-22T17:09:12","date_gmt":"2022-11-22T17:09:12","guid":{"rendered":"https:\/\/www.therapmedic.com\/product\/revital-mix\/"},"modified":"2026-04-29T18:41:41","modified_gmt":"2026-04-29T18:41:41","slug":"revital-mix","status":"publish","type":"product","link":"http:\/\/www.therapmedic.com\/fr\/produit\/revital-mix\/","title":{"rendered":"Revital Mix"},"content":{"rendered":"<p><b><i>Revital<\/i><\/b> <b><i>Mix<\/i><\/b> <b>&#8211; <\/b>limitar a extens\u00e3o da hiperpigmenta\u00e7\u00e3o. Reduz a descolora\u00e7\u00e3o da pele<\/p>\n<p>Solu\u00e7\u00e3o de mesoterapia para ajudar a limitar a hiperpigmenta\u00e7\u00e3o, reduz a descolora\u00e7\u00e3o da pele. As manchas da idade s\u00e3o o resultado de uma produ\u00e7\u00e3o excessiva de melanina. O envelhecimento da pele, a exposi\u00e7\u00e3o ao sol ou outras formas de exposi\u00e7\u00e3o \u00e0 luz ultravioleta (UV), como camadas de bronzeamento, s\u00e3o todas as causas poss\u00edveis. Eles geralmente ocorrem em \u00e1reas da pele expostas ao sol. <b><i>Revital<\/i><\/b> <b><i>Mix<\/i><\/b> \u00e9 uma solu\u00e7\u00e3o projetada para limitar a extens\u00e3o da hiperpigmenta\u00e7\u00e3o ou escurecimento da pele que est\u00e1 presente na gravidez.<\/p>\n<p><u><b>Apresenta\u00e7\u00e3o<\/b><\/u>: Caixa 5 viais de\u00a0 5 mL<\/p>\n<p>O pre\u00e7o apresentado \u00e9 por caixa de 5 frascos.<\/p>\n","protected":false},"excerpt":{"rendered":"<p>Revital Mix &#8211; limitar a extens\u00e3o da hiperpigmenta\u00e7\u00e3o. Reduz a descolora\u00e7\u00e3o da pele Solu\u00e7\u00e3o de mesoterapia para ajudar a limitar a hiperpigmenta\u00e7\u00e3o, reduz a descolora\u00e7\u00e3o da pele. As manchas da idade s\u00e3o o resultado de uma produ\u00e7\u00e3o excessiva de melanina. O envelhecimento da pele, a exposi\u00e7\u00e3o ao sol ou outras formas de exposi\u00e7\u00e3o \u00e0 luz [&hellip;]<\/p>\n","protected":false},"featured_media":8705,"template":"","meta":[],"product_brand":[],"product_cat":[1283,1290,1296,1300,1302,1303,1325,664,1326,1265,1327,1267,1329,1269,1333,1270,1339,1271,1341,1275,1351,1279,1407,1280],"product_tag":[],"class_list":{"0":"post-3358","1":"product","2":"type-product","3":"status-publish","4":"has-post-thumbnail","6":"product_cat-body-fr","7":"product_cat-face-fr","8":"product_cat-hands-fr","9":"product_cat-treatment-areas-vs-products-fr","10":"product_cat-buttocks-fr","11":"product_cat-legs-fr","12":"product_cat-strech-marks-fr","13":"product_cat-uncategorized-fr","14":"product_cat-stretch-marks-on-buttocks-fr","15":"product_cat-melasmas-brown-spots-3-fr","16":"product_cat-saggy-skin-6-fr","17":"product_cat-melasmas-brown-spots-7-fr","18":"product_cat-melasmas-brown-spots-hyperpigmentation-fr","19":"product_cat-melasmas-brown-spots-5-fr","20":"product_cat-mesotherapy-products-fr","21":"product_cat-melasmas-brown-spots-6-fr","22":"product_cat-different-skin-tones-fr","23":"product_cat-melasmas-brown-spots-fr","24":"product_cat-different-skin-tones-2-fr","25":"product_cat-melasmas-brown-spots-4-fr","26":"product_cat-improve-facial-contour-fr","27":"product_cat-arms-fr","28":"product_cat-anti-brown-spots-melasmas-fr","29":"product_cat-neck-fr","31":"first","32":"instock","33":"taxable","34":"shipping-taxable","35":"purchasable","36":"product-type-simple"},"acf":{"short_name":""},"_links":{"self":[{"href":"http:\/\/www.therapmedic.com\/fr\/wp-json\/wp\/v2\/product\/3358","targetHints":{"allow":["GET"]}}],"collection":[{"href":"http:\/\/www.therapmedic.com\/fr\/wp-json\/wp\/v2\/product"}],"about":[{"href":"http:\/\/www.therapmedic.com\/fr\/wp-json\/wp\/v2\/types\/product"}],"wp:featuredmedia":[{"embeddable":true,"href":"http:\/\/www.therapmedic.com\/fr\/wp-json\/wp\/v2\/media\/8705"}],"wp:attachment":[{"href":"http:\/\/www.therapmedic.com\/fr\/wp-json\/wp\/v2\/media?parent=3358"}],"wp:term":[{"taxonomy":"product_brand","embeddable":true,"href":"http:\/\/www.therapmedic.com\/fr\/wp-json\/wp\/v2\/product_brand?post=3358"},{"taxonomy":"product_cat","embeddable":true,"href":"http:\/\/www.therapmedic.com\/fr\/wp-json\/wp\/v2\/product_cat?post=3358"},{"taxonomy":"product_tag","embeddable":true,"href":"http:\/\/www.therapmedic.com\/fr\/wp-json\/wp\/v2\/product_tag?post=3358"}],"curies":[{"name":"wp","href":"https:\/\/api.w.org\/{rel}","templated":true}]}}