{"id":3325,"date":"2022-12-01T11:37:27","date_gmt":"2022-12-01T11:37:27","guid":{"rendered":"https:\/\/www.therapmedic.com\/product\/soft-skin\/"},"modified":"2024-05-25T16:13:55","modified_gmt":"2024-05-25T16:13:55","slug":"soft-skin","status":"publish","type":"product","link":"http:\/\/www.therapmedic.com\/fr\/produit\/soft-skin\/","title":{"rendered":"Soft Skin"},"content":{"rendered":"<p><b><i>Atenuante de dor<\/i><\/b><b><i> \u2013 Soft Skin <\/i><\/b><b>\u2013 para evitar tratamentos dolorosos com <\/b><b>dermaroll<\/b><b> e derma <\/b><b>pen<\/b><\/p>\n<p>POR FAVOR CONSULTE-NOS PARA VERIFICAR SE ESTE PRODUTO EST\u00c1 DISPON\u00cdVEL NO SEU MERCADO!<\/p>\n<p>A novoca\u00edna \u00e9, n\u00e3o s\u00f3 um atenuante de dor, como um excelente ve\u00edculo de transporte de outras subst\u00e2ncias que se queiram aplicar sub cutaneamente.<\/p>\n<p>A capacidade de suportar a dor varia de pessoa para pessoa dependente de muitos fatores. Assim, h\u00e1 pessoas que suportam tratamentos de mesoterapia tranquilamente, outos que basta encostar o dermaroll na pele ou dermapen para j\u00e1 come\u00e7arem a experienciar a dor , o que pode ser extremamente inc\u00f3modo para o cliente \/paciente.<\/p>\n<p>Apresenta\u00e7\u00e3o: caixa com 5 Vials de 10ml<\/p>\n<p>O pre\u00e7o apresentado \u00e9 por caixa de 5 frascos.<\/p>\n","protected":false},"excerpt":{"rendered":"<p>Atenuante de dor \u2013 Soft Skin \u2013 para evitar tratamentos dolorosos com dermaroll e derma pen POR FAVOR CONSULTE-NOS PARA VERIFICAR SE ESTE PRODUTO EST\u00c1 DISPON\u00cdVEL NO SEU MERCADO! A novoca\u00edna \u00e9, n\u00e3o s\u00f3 um atenuante de dor, como um excelente ve\u00edculo de transporte de outras subst\u00e2ncias que se queiram aplicar sub cutaneamente. A capacidade [&hellip;]<\/p>\n","protected":false},"featured_media":2618,"template":"","meta":[],"product_brand":[],"product_cat":[1373,1385,1402,664,1279,1280,1283,1286,1290,1296,1300,1302,1303,1333],"product_tag":[],"class_list":{"0":"post-3325","1":"product","2":"type-product","3":"status-publish","4":"has-post-thumbnail","6":"product_cat-intimate-areas-2-fr","7":"product_cat-hair-2-fr","8":"product_cat-other-products-fr","9":"product_cat-uncategorized-fr","10":"product_cat-arms-fr","11":"product_cat-neck-fr","12":"product_cat-body-fr","13":"product_cat-neckline-fr","14":"product_cat-face-fr","15":"product_cat-hands-fr","16":"product_cat-treatment-areas-vs-products-fr","17":"product_cat-buttocks-fr","18":"product_cat-legs-fr","19":"product_cat-mesotherapy-products-fr","21":"first","22":"instock","23":"taxable","24":"shipping-taxable","25":"purchasable","26":"product-type-simple"},"acf":{"short_name":""},"_links":{"self":[{"href":"http:\/\/www.therapmedic.com\/fr\/wp-json\/wp\/v2\/product\/3325","targetHints":{"allow":["GET"]}}],"collection":[{"href":"http:\/\/www.therapmedic.com\/fr\/wp-json\/wp\/v2\/product"}],"about":[{"href":"http:\/\/www.therapmedic.com\/fr\/wp-json\/wp\/v2\/types\/product"}],"wp:featuredmedia":[{"embeddable":true,"href":"http:\/\/www.therapmedic.com\/fr\/wp-json\/wp\/v2\/media\/2618"}],"wp:attachment":[{"href":"http:\/\/www.therapmedic.com\/fr\/wp-json\/wp\/v2\/media?parent=3325"}],"wp:term":[{"taxonomy":"product_brand","embeddable":true,"href":"http:\/\/www.therapmedic.com\/fr\/wp-json\/wp\/v2\/product_brand?post=3325"},{"taxonomy":"product_cat","embeddable":true,"href":"http:\/\/www.therapmedic.com\/fr\/wp-json\/wp\/v2\/product_cat?post=3325"},{"taxonomy":"product_tag","embeddable":true,"href":"http:\/\/www.therapmedic.com\/fr\/wp-json\/wp\/v2\/product_tag?post=3325"}],"curies":[{"name":"wp","href":"https:\/\/api.w.org\/{rel}","templated":true}]}}