{"id":3253,"date":"2022-12-16T11:25:07","date_gmt":"2022-12-16T11:25:07","guid":{"rendered":"https:\/\/www.therapmedic.com\/product\/ipl-active-extra-818-portatil\/"},"modified":"2024-01-01T00:00:33","modified_gmt":"2024-01-01T00:00:33","slug":"ipl-active-extra-818-portatil","status":"publish","type":"product","link":"http:\/\/www.therapmedic.com\/fr\/produit\/ipl-active-extra-818-portatil\/","title":{"rendered":"IPL Active Extra 818 Port\u00e1til"},"content":{"rendered":"<p><b>Active Extra 818 <\/b>\u2013 a solu\u00e7\u00e3o compacta tudo-em-um<\/p>\n<p><b>Extra &#8211; 818 <\/b><b>\u00a0&#8211; <\/b>\u00e9 uma unidade de mesa leve e port\u00e1til adequada para f\u00e1cil transporte entre cl\u00ednicas. \u00c9 altamente adequado para tratamentos est\u00e9ticos d\u00e9rmicos como acne, rejuvenescimento da pele, depila\u00e7\u00e3o e muito mais.<\/p>\n<p>O Extra-618 \u00e9 o resultado de mais de uma d\u00e9cada de tratamentos e milhares de aparelhos operados em todo o mundo. \u00c9 baseado na tecnologia GEM-PL da Active, ele define um padr\u00e3o de pulso espec\u00edfico de acordo com o tipo de tratamento selecionado, cor da pele, fotossensibilidade da pele e profundidade do tratamento. Ele cont\u00e9m recursos exclusivos:<\/p>\n<ul>\n<li>Controle de tela de toque contempor\u00e2neo.<\/li>\n<li>Procedimento de teste de patch integrado para examinar o n\u00edvel de energia ideal.<\/li>\n<li>Um n\u00famero impressionante de 450.000 flashes<\/li>\n<li>A pe\u00e7a de m\u00e3o grande possui um bot\u00e3o de press\u00e3o al\u00e9m do pedal, tornando o trabalho mais f\u00e1cil e r\u00e1pido para o terapeuta.<\/li>\n<\/ul>\n<p>O Extra-818 \u00e9 um equipamento muito similiar ao 618 por\u00e9m a diferen\u00e7a \u00e9 que o controlo \u00e9 por touch screen e n\u00e3o com bot\u00f5es.<\/p>\n","protected":false},"excerpt":{"rendered":"<p>Active Extra 818 \u2013 a solu\u00e7\u00e3o compacta tudo-em-um Extra &#8211; 818 \u00a0&#8211; \u00e9 uma unidade de mesa leve e port\u00e1til adequada para f\u00e1cil transporte entre cl\u00ednicas. \u00c9 altamente adequado para tratamentos est\u00e9ticos d\u00e9rmicos como acne, rejuvenescimento da pele, depila\u00e7\u00e3o e muito mais. O Extra-618 \u00e9 o resultado de mais de uma d\u00e9cada de tratamentos e [&hellip;]<\/p>\n","protected":false},"featured_media":2726,"template":"","meta":[],"product_brand":[],"product_cat":[1283,1312,1371,1286,1315,1372,1290,1316,1373,664,1291,1317,1374,925,1292,1318,1381,930,1296,1323,1100,1297,1327,1265,1300,1329,1269,1302,1343,1270,1303,1359,1273,1305,1365,1275,1306,1366,1279,1307,1367,1280,1308,1368,1281,1309,1369,1282,1311,1370],"product_tag":[],"class_list":{"0":"post-3253","1":"product","2":"type-product","3":"status-publish","4":"has-post-thumbnail","6":"product_cat-body-fr","7":"product_cat-little-elasticity-5-fr","8":"product_cat-nails-fr","9":"product_cat-neckline-fr","10":"product_cat-saggy-skin-7-fr","11":"product_cat-fungus-2-fr","12":"product_cat-face-fr","13":"product_cat-saggy-skin-5-fr","14":"product_cat-intimate-areas-2-fr","15":"product_cat-uncategorized-fr","16":"product_cat-aged-skin-fr","17":"product_cat-little-elasticity-2-fr","18":"product_cat-hyper-pigmentation-fr","19":"product_cat-equipment-fr","20":"product_cat-complete-facial-rejuvenation-fr","21":"product_cat-saggy-skin-4-fr","22":"product_cat-tatoos-fr","23":"product_cat-ipl-fr-2","24":"product_cat-hands-fr","25":"product_cat-open-pores-fr","26":"product_cat-acne-fr","27":"product_cat-aged-skin-5-fr","28":"product_cat-saggy-skin-6-fr","29":"product_cat-melasmas-brown-spots-3-fr","30":"product_cat-treatment-areas-vs-products-fr","31":"product_cat-melasmas-brown-spots-hyperpigmentation-fr","32":"product_cat-melasmas-brown-spots-5-fr","33":"product_cat-buttocks-fr","34":"product_cat-facial-skin-stretching-lifting-fr","35":"product_cat-melasmas-brown-spots-6-fr","36":"product_cat-legs-fr","37":"product_cat-little-elasticity-4-fr","38":"product_cat-melasmas-brown-spots-2-fr","39":"product_cat-little-elasticity-6-fr","40":"product_cat-spider-veins-fr","41":"product_cat-melasmas-brown-spots-4-fr","42":"product_cat-aged-skin-3-fr","43":"product_cat-unwanted-hair-removal-fr","44":"product_cat-arms-fr","45":"product_cat-saggy-skin-8-fr","46":"product_cat-unwanted-hair-fr","47":"product_cat-neck-fr","48":"product_cat-little-elasticity-3-fr","49":"product_cat-feet-fr","50":"product_cat-aged-skin-4-fr","51":"product_cat-little-elasticity-fr","52":"product_cat-varicose-veins-fr","53":"product_cat-aged-skin-2-fr","54":"product_cat-saggy-skin-fr","55":"product_cat-fungus-fr","57":"first","58":"instock","59":"taxable","60":"shipping-taxable","61":"purchasable","62":"product-type-simple"},"acf":{"short_name":""},"_links":{"self":[{"href":"http:\/\/www.therapmedic.com\/fr\/wp-json\/wp\/v2\/product\/3253","targetHints":{"allow":["GET"]}}],"collection":[{"href":"http:\/\/www.therapmedic.com\/fr\/wp-json\/wp\/v2\/product"}],"about":[{"href":"http:\/\/www.therapmedic.com\/fr\/wp-json\/wp\/v2\/types\/product"}],"wp:featuredmedia":[{"embeddable":true,"href":"http:\/\/www.therapmedic.com\/fr\/wp-json\/wp\/v2\/media\/2726"}],"wp:attachment":[{"href":"http:\/\/www.therapmedic.com\/fr\/wp-json\/wp\/v2\/media?parent=3253"}],"wp:term":[{"taxonomy":"product_brand","embeddable":true,"href":"http:\/\/www.therapmedic.com\/fr\/wp-json\/wp\/v2\/product_brand?post=3253"},{"taxonomy":"product_cat","embeddable":true,"href":"http:\/\/www.therapmedic.com\/fr\/wp-json\/wp\/v2\/product_cat?post=3253"},{"taxonomy":"product_tag","embeddable":true,"href":"http:\/\/www.therapmedic.com\/fr\/wp-json\/wp\/v2\/product_tag?post=3253"}],"curies":[{"name":"wp","href":"https:\/\/api.w.org\/{rel}","templated":true}]}}