{"id":9300,"date":"2026-05-09T11:23:55","date_gmt":"2026-05-09T11:23:55","guid":{"rendered":"https:\/\/www.therapmedic.com\/product\/dermaroll-64-micro-needles-direct-applicator-for-mesotherapy-vials-depth-025mm-disposable\/"},"modified":"2026-05-09T11:38:37","modified_gmt":"2026-05-09T11:38:37","slug":"dermaroll-64-micro-needles-direct-applicator-for-mesotherapy-vials-depth-025mm-disposable","status":"publish","type":"product","link":"http:\/\/www.therapmedic.com\/es\/producto\/dermaroll-64-micro-needles-direct-applicator-for-mesotherapy-vials-depth-025mm-disposable\/","title":{"rendered":"Dermaroll 64 micro needles direct applicator for mesotherapy vials \u2013 depth 0,25mm \u2013 disposable!"},"content":{"rendered":"<p>Aqu\u00ed est\u00e1, la forma m\u00e1s pr\u00e1ctica de tratar la piel con mesoterapias: el Dermaroll para la aplicaci\u00f3n directa de mesoterapias.<\/p>\n<p>Adecuado para todos los viales con cuello de di\u00e1metro externo de 20 mm y di\u00e1metro interno de 12 mm (el est\u00e1ndar de la industria).<\/p>\n<p>Solo abra el blister est\u00e9ril y presione la cabeza con la tapa sobre el vial. Eso es todo lo que tiene que hacer.<\/p>\n<p>Cuando presiona el vial contra la piel, el aplicador liberar\u00e1 el producto dentro del vial y lo vertir\u00e1 sobre la piel. Las microagujas abrir\u00e1n la piel para permitir que el producto se infiltre en la piel.<\/p>\n<p>No m\u00e1s desperdicio de producto, no m\u00e1s complicaciones con algod\u00f3n o gasa o gotas sobre la piel. Este aplicador har\u00e1 todo por usted, de manera segura y r\u00e1pida.<\/p>\n<p>La profundidad de este dermaroll es de 0,5 mm, pero tambi\u00e9n tenemos disponibles dermarolls de 0,25 mm y 1 mm. Mire en nuestra p\u00e1gina web para otras profundidades disponibles. Tenemos otra soluci\u00f3n para otras profundidades: nuestro \u00abDispositivo de microagujas ajustable para uso directo de los viales con profundidades de 0 a 1,5 mm\u00bb.<\/p>\n<p>Aqu\u00ed est\u00e1, la forma m\u00e1s pr\u00e1ctica de tratar la piel con mesoterapias: el Dermaroll para la aplicaci\u00f3n directa de mesoterapias.<\/p>\n<p>Adecuado para todos los viales con cuello de di\u00e1metro externo de 20 mm y di\u00e1metro interno de 12 mm (el est\u00e1ndar de la industria).<\/p>\n<p>Solo abra el blister est\u00e9ril y presione la cabeza con la tapa sobre el vial. Eso es todo lo que tiene que hacer.<\/p>\n<p>Cuando presiona el vial contra la piel, el aplicador liberar\u00e1 el producto dentro del vial y lo vertir\u00e1 sobre la piel. Las microagujas abrir\u00e1n la piel para permitir que el producto se infiltre en la piel.<\/p>\n<p>No m\u00e1s desperdicio de producto, no m\u00e1s complicaciones con algod\u00f3n o gasa o gotas sobre la piel. Este aplicador har\u00e1 todo por usted, de manera segura y r\u00e1pida.<\/p>\n<p>La profundidad de este dermaroll es de 0,5 mm, pero tambi\u00e9n tenemos disponibles dermarolls de 0,25 mm y 1 mm. Mire en nuestra p\u00e1gina web para otras profundidades disponibles. Tenemos otra soluci\u00f3n para otras profundidades: nuestro \u00abDispositivo de microagujas ajustable para uso directo de los viales con profundidades de 0 a 1,5 mm\u00bb.<\/p>\n<p>Est\u00e9ril. \u00a1Solo para uso t\u00f3pico\/externo!<\/p>\n","protected":false},"excerpt":{"rendered":"<p>Aqu\u00ed est\u00e1, la forma m\u00e1s pr\u00e1ctica de tratar la piel con mesoterapias: el Dermaroll para la aplicaci\u00f3n directa de mesoterapias. Adecuado para todos los viales con cuello de di\u00e1metro externo de 20 mm y di\u00e1metro interno de 12 mm (el est\u00e1ndar de la industria). Solo abra el blister est\u00e9ril y presione la cabeza con la [&hellip;]<\/p>\n","protected":false},"featured_media":9272,"template":"","meta":[],"product_brand":[],"product_cat":[926,937],"product_tag":[],"class_list":{"0":"post-9300","1":"product","2":"type-product","3":"status-publish","4":"has-post-thumbnail","6":"product_cat-equipos","7":"product_cat-auxiliares-de-injeccion","9":"first","10":"instock","11":"taxable","12":"shipping-taxable","13":"purchasable","14":"product-type-simple"},"acf":{"short_name":"","confidential_information":{"text_block":false,"download_file":false},"display":[],"display_equipment_products":[],"short_name_equipment_products":""},"_links":{"self":[{"href":"http:\/\/www.therapmedic.com\/es\/wp-json\/wp\/v2\/product\/9300","targetHints":{"allow":["GET"]}}],"collection":[{"href":"http:\/\/www.therapmedic.com\/es\/wp-json\/wp\/v2\/product"}],"about":[{"href":"http:\/\/www.therapmedic.com\/es\/wp-json\/wp\/v2\/types\/product"}],"wp:featuredmedia":[{"embeddable":true,"href":"http:\/\/www.therapmedic.com\/es\/wp-json\/wp\/v2\/media\/9272"}],"wp:attachment":[{"href":"http:\/\/www.therapmedic.com\/es\/wp-json\/wp\/v2\/media?parent=9300"}],"wp:term":[{"taxonomy":"product_brand","embeddable":true,"href":"http:\/\/www.therapmedic.com\/es\/wp-json\/wp\/v2\/product_brand?post=9300"},{"taxonomy":"product_cat","embeddable":true,"href":"http:\/\/www.therapmedic.com\/es\/wp-json\/wp\/v2\/product_cat?post=9300"},{"taxonomy":"product_tag","embeddable":true,"href":"http:\/\/www.therapmedic.com\/es\/wp-json\/wp\/v2\/product_tag?post=9300"}],"curies":[{"name":"wp","href":"https:\/\/api.w.org\/{rel}","templated":true}]}}