{"id":9250,"date":"2026-05-07T14:56:41","date_gmt":"2026-05-07T14:56:41","guid":{"rendered":"https:\/\/www.therapmedic.com\/?post_type=product&#038;p=9250"},"modified":"2026-05-07T17:24:23","modified_gmt":"2026-05-07T17:24:23","slug":"amazing-lips","status":"publish","type":"product","link":"http:\/\/www.therapmedic.com\/es\/producto\/amazing-lips\/","title":{"rendered":"Amazing Lips"},"content":{"rendered":"<p data-start=\"433\" data-end=\"579\">Amazing Lips \u00e9 um tratamento labial intensivo desenvolvido para hidratar profundamente, revitalizar e melhorar naturalmente o aspeto dos l\u00e1bios.<\/p>\n<p data-start=\"581\" data-end=\"791\">A sua f\u00f3rmula avan\u00e7ada combina \u00e1cido hialur\u00f3nico, vitaminas, pept\u00eddeos, elastina e fatores de crescimento que ajudam a aumentar a hidrata\u00e7\u00e3o, melhorar a elasticidade e devolver firmeza e suavidade aos l\u00e1bios.<\/p>\n<p data-start=\"793\" data-end=\"876\">Ideal para l\u00e1bios secos, desidratados, com linhas finas ou perda de volume natural.<\/p>\n<h1 data-section-id=\"1t3koz4\" data-start=\"4788\" data-end=\"4802\">Apresenta\u00e7\u00e3o<\/h1>\n<ul data-start=\"4804\" data-end=\"4892\">\n<li data-section-id=\"rrizse\" data-start=\"4804\" data-end=\"4834\">Caixa com 5 vials de 5 mL<\/li>\n<li data-section-id=\"gi2wr8\" data-start=\"4835\" data-end=\"4862\">Uso t\u00f3pico profissional<\/li>\n<li data-section-id=\"156jtjo\" data-start=\"4863\" data-end=\"4874\">Est\u00e9ril<\/li>\n<li data-section-id=\"5juh7s\" data-start=\"4875\" data-end=\"4892\">N\u00e3o injet\u00e1vel<\/li>\n<\/ul>\n","protected":false},"excerpt":{"rendered":"<p>Amazing Lips \u00e9 um tratamento labial intensivo desenvolvido para hidratar profundamente, revitalizar e melhorar naturalmente o aspeto dos l\u00e1bios. A sua f\u00f3rmula avan\u00e7ada combina \u00e1cido hialur\u00f3nico, vitaminas, pept\u00eddeos, elastina e fatores de crescimento que ajudam a aumentar a hidrata\u00e7\u00e3o, melhorar a elasticidade e devolver firmeza e suavidade aos l\u00e1bios. Ideal para l\u00e1bios secos, desidratados, com [&hellip;]<\/p>\n","protected":false},"featured_media":9247,"template":"","meta":[],"product_brand":[],"product_cat":[1025,1097,1148,1154,1278,1511,1530,1561,1570,1591,1599,1619,945,947],"product_tag":[],"class_list":{"0":"post-9250","1":"product","2":"type-product","3":"status-publish","4":"has-post-thumbnail","6":"product_cat-areas-de-tratamientos-vs-produtos-tratamentos-con-equipos","7":"product_cat-rostro","8":"product_cat-labios-delgados","9":"product_cat-labios-arrugados","10":"product_cat-general-productos-equipos","11":"product_cat-mesoterapia-es","12":"product_cat-anti-evelhecimento-es","13":"product_cat-facial-fr-es","14":"product_cat-facial-produtos-biomimeticos-fr-es","15":"product_cat-treatment-fr-es","16":"product_cat-anti-evelhecimento-treatment-fr-es","17":"product_cat-facial-treatment-fr-es","18":"product_cat-productos-de-mesoterapia","19":"product_cat-anti-envejecimiento","21":"first","22":"instock","23":"taxable","24":"shipping-taxable","25":"purchasable","26":"product-type-simple"},"acf":{"short_name":""},"_links":{"self":[{"href":"http:\/\/www.therapmedic.com\/es\/wp-json\/wp\/v2\/product\/9250","targetHints":{"allow":["GET"]}}],"collection":[{"href":"http:\/\/www.therapmedic.com\/es\/wp-json\/wp\/v2\/product"}],"about":[{"href":"http:\/\/www.therapmedic.com\/es\/wp-json\/wp\/v2\/types\/product"}],"wp:featuredmedia":[{"embeddable":true,"href":"http:\/\/www.therapmedic.com\/es\/wp-json\/wp\/v2\/media\/9247"}],"wp:attachment":[{"href":"http:\/\/www.therapmedic.com\/es\/wp-json\/wp\/v2\/media?parent=9250"}],"wp:term":[{"taxonomy":"product_brand","embeddable":true,"href":"http:\/\/www.therapmedic.com\/es\/wp-json\/wp\/v2\/product_brand?post=9250"},{"taxonomy":"product_cat","embeddable":true,"href":"http:\/\/www.therapmedic.com\/es\/wp-json\/wp\/v2\/product_cat?post=9250"},{"taxonomy":"product_tag","embeddable":true,"href":"http:\/\/www.therapmedic.com\/es\/wp-json\/wp\/v2\/product_tag?post=9250"}],"curies":[{"name":"wp","href":"https:\/\/api.w.org\/{rel}","templated":true}]}}