{"id":7775,"date":"2024-05-10T14:39:36","date_gmt":"2024-05-10T14:39:36","guid":{"rendered":"https:\/\/www.therapmedic.com\/product\/dermaroll-64-micro-needles-direct-applicator-for-mesotherapy-vials-depth-05mm-disposable\/"},"modified":"2026-05-09T11:11:07","modified_gmt":"2026-05-09T11:11:07","slug":"dermaroll-64-micro-needles-direct-applicator-for-mesotherapy-vials-depth-05mm-disposable","status":"publish","type":"product","link":"http:\/\/www.therapmedic.com\/es\/producto\/dermaroll-64-micro-needles-direct-applicator-for-mesotherapy-vials-depth-05mm-disposable\/","title":{"rendered":"Aplicador directo Dermaroll de 64 microagujas para viales de mesoterapia &#8211; profundidad 0,5 mm &#8211; \u00a1desechable!"},"content":{"rendered":"<p>Aqu\u00ed est\u00e1 la forma m\u00e1s pr\u00e1ctica de tratar la piel con mesoterapias: el Dermaroll para aplicaci\u00f3n Directa de Mesoterapias.<\/p>\n<p>Adecuado para todos los viales con cuello de di\u00e1metro externo de 20 mm y di\u00e1metro interno de 12 mm (el est\u00e1ndar de la industria).<\/p>\n<p>Simplemente abra el bl\u00edster est\u00e9ril y presione el cabezal con la tapa contra el vial. Eso es todo lo que tienes que hacer.<\/p>\n<p>Cuando presione el vial contra la piel, el aplicador liberar\u00e1 el producto dentro del vial y lo verter\u00e1 sobre la piel. Las microagujas abrir\u00e1n la piel para permitir que el producto se infiltre en la piel.<\/p>\n<p>No m\u00e1s desperdicio de producto, ni complicaciones con algod\u00f3n o gasa ni gotas sobre la piel. Este aplicador har\u00e1 todo por usted, de forma segura y r\u00e1pida.<\/p>\n<p>La profundidad de este derma roll es de 0,5 mm, pero tambi\u00e9n tenemos disponibles dermarolls de 0,25 mm y 1 mm. Busque en nuestra p\u00e1gina web otras profundidades disponibles). Tenemos otra soluci\u00f3n para otras profundidades: nuestro \u00abDispositivo de microaguja ajustable para uso directo de los viales de 0 &#8211; 1,5 mm de profundidad\u00bb<\/p>\n<p>Est\u00e9ril. \u00a1Solo uso t\u00f3pico\/externo!<\/p>\n","protected":false},"excerpt":{"rendered":"<p>Aqu\u00ed est\u00e1 la forma m\u00e1s pr\u00e1ctica de tratar la piel con mesoterapias: el Dermaroll para aplicaci\u00f3n Directa de Mesoterapias. Adecuado para todos los viales con cuello de di\u00e1metro externo de 20 mm y di\u00e1metro interno de 12 mm (el est\u00e1ndar de la industria). Simplemente abra el bl\u00edster est\u00e9ril y presione el cabezal con la tapa [&hellip;]<\/p>\n","protected":false},"featured_media":9284,"template":"","meta":[],"product_brand":[],"product_cat":[926,937],"product_tag":[],"class_list":{"0":"post-7775","1":"product","2":"type-product","3":"status-publish","4":"has-post-thumbnail","6":"product_cat-equipos","7":"product_cat-auxiliares-de-injeccion","9":"first","10":"instock","11":"taxable","12":"shipping-taxable","13":"purchasable","14":"product-type-simple"},"acf":{"short_name":"","display":[],"display_equipment_products":[],"short_name_equipment_products":"","confidential_information":{"text_block":false,"download_file":false}},"_links":{"self":[{"href":"http:\/\/www.therapmedic.com\/es\/wp-json\/wp\/v2\/product\/7775","targetHints":{"allow":["GET"]}}],"collection":[{"href":"http:\/\/www.therapmedic.com\/es\/wp-json\/wp\/v2\/product"}],"about":[{"href":"http:\/\/www.therapmedic.com\/es\/wp-json\/wp\/v2\/types\/product"}],"wp:featuredmedia":[{"embeddable":true,"href":"http:\/\/www.therapmedic.com\/es\/wp-json\/wp\/v2\/media\/9284"}],"wp:attachment":[{"href":"http:\/\/www.therapmedic.com\/es\/wp-json\/wp\/v2\/media?parent=7775"}],"wp:term":[{"taxonomy":"product_brand","embeddable":true,"href":"http:\/\/www.therapmedic.com\/es\/wp-json\/wp\/v2\/product_brand?post=7775"},{"taxonomy":"product_cat","embeddable":true,"href":"http:\/\/www.therapmedic.com\/es\/wp-json\/wp\/v2\/product_cat?post=7775"},{"taxonomy":"product_tag","embeddable":true,"href":"http:\/\/www.therapmedic.com\/es\/wp-json\/wp\/v2\/product_tag?post=7775"}],"curies":[{"name":"wp","href":"https:\/\/api.w.org\/{rel}","templated":true}]}}