{"id":6093,"date":"2023-05-06T23:16:58","date_gmt":"2023-05-06T23:16:58","guid":{"rendered":"https:\/\/www.therapmedic.com\/product\/peeling-de-acido-azelaico\/"},"modified":"2024-01-01T00:00:11","modified_gmt":"2024-01-01T00:00:11","slug":"peeling-de-acido-azelaico","status":"publish","type":"product","link":"http:\/\/www.therapmedic.com\/es\/producto\/peeling-de-acido-azelaico\/","title":{"rendered":"Peeling de Acido Azelaico"},"content":{"rendered":"<p><strong>Peeling de \u00e1cido azelaico<\/strong> para tratar pieles grasas, con acn\u00e9 o con hiperpigmentaci\u00f3n<\/p>\n<p>El \u00e1cido azelaico se obtiene de cereales como la cebada, el trigo y el centeno. Es un ingrediente multifuncional para el cuidado de la piel que aborda una multitud de preocupaciones relacionadas con los brotes y la inflamaci\u00f3n.<\/p>\n<p>Presentaci\u00f3n: botella de 50 ml<\/p>\n<p>El precio mostrado es por botella.<\/p>\n","protected":false},"excerpt":{"rendered":"<p>Peeling de \u00e1cido azelaico para tratar pieles grasas, con acn\u00e9 o con hiperpigmentaci\u00f3n El \u00e1cido azelaico se obtiene de cereales como la cebada, el trigo y el centeno. Es un ingrediente multifuncional para el cuidado de la piel que aborda una multitud de preocupaciones relacionadas con los brotes y la inflamaci\u00f3n. Presentaci\u00f3n: botella de 50 [&hellip;]<\/p>\n","protected":false},"featured_media":6090,"template":"","meta":[],"product_brand":[],"product_cat":[1025,1041,1045,1097,1098,1106,1114,1134,1136,1278,967,984,986],"product_tag":[],"class_list":{"0":"post-6093","1":"product","2":"type-product","3":"status-publish","4":"has-post-thumbnail","6":"product_cat-areas-de-tratamientos-vs-produtos-tratamentos-con-equipos","7":"product_cat-cuerpo","8":"product_cat-diferentes-tonos-de-piel","9":"product_cat-rostro","10":"product_cat-acne-es","11":"product_cat-puntos-negros","12":"product_cat-diferentes-tonos-de-piel-es","13":"product_cat-p","14":"product_cat-poros-abiertos","15":"product_cat-general-productos-equipos","16":"product_cat-peelings-es","17":"product_cat-peelings-de-acido-azelaico-es","18":"product_cat-peelings-de-acido-azelaico-es-2","20":"first","21":"instock","22":"taxable","23":"shipping-taxable","24":"purchasable","25":"product-type-simple"},"acf":{"display":[],"short_name":"","display_equipment_products":[],"short_name_equipment_products":"","confidential_information":{"text_block":false,"download_file":false}},"_links":{"self":[{"href":"http:\/\/www.therapmedic.com\/es\/wp-json\/wp\/v2\/product\/6093","targetHints":{"allow":["GET"]}}],"collection":[{"href":"http:\/\/www.therapmedic.com\/es\/wp-json\/wp\/v2\/product"}],"about":[{"href":"http:\/\/www.therapmedic.com\/es\/wp-json\/wp\/v2\/types\/product"}],"wp:featuredmedia":[{"embeddable":true,"href":"http:\/\/www.therapmedic.com\/es\/wp-json\/wp\/v2\/media\/6090"}],"wp:attachment":[{"href":"http:\/\/www.therapmedic.com\/es\/wp-json\/wp\/v2\/media?parent=6093"}],"wp:term":[{"taxonomy":"product_brand","embeddable":true,"href":"http:\/\/www.therapmedic.com\/es\/wp-json\/wp\/v2\/product_brand?post=6093"},{"taxonomy":"product_cat","embeddable":true,"href":"http:\/\/www.therapmedic.com\/es\/wp-json\/wp\/v2\/product_cat?post=6093"},{"taxonomy":"product_tag","embeddable":true,"href":"http:\/\/www.therapmedic.com\/es\/wp-json\/wp\/v2\/product_tag?post=6093"}],"curies":[{"name":"wp","href":"https:\/\/api.w.org\/{rel}","templated":true}]}}