{"id":3499,"date":"2023-03-24T17:11:37","date_gmt":"2023-03-24T17:11:37","guid":{"rendered":"https:\/\/www.therapmedic.com\/product\/emulsao-nutripeel-pos-peeling\/"},"modified":"2024-01-01T00:00:13","modified_gmt":"2024-01-01T00:00:13","slug":"emulsao-nutripeel-pos-peeling","status":"publish","type":"product","link":"http:\/\/www.therapmedic.com\/es\/producto\/emulsao-nutripeel-pos-peeling\/","title":{"rendered":"Emulsi\u00f3n Nutripeel &#8211; Post-Peeling"},"content":{"rendered":"<p id=\"tw-target-text\" class=\"tw-data-text tw-text-large tw-ta\" dir=\"ltr\" data-placeholder=\"Tradu\u00e7\u00e3o\"><span class=\"Y2IQFc\" lang=\"es\"><strong>Emulsi\u00f3n Nutripeel<\/strong> &#8211; Hidrata, calma, recupera y suaviza la piel despu\u00e9s de la exfoliaci\u00f3n.<\/span><\/p>\n<p>Emulsi\u00f3n Nutripeel es nuestra alternativa ligera a las cremas cl\u00e1sicas. Son m\u00e1s livianos, por lo que generalmente son m\u00e1s adecuados para las personas con piel sensible, que tienen menos probabilidades de irritar la piel u obstruir los poros. Nuestras emulsiones est\u00e1n infundidas con nuestro exclusivo extracto de caviar, que aporta beneficios antienvejecimiento, as\u00ed como sustancias espec\u00edficas como \u00e1cido hialur\u00f3nico, antioxidantes y vitaminas.<\/p>\n<p>Presentaci\u00f3n: botella de 50ml<\/p>\n<p>El precio mostrado es por botella.<\/p>\n","protected":false},"excerpt":{"rendered":"<p>Emulsi\u00f3n Nutripeel &#8211; Hidrata, calma, recupera y suaviza la piel despu\u00e9s de la exfoliaci\u00f3n. Emulsi\u00f3n Nutripeel es nuestra alternativa ligera a las cremas cl\u00e1sicas. Son m\u00e1s livianos, por lo que generalmente son m\u00e1s adecuados para las personas con piel sensible, que tienen menos probabilidades de irritar la piel u obstruir los poros. Nuestras emulsiones est\u00e1n [&hellip;]<\/p>\n","protected":false},"featured_media":3496,"template":"","meta":[],"product_brand":[],"product_cat":[967,1020,1278],"product_tag":[],"class_list":{"0":"post-3499","1":"product","2":"type-product","3":"status-publish","4":"has-post-thumbnail","6":"product_cat-peelings-es","7":"product_cat-productos-de-cuidados-de-piel","8":"product_cat-general-productos-equipos","10":"first","11":"instock","12":"taxable","13":"shipping-taxable","14":"purchasable","15":"product-type-simple"},"acf":{"display":[],"short_name":"","display_equipment_products":[],"short_name_equipment_products":"","confidential_information":{"text_block":false,"download_file":false}},"_links":{"self":[{"href":"http:\/\/www.therapmedic.com\/es\/wp-json\/wp\/v2\/product\/3499","targetHints":{"allow":["GET"]}}],"collection":[{"href":"http:\/\/www.therapmedic.com\/es\/wp-json\/wp\/v2\/product"}],"about":[{"href":"http:\/\/www.therapmedic.com\/es\/wp-json\/wp\/v2\/types\/product"}],"wp:featuredmedia":[{"embeddable":true,"href":"http:\/\/www.therapmedic.com\/es\/wp-json\/wp\/v2\/media\/3496"}],"wp:attachment":[{"href":"http:\/\/www.therapmedic.com\/es\/wp-json\/wp\/v2\/media?parent=3499"}],"wp:term":[{"taxonomy":"product_brand","embeddable":true,"href":"http:\/\/www.therapmedic.com\/es\/wp-json\/wp\/v2\/product_brand?post=3499"},{"taxonomy":"product_cat","embeddable":true,"href":"http:\/\/www.therapmedic.com\/es\/wp-json\/wp\/v2\/product_cat?post=3499"},{"taxonomy":"product_tag","embeddable":true,"href":"http:\/\/www.therapmedic.com\/es\/wp-json\/wp\/v2\/product_tag?post=3499"}],"curies":[{"name":"wp","href":"https:\/\/api.w.org\/{rel}","templated":true}]}}