{"id":3475,"date":"2023-03-24T16:44:28","date_gmt":"2023-03-24T16:44:28","guid":{"rendered":"https:\/\/www.therapmedic.com\/product\/preparador-pre-peeling\/"},"modified":"2026-05-11T18:45:27","modified_gmt":"2026-05-11T18:45:27","slug":"preparador-pre-peeling","status":"publish","type":"product","link":"http:\/\/www.therapmedic.com\/es\/producto\/preparador-pre-peeling\/","title":{"rendered":"Preparador Pr\u00e9-Peeling"},"content":{"rendered":"<p id=\"tw-target-text\" class=\"tw-data-text tw-text-large tw-ta\" dir=\"ltr\" data-placeholder=\"Tradu\u00e7\u00e3o\"><span class=\"Y2IQFc\" lang=\"es\">El <strong>preparador de pre-peeling<\/strong> prepara la zona de peeling (peeling de piel). Limpia, elimina la oleosidad, hidrata y antibacteriano.<\/span><\/p>\n<p>Esta prebase espec\u00edfica prepara la piel, iguala el pH y elimina la oleosidad. Prepara la piel para el tratamiento exfoliante. Gracias a su \u00e1cido c\u00edtrico y \u00e1cido l\u00e1ctico, limpia eficazmente la piel de las capas superficiales queratinizadas de la epidermis, desbloquea las gl\u00e1ndulas seb\u00e1ceas y reduce la barrera lip\u00eddica. Al mismo tiempo iguala el pH de la piel. Esto permite una penetraci\u00f3n uniforme y aumenta la eficacia de cualquier tipo de \u00e1cido exfoliante. Aplicar el limpiador con una gasa h\u00fameda en todo el rostro y cuello a tratar. Repita la aplicaci\u00f3n si es necesario. Luego secar con una toalla y proceder con el \u00e1cido. Sin colorantes, siliconas, ingredientes de origen animal ni colorantes. Este preparado pre-peeling, por su formulaci\u00f3n, iguala el pH de la piel a la vez que reduce la barrera lip\u00eddica y limpia la piel de las capas queratinizadas. Iguala el pH de la piel, sin colorantes, alcohol, ingredientes de origen animal y colorantes. No probado en animales.<\/p>\n<p>Prepara la piel, Uniformiza el pH, Elimina la oleosidad, Limpia la piel, Hidrata y contiene propiedades antibacterianas.<\/p>\n<p>Presentaci\u00f3n: Frasco de 250 mL.<\/p>\n","protected":false},"excerpt":{"rendered":"<p>El preparador de pre-peeling prepara la zona de peeling (peeling de piel). Limpia, elimina la oleosidad, hidrata y antibacteriano. Esta prebase espec\u00edfica prepara la piel, iguala el pH y elimina la oleosidad. Prepara la piel para el tratamiento exfoliante. Gracias a su \u00e1cido c\u00edtrico y \u00e1cido l\u00e1ctico, limpia eficazmente la piel de las capas superficiales [&hellip;]<\/p>\n","protected":false},"featured_media":8995,"template":"","meta":[],"product_brand":[],"product_cat":[967,1020,1278],"product_tag":[],"class_list":{"0":"post-3475","1":"product","2":"type-product","3":"status-publish","4":"has-post-thumbnail","6":"product_cat-peelings-es","7":"product_cat-productos-de-cuidados-de-piel","8":"product_cat-general-productos-equipos","10":"first","11":"instock","12":"taxable","13":"shipping-taxable","14":"purchasable","15":"product-type-simple"},"acf":{"display":[],"short_name":"","display_equipment_products":[],"short_name_equipment_products":"","confidential_information":{"text_block":false,"download_file":false}},"_links":{"self":[{"href":"http:\/\/www.therapmedic.com\/es\/wp-json\/wp\/v2\/product\/3475","targetHints":{"allow":["GET"]}}],"collection":[{"href":"http:\/\/www.therapmedic.com\/es\/wp-json\/wp\/v2\/product"}],"about":[{"href":"http:\/\/www.therapmedic.com\/es\/wp-json\/wp\/v2\/types\/product"}],"wp:featuredmedia":[{"embeddable":true,"href":"http:\/\/www.therapmedic.com\/es\/wp-json\/wp\/v2\/media\/8995"}],"wp:attachment":[{"href":"http:\/\/www.therapmedic.com\/es\/wp-json\/wp\/v2\/media?parent=3475"}],"wp:term":[{"taxonomy":"product_brand","embeddable":true,"href":"http:\/\/www.therapmedic.com\/es\/wp-json\/wp\/v2\/product_brand?post=3475"},{"taxonomy":"product_cat","embeddable":true,"href":"http:\/\/www.therapmedic.com\/es\/wp-json\/wp\/v2\/product_cat?post=3475"},{"taxonomy":"product_tag","embeddable":true,"href":"http:\/\/www.therapmedic.com\/es\/wp-json\/wp\/v2\/product_tag?post=3475"}],"curies":[{"name":"wp","href":"https:\/\/api.w.org\/{rel}","templated":true}]}}