{"id":3467,"date":"2023-03-24T16:36:40","date_gmt":"2023-03-24T16:36:40","guid":{"rendered":"https:\/\/www.therapmedic.com\/product\/pha-peeling-de-acido-lactobionico\/"},"modified":"2026-05-11T17:43:30","modified_gmt":"2026-05-11T17:43:30","slug":"pha-peeling-de-acido-lactobionico","status":"publish","type":"product","link":"http:\/\/www.therapmedic.com\/es\/producto\/pha-peeling-de-acido-lactobionico\/","title":{"rendered":"PHA &#8211; Peeling de Acido Lactobi\u00f3nico"},"content":{"rendered":"<p id=\"tw-target-text\" class=\"tw-data-text tw-text-large tw-ta\" dir=\"ltr\" data-placeholder=\"Tradu\u00e7\u00e3o\"><span class=\"Y2IQFc\" lang=\"es\">Peelings <strong>PHA \u2013 Peeling LACTOBIONIC<\/strong> (llamado \u00e1cido de verano) &#8211; Reduce la hiperpigmentaci\u00f3n. Estimula el proceso de exfoliaci\u00f3n.Ilumina la piel, haciendo menos visibles las manchas de pigmento. Aumento de la hidrataci\u00f3n de la piel.<\/span><\/p>\n<p>Derivado de extractos de plantas, el \u00e1cido lactobi\u00f3nico (\u00e1cido 4-O-\u03b2-galactopiranosil-D-gluc\u00f3nico) pertenece a los polihidroxi\u00e1cidos. Formado por la oxidaci\u00f3n del az\u00facar de la leche (un disac\u00e1rido llamado lactosa), consta de \u00e1cido gluc\u00f3nico y galactosa unidos a trav\u00e9s de un enlace \u00e9ter.<\/p>\n<p>Los polihidroxi\u00e1cidos penetran en la piel gradualmente, capa por capa. Por ello, su uso en tratamientos de peeling no provoca una fuerte sensaci\u00f3n de ardor e irritaci\u00f3n cut\u00e1nea. El \u00e1cido lactobi\u00f3nico es un exfoliante suave que suaviza y renueva sin causar irritaci\u00f3n ni enrojecimiento. Gracias al efecto irritante m\u00ednimo, se puede realizar con \u00e9xito incluso en pieles sensibles propensas al acn\u00e9.<\/p>\n<p>Presentaci\u00f3n: Botella de 50 mL<\/p>\n<p>El precio mostrado es por botella. Para calcular el valor de la caja simplemente multiplique por el n\u00famero de viales en la caja.<\/p>\n","protected":false},"excerpt":{"rendered":"<p>Peelings PHA \u2013 Peeling LACTOBIONIC (llamado \u00e1cido de verano) &#8211; Reduce la hiperpigmentaci\u00f3n. Estimula el proceso de exfoliaci\u00f3n.Ilumina la piel, haciendo menos visibles las manchas de pigmento. Aumento de la hidrataci\u00f3n de la piel. Derivado de extractos de plantas, el \u00e1cido lactobi\u00f3nico (\u00e1cido 4-O-\u03b2-galactopiranosil-D-gluc\u00f3nico) pertenece a los polihidroxi\u00e1cidos. Formado por la oxidaci\u00f3n del az\u00facar de [&hellip;]<\/p>\n","protected":false},"featured_media":8999,"template":"","meta":[],"product_brand":[],"product_cat":[1029,1236,1041,1238,1047,1250,1049,1254,1067,1258,1097,1264,1102,1278,1108,1118,1126,1150,967,1164,1014,1166,1018,1168,1025,1176,1027,1234],"product_tag":[],"class_list":{"0":"post-3467","1":"product","2":"type-product","3":"status-publish","4":"has-post-thumbnail","6":"product_cat-pele-envelhecida-es","7":"product_cat-piel-enviejecida-es-2","8":"product_cat-cuerpo","9":"product_cat-sequedad-piel-deshidratada-es-3","10":"product_cat-sequedad-piel-deshidratada","11":"product_cat-escote","12":"product_cat-gris-piel-oxidada","13":"product_cat-sequedad-piel-deshidratada-es-4","14":"product_cat-piel-cansada-toxificada","15":"product_cat-melasmas-manchas-castanhas-es-2","16":"product_cat-rostro","17":"product_cat-arrugas-es-2","18":"product_cat-piel-enviejecida","19":"product_cat-general-productos-equipos","20":"product_cat-rejuvenescimiento-facial-completo","21":"product_cat-sequedad-piel-deshidratada-es","22":"product_cat-piel-gris-oxidada","23":"product_cat-piel-cansada-entoxicada","24":"product_cat-peelings-es","25":"product_cat-manos-es","26":"product_cat-pha-es","27":"product_cat-piel-enviejecida-es","28":"product_cat-peeling-de-acido-lactobionico","29":"product_cat-sequedad-piel-deshidratada-es-2","30":"product_cat-areas-de-tratamientos-vs-produtos-tratamentos-con-equipos","31":"product_cat-piel-cansada-entoxicada-es","32":"product_cat-brazos","33":"product_cat-cuello","35":"first","36":"instock","37":"taxable","38":"shipping-taxable","39":"purchasable","40":"product-type-simple"},"acf":{"display":[],"short_name":"","display_equipment_products":[],"short_name_equipment_products":"","confidential_information":{"text_block":false,"download_file":false}},"_links":{"self":[{"href":"http:\/\/www.therapmedic.com\/es\/wp-json\/wp\/v2\/product\/3467","targetHints":{"allow":["GET"]}}],"collection":[{"href":"http:\/\/www.therapmedic.com\/es\/wp-json\/wp\/v2\/product"}],"about":[{"href":"http:\/\/www.therapmedic.com\/es\/wp-json\/wp\/v2\/types\/product"}],"wp:featuredmedia":[{"embeddable":true,"href":"http:\/\/www.therapmedic.com\/es\/wp-json\/wp\/v2\/media\/8999"}],"wp:attachment":[{"href":"http:\/\/www.therapmedic.com\/es\/wp-json\/wp\/v2\/media?parent=3467"}],"wp:term":[{"taxonomy":"product_brand","embeddable":true,"href":"http:\/\/www.therapmedic.com\/es\/wp-json\/wp\/v2\/product_brand?post=3467"},{"taxonomy":"product_cat","embeddable":true,"href":"http:\/\/www.therapmedic.com\/es\/wp-json\/wp\/v2\/product_cat?post=3467"},{"taxonomy":"product_tag","embeddable":true,"href":"http:\/\/www.therapmedic.com\/es\/wp-json\/wp\/v2\/product_tag?post=3467"}],"curies":[{"name":"wp","href":"https:\/\/api.w.org\/{rel}","templated":true}]}}