{"id":3451,"date":"2023-03-24T16:05:58","date_gmt":"2023-03-24T16:05:58","guid":{"rendered":"https:\/\/www.therapmedic.com\/?post_type=product&#038;p=3451"},"modified":"2026-05-11T17:13:41","modified_gmt":"2026-05-11T17:13:41","slug":"peeling-salicilico-a-20","status":"publish","type":"product","link":"http:\/\/www.therapmedic.com\/es\/producto\/peeling-salicilico-a-20\/","title":{"rendered":"Peeling Salic\u00edlico 20%"},"content":{"rendered":"<p id=\"tw-target-text\" class=\"tw-data-text tw-text-large tw-ta\" dir=\"ltr\" data-placeholder=\"Tradu\u00e7\u00e3o\"><span class=\"Y2IQFc\" lang=\"es\">Peelings BHA \u2013 <strong>Peeling 20% \u200b\u200bSalic\u00edlico<\/strong> &#8211; Peeling medio. Acn\u00e9, antiedad, manchas, exceso de grasa, acn\u00e9 hormonal.<\/span><\/p>\n<p>El \u00e1cido salic\u00edlico es un \u00e1cido beta hidroxi (BHA), una opci\u00f3n eficaz para pieles grasas y con imperfecciones. Altamente eficaz como agente para realizar un peeling superficial, eliminando c\u00e9lulas envejecidas, oleosidad y residuos adheridos a la superficie de la piel. Es una de las sustancias m\u00e1s eficaces para combatir el exceso de grasa, las rojeces y las manchas, as\u00ed como en el rejuvenecimiento de la piel y como alternativa al peeling glic\u00f3lico. Los peelings salic\u00edlicos ayudan a desintoxicar la piel estresada mientras destapan los poros. Estas poderosas exfoliaciones con BHA mejoran la apariencia de las protuberancias y las imperfecciones inflamadas y aseguran mejoras notables en el tono y la textura incluso para la piel que se ve m\u00e1s da\u00f1ada. Afloja y elimina las c\u00e9lulas envejecidas, la grasa y los desechos adheridos a la superficie de la piel al suavizar la prote\u00edna de queratina. Estimula la producci\u00f3n de nuevas c\u00e9lulas sanas de la piel y aumenta la formaci\u00f3n de col\u00e1geno. Ten en cuenta que las personas sensibles o al\u00e9rgicas a la aspirina y los salicilatos deben evitar este peeling.<\/p>\n<p>Presentaci\u00f3n: botella de 50 mL (1.76 fl.oz)<\/p>\n<p>El precio mostrado es por botella.<\/p>\n","protected":false},"excerpt":{"rendered":"<p>Peelings BHA \u2013 Peeling 20% \u200b\u200bSalic\u00edlico &#8211; Peeling medio. Acn\u00e9, antiedad, manchas, exceso de grasa, acn\u00e9 hormonal. El \u00e1cido salic\u00edlico es un \u00e1cido beta hidroxi (BHA), una opci\u00f3n eficaz para pieles grasas y con imperfecciones. Altamente eficaz como agente para realizar un peeling superficial, eliminando c\u00e9lulas envejecidas, oleosidad y residuos adheridos a la superficie de [&hellip;]<\/p>\n","protected":false},"featured_media":8934,"template":"","meta":[],"product_brand":[],"product_cat":[989,991,1025,1097,1098,1106,1134,1136,1278,967],"product_tag":[],"class_list":{"0":"post-3451","1":"product","2":"type-product","3":"status-publish","4":"has-post-thumbnail","6":"product_cat-bha-es","7":"product_cat-peelings-de-acido-salicilico-es","8":"product_cat-areas-de-tratamientos-vs-produtos-tratamentos-con-equipos","9":"product_cat-rostro","10":"product_cat-acne-es","11":"product_cat-puntos-negros","12":"product_cat-p","13":"product_cat-poros-abiertos","14":"product_cat-general-productos-equipos","15":"product_cat-peelings-es","17":"first","18":"instock","19":"taxable","20":"shipping-taxable","21":"purchasable","22":"product-type-simple"},"acf":{"display":[],"short_name":"","display_equipment_products":[],"short_name_equipment_products":"","confidential_information":{"text_block":false,"download_file":false}},"_links":{"self":[{"href":"http:\/\/www.therapmedic.com\/es\/wp-json\/wp\/v2\/product\/3451","targetHints":{"allow":["GET"]}}],"collection":[{"href":"http:\/\/www.therapmedic.com\/es\/wp-json\/wp\/v2\/product"}],"about":[{"href":"http:\/\/www.therapmedic.com\/es\/wp-json\/wp\/v2\/types\/product"}],"wp:featuredmedia":[{"embeddable":true,"href":"http:\/\/www.therapmedic.com\/es\/wp-json\/wp\/v2\/media\/8934"}],"wp:attachment":[{"href":"http:\/\/www.therapmedic.com\/es\/wp-json\/wp\/v2\/media?parent=3451"}],"wp:term":[{"taxonomy":"product_brand","embeddable":true,"href":"http:\/\/www.therapmedic.com\/es\/wp-json\/wp\/v2\/product_brand?post=3451"},{"taxonomy":"product_cat","embeddable":true,"href":"http:\/\/www.therapmedic.com\/es\/wp-json\/wp\/v2\/product_cat?post=3451"},{"taxonomy":"product_tag","embeddable":true,"href":"http:\/\/www.therapmedic.com\/es\/wp-json\/wp\/v2\/product_tag?post=3451"}],"curies":[{"name":"wp","href":"https:\/\/api.w.org\/{rel}","templated":true}]}}