{"id":3394,"date":"2023-03-24T11:51:51","date_gmt":"2023-03-24T11:51:51","guid":{"rendered":"https:\/\/www.therapmedic.com\/product\/vitamina-c\/"},"modified":"2023-04-21T16:28:58","modified_gmt":"2023-04-21T16:28:58","slug":"vitamina-c","status":"publish","type":"product","link":"http:\/\/www.therapmedic.com\/es\/producto\/vitamina-c\/","title":{"rendered":"Vitamina C"},"content":{"rendered":"<p id=\"tw-target-text\" class=\"tw-data-text tw-text-large tw-ta\" dir=\"ltr\" data-placeholder=\"Tradu\u00e7\u00e3o\"><span class=\"Y2IQFc\" lang=\"es\"><strong>Vitamina C:<\/strong> limita la extensi\u00f3n de la hiperpigmentaci\u00f3n. Reduce la decoloraci\u00f3n de la piel.<\/span><\/p>\n<p>La vitamina C es una soluci\u00f3n de \u00e1cido asc\u00f3rbico altamente concentrada que se puede usar sola o en combinaci\u00f3n con otros c\u00f3cteles. Tiene propiedades blanqueadoras y antioxidantes que proteger\u00e1n la piel, adem\u00e1s de prevenir y tratar el fotoda\u00f1o inducido por los rayos ultravioleta, suavizando los efectos de la exposici\u00f3n a la intemperie. Inhibe la s\u00edntesis de melanina. Posee una potente actividad antioxidante neutralizando los radicales libres. Para mujeres y hombres de todas las edades y todo tipo de piel.<\/p>\n<p>Presentaci\u00f3n: Caja con 5 viales de 5 mL<\/p>\n<p>El precio mostrado es por caja de 5 viales.<\/p>\n","protected":false},"excerpt":{"rendered":"<p>Vitamina C: limita la extensi\u00f3n de la hiperpigmentaci\u00f3n. Reduce la decoloraci\u00f3n de la piel. La vitamina C es una soluci\u00f3n de \u00e1cido asc\u00f3rbico altamente concentrada que se puede usar sola o en combinaci\u00f3n con otros c\u00f3cteles. Tiene propiedades blanqueadoras y antioxidantes que proteger\u00e1n la piel, adem\u00e1s de prevenir y tratar el fotoda\u00f1o inducido por los [&hellip;]<\/p>\n","protected":false},"featured_media":3391,"template":"","meta":[],"product_brand":[],"product_cat":[1069,1220,1085,1234,1097,1238,1102,1242,1110,1246,1120,1250,1126,1252,945,1132,1254,947,1144,1262,1025,1150,1264,1027,1164,1278,1037,1166,1041,1172,1049,1174,1055,1176,1067,1214],"product_tag":[],"class_list":{"0":"post-3394","1":"product","2":"type-product","3":"status-publish","4":"has-post-thumbnail","6":"product_cat-gluteos-es","7":"product_cat-melasmas-manchas-marrones-es-3","8":"product_cat-melasmas-manchas-castanhas-es","9":"product_cat-cuello","10":"product_cat-rostro","11":"product_cat-sequedad-piel-deshidratada-es-3","12":"product_cat-piel-enviejecida","13":"product_cat-melasmas-manchas-marrones-es-4","14":"product_cat-ojeras","15":"product_cat-piel-cansada-entoxicada-es-2","16":"product_cat-piel-opaca-sin-brillo","17":"product_cat-escote","18":"product_cat-piel-gris-oxidada","19":"product_cat-piel-enviejecida-es-3","20":"product_cat-productos-de-mesoterapia","21":"product_cat-melasmas-manchas-marrones-hiperpigmentacion","22":"product_cat-sequedad-piel-deshidratada-es-4","23":"product_cat-anti-envejecimiento","24":"product_cat-blanquamiento-de-la-piel","25":"product_cat-piel-cansada-entoxicada-es-3","26":"product_cat-areas-de-tratamientos-vs-produtos-tratamentos-con-equipos","27":"product_cat-piel-cansada-entoxicada","28":"product_cat-arrugas-es-2","29":"product_cat-brazos","30":"product_cat-manos-es","31":"product_cat-general-productos-equipos","32":"product_cat-melasmas-manchas-marrones","33":"product_cat-piel-enviejecida-es","34":"product_cat-cuerpo","35":"product_cat-melasmas-manchas-marrones-es-2","36":"product_cat-gris-piel-oxidada","37":"product_cat-piel-flacida-es-4","38":"product_cat-melasmas-manchas-marrones-es","39":"product_cat-piel-cansada-entoxicada-es","40":"product_cat-piel-cansada-toxificada","41":"product_cat-piernas","43":"first","44":"instock","45":"taxable","46":"shipping-taxable","47":"purchasable","48":"product-type-simple"},"acf":{"display":[],"short_name":"","display_equipment_products":[],"short_name_equipment_products":"","confidential_information":{"text_block":[{"title":"Ingredientes Activos","textarea":"<p id=\"tw-target-text\" class=\"tw-data-text tw-text-large tw-ta\" dir=\"ltr\" data-placeholder=\"Tradu\u00e7\u00e3o\"><span class=\"Y2IQFc\" lang=\"pt\"><strong>\u00c1cido Asc\u00f3rbico, Vitamina C<\/strong> &#8211; Poderoso antioxidante que pode ser utilizado para tratar e prevenir altera\u00e7\u00f5es associadas ao fotoenvelhecimento. Tamb\u00e9m pode ser usado no tratamento da hiperpigmenta\u00e7\u00e3o. Inibe a atividade da tirosinase provocando o Cu2+ e impedindo a s\u00edntese de melanina.<\/span><\/p>\n"},{"title":" Posibles mezclas","textarea":"<p class=\"tw-data-text tw-text-large tw-ta\" dir=\"ltr\" data-placeholder=\"Tradu\u00e7\u00e3o\"><span class=\"Y2IQFc\" lang=\"pt\"><strong>Posibles mezclas:<\/strong><\/span><\/p>\n<p id=\"tw-target-text\" class=\"tw-data-text tw-text-large tw-ta\" dir=\"ltr\" data-placeholder=\"Tradu\u00e7\u00e3o\"><span class=\"Y2IQFc\" lang=\"es\">General Alopecia, Revital Mix, Soluci\u00f3n de baja viscosidad 3,5 % hy-ac, Soluci\u00f3n de baja viscosidad 3,5 % hy-ac, Soluci\u00f3n de baja viscosidad 2 % hy-ac, Miami Skin<\/span><\/p>\n"},{"title":"Protocolos de tratamientos","textarea":"<p dir=\"ltr\" data-placeholder=\"Tradu\u00e7\u00e3o\"><span class=\"Y2IQFc\" lang=\"es\"><strong>Reglas generales<\/strong><\/span><\/p>\n<p>Paso 1: Lavar la piel con un gel limpiador transparente y secar. No utilice cremas, lociones o limpiadores nacarados, ya que pueden dejar residuos.<\/p>\n<p>Paso 2: Desinfectar la zona con clorhexidina o similar<\/p>\n<p>Paso 3: Aplique una peque\u00f1a cantidad del producto en una gasa y exti\u00e9ndala sobre el \u00e1rea deseada (o use un cepillo de abanico) si est\u00e1 usando mesoterapia virtual o llene la jeringa con el producto si est\u00e1 usando mesoterapia cl\u00e1sica.<\/p>\n<p>Paso 4: Recorrer la zona con el instrumento siguiendo las instrucciones del fabricante<\/p>\n<p>Paso 5: Vuelva a aplicar la soluci\u00f3n seg\u00fan sea necesario para cubrir toda el \u00e1rea hasta que la piel est\u00e9 ligeramente h\u00fameda (en caso de mesoterapia virtual)<\/p>\n<p>Paso 6: Repite el paso 4.<\/p>\n<p>Paso 7: Enjuague la soluci\u00f3n restante con agua fr\u00eda durante 30 segundos. Seque suavemente la piel y aplique el suero hialur\u00f3nico hidratante post-peeling\/24 para nutrir la piel con ingredientes antienvejecimiento.<\/p>\n<p id=\"tw-target-text\" class=\"tw-data-text tw-text-large tw-ta\" dir=\"ltr\" data-placeholder=\"Tradu\u00e7\u00e3o\"><span class=\"Y2IQFc\" lang=\"es\"><strong>PROTOCOLO MESO:<\/strong><\/span><\/p>\n<p><strong>Profundidad recomendada por \u00e1rea:<\/strong><br \/>\nFrente &#8230;&#8230;&#8230;&#8230;&#8230;&#8230;&#8230;&#8230;&#8230;&#8230;&#8230;&#8230;&#8230;&#8230;&#8230;&#8230;&#8230;&#8230;&#8230; 1-1,5 mm<br \/>\nMejillas &#8230;&#8230;&#8230;&#8230;&#8230;&#8230;&#8230;&#8230;&#8230;&#8230;&#8230;&#8230;&#8230;&#8230;&#8230;&#8230;&#8230;&#8230; 1,5-2,5 mm<br \/>\nL\u00ednea de la mand\u00edbula y el ment\u00f3n&#8230;&#8230;&#8230;.. 0,1-1,5 mm<br \/>\nManos &#8230;&#8230;&#8230;&#8230;&#8230;&#8230;&#8230;&#8230;&#8230;&#8230;&#8230;&#8230;&#8230;&#8230;&#8230;&#8230;&#8230;&#8230;.. 1-2 mm<\/p>\n<p><strong>Tiempo recomendado por \u00e1rea<\/strong> utilizando sistemas de administraci\u00f3n transd\u00e9rmica (electroporaci\u00f3n, iontoforesis, ultrasonido, corrientes galv\u00e1nicas, corrientes continuas, radiofrecuencia, termoterapia)<br \/>\nRostro, ment\u00f3n y escote &#8230;&#8230;&#8230;&#8230;&#8230;&#8230; 5 minutos<br \/>\nManos &#8230;&#8230;&#8230;&#8230;&#8230;&#8230;&#8230;&#8230;&#8230;&#8230;&#8230;&#8230;&#8230;&#8230;&#8230;&#8230; 5 minutos<\/p>\n<p><strong>Tiempo recomendado entre sesiones<\/strong><br \/>\nUso de TDS &#8230;&#8230;&#8230;&#8230;&#8230;&#8230;&#8230;&#8230;&#8230;&#8230;&#8230;&#8230;&#8230;&#8230;&#8230;&#8230;&#8230;&#8230;&#8230;&#8230;&#8230; Intervalos de 6 a 7 d\u00edas<br \/>\nUsando meso-pen o meso-roller &#8230;&#8230;&#8230;&#8230;&#8230;&#8230;&#8230;&#8230;&#8230;.. Intervalo de 7 a 10 d\u00edas<br \/>\nTradicional &#8230;&#8230;&#8230;&#8230;&#8230;&#8230;&#8230;&#8230;&#8230;&#8230;&#8230;&#8230;&#8230;&#8230;&#8230;&#8230;&#8230;&#8230;&#8230;&#8230;&#8230; .intervalo de 7 a 10 d\u00edas<\/p>\n<p><strong>n\u00famero de sesiones<\/strong><br \/>\nInicio del tratamiento &#8230;&#8230;&#8230;&#8230;&#8230;&#8230;&#8230;&#8230;. 4-5<br \/>\nMantenimiento &#8230;&#8230;&#8230;&#8230;&#8230;&#8230;&#8230;&#8230;&#8230;&#8230;&#8230;&#8230;&#8230; cada 3-4 meses<\/p>\n"}],"download_file":false}},"_links":{"self":[{"href":"http:\/\/www.therapmedic.com\/es\/wp-json\/wp\/v2\/product\/3394","targetHints":{"allow":["GET"]}}],"collection":[{"href":"http:\/\/www.therapmedic.com\/es\/wp-json\/wp\/v2\/product"}],"about":[{"href":"http:\/\/www.therapmedic.com\/es\/wp-json\/wp\/v2\/types\/product"}],"wp:featuredmedia":[{"embeddable":true,"href":"http:\/\/www.therapmedic.com\/es\/wp-json\/wp\/v2\/media\/3391"}],"wp:attachment":[{"href":"http:\/\/www.therapmedic.com\/es\/wp-json\/wp\/v2\/media?parent=3394"}],"wp:term":[{"taxonomy":"product_brand","embeddable":true,"href":"http:\/\/www.therapmedic.com\/es\/wp-json\/wp\/v2\/product_brand?post=3394"},{"taxonomy":"product_cat","embeddable":true,"href":"http:\/\/www.therapmedic.com\/es\/wp-json\/wp\/v2\/product_cat?post=3394"},{"taxonomy":"product_tag","embeddable":true,"href":"http:\/\/www.therapmedic.com\/es\/wp-json\/wp\/v2\/product_tag?post=3394"}],"curies":[{"name":"wp","href":"https:\/\/api.w.org\/{rel}","templated":true}]}}