{"id":3371,"date":"2022-11-21T15:05:35","date_gmt":"2022-11-21T15:05:35","guid":{"rendered":"https:\/\/www.therapmedic.com\/product\/healthy-youth\/"},"modified":"2023-04-22T16:51:26","modified_gmt":"2023-04-22T16:51:26","slug":"healthy-youth","status":"publish","type":"product","link":"http:\/\/www.therapmedic.com\/es\/producto\/healthy-youth\/","title":{"rendered":"Healthy Youth"},"content":{"rendered":"<p><b><i>Healthy <\/i><\/b><b><i>youth<\/i><\/b> &#8211;<span class=\"Y2IQFc\" lang=\"es\">&#8211; Aumenta la producci\u00f3n de col\u00e1geno. Actividad antioxidante. anti radicales libres <\/span><\/p>\n<p><span class=\"Y2IQFc\" lang=\"es\">Healthy Youth es un c\u00f3ctel de principios activos dise\u00f1ado para ayudar a reducir los signos de las arrugas de la piel estimulando la renovaci\u00f3n d\u00e9rmica. Puede ayudar a restaurar su apariencia juvenil y saludable. <\/span><\/p>\n<p><span class=\"Y2IQFc\" lang=\"es\">Presentaci\u00f3n: Caja con 5 viales de 5ml <\/span><\/p>\n<p><span class=\"Y2IQFc\" lang=\"es\">El precio mostrado es por caja de 5 viales.<\/span><\/p>\n","protected":false},"excerpt":{"rendered":"<p>Healthy youth &#8211;&#8211; Aumenta la producci\u00f3n de col\u00e1geno. Actividad antioxidante. anti radicales libres Healthy Youth es un c\u00f3ctel de principios activos dise\u00f1ado para ayudar a reducir los signos de las arrugas de la piel estimulando la renovaci\u00f3n d\u00e9rmica. Puede ayudar a restaurar su apariencia juvenil y saludable. Presentaci\u00f3n: Caja con 5 viales de 5ml El [&hellip;]<\/p>\n","protected":false},"featured_media":8658,"template":"","meta":[],"product_brand":[],"product_cat":[1029,1174,1039,1178,1041,1214,1047,1222,1063,1234,1069,1236,1087,1238,1097,1250,1102,1254,1118,1258,1124,1264,1142,1278,945,1158,947,1164,1025,1166,1027,1168],"product_tag":[],"class_list":{"0":"post-3371","1":"product","2":"type-product","3":"status-publish","4":"has-post-thumbnail","6":"product_cat-pele-envelhecida-es","7":"product_cat-piel-flacida-es-4","8":"product_cat-piel-flacida","9":"product_cat-arrugas","10":"product_cat-cuerpo","11":"product_cat-piernas","12":"product_cat-sequedad-piel-deshidratada","13":"product_cat-piel-flacida-es-5","14":"product_cat-piel-flacida-es","15":"product_cat-cuello","16":"product_cat-gluteos-es","17":"product_cat-piel-enviejecida-es-2","18":"product_cat-piel-flacida-es-2","19":"product_cat-sequedad-piel-deshidratada-es-3","20":"product_cat-rostro","21":"product_cat-escote","22":"product_cat-piel-enviejecida","23":"product_cat-sequedad-piel-deshidratada-es-4","24":"product_cat-sequedad-piel-deshidratada-es","25":"product_cat-melasmas-manchas-castanhas-es-2","26":"product_cat-arrugas-en-la-frente","27":"product_cat-arrugas-es-2","28":"product_cat-piel-flacida-es-3","29":"product_cat-general-productos-equipos","30":"product_cat-productos-de-mesoterapia","31":"product_cat-arrugas-al-redor-de-los-ojos","32":"product_cat-anti-envejecimiento","33":"product_cat-manos-es","34":"product_cat-areas-de-tratamientos-vs-produtos-tratamentos-con-equipos","35":"product_cat-piel-enviejecida-es","36":"product_cat-brazos","37":"product_cat-sequedad-piel-deshidratada-es-2","39":"first","40":"instock","41":"taxable","42":"shipping-taxable","43":"purchasable","44":"product-type-simple"},"acf":{"display":[],"short_name":"","display_equipment_products":[],"short_name_equipment_products":"","confidential_information":{"text_block":[{"title":"Ingredientes Activos","textarea":"<p id=\"tw-target-text\" class=\"tw-data-text tw-text-large tw-ta\" dir=\"ltr\" data-placeholder=\"Tradu\u00e7\u00e3o\"><span class=\"Y2IQFc\" lang=\"es\"><strong>\u00c1cido asc\u00f3rbico, Vitamina C<\/strong> &#8211; Potente antioxidante que puede utilizarse para tratar y prevenir los cambios asociados al fotoenvejecimiento. Tambi\u00e9n se puede utilizar en el tratamiento de la hiperpigmentaci\u00f3n. Inhibe la actividad de la Tirosinasa actuando sobre el Cu2+ e impide la s\u00edntesis de melanina. <\/span><\/p>\n<p>Elastina (extracto de algas) &#8211; Efecto antienvejecimiento de la piel. Tiene un efecto protector, nutritivo e hidratante. Ayuda a mantener los niveles de hidrataci\u00f3n y tambi\u00e9n mejora la elasticidad general de la piel.<\/p>\n<p>\u00c1cido hialur\u00f3nico ultrabajo hidrolizado m.w. 8 Kd &#8211; \u00c1cido hialur\u00f3nico 8 Kd. Aumenta la producci\u00f3n de elastina, as\u00ed como de fibronectina, glucosaminoglicanos y col\u00e1geno. Efecto hidratante.<\/p>\n<p>Pantenol. Pro-vitamina B5 &#8211; Lubricante, emoliente y humectante. Humectante &#8211; Atrae y retiene la humedad. Proporciona cicatrizaci\u00f3n de heridas y tiene acci\u00f3n antiinflamatoria.<\/p>\n<p>Extracto de Piscum Ovum (Caviar) &#8211; El extracto de huevo de pescado es un producto rico en prote\u00ednas que contiene principalmente amino\u00e1cidos: arginina, histidina, isoleucina, lisina y metionina, los l\u00edpidos incluyen principalmente colesterol (25%) y lecitina (75%), grandes cantidades de vitamina A, vitaminas B2, B6, B12, niacina, \u00e1cido pantot\u00e9nico y \u00e1cido f\u00f3lico y altas proporciones de calcio, magnesio, f\u00f3sforo, potasio y sodio<\/p>\n<p>Piridoxina ClH, Vitamina B6 &#8211; Antioxidante. agente acondicionador de la piel y el cabello.<\/p>\n<p>Cloruro de Tiamina, Vitamina B1 &#8211; Agente acondicionador de la piel. Esencial para el metabolismo aer\u00f3bico y el crecimiento celular. Tras la hidr\u00f3lisis, es una coenzima para muchas actividades enzim\u00e1ticas que involucran el metabolismo de \u00e1cidos grasos, amino\u00e1cidos y carbohidratos.<\/p>\n<p>Urea &#8211; Mayor absorci\u00f3n de la piel. es uno de los ingredientes humectantes m\u00e1s efectivos en la qu\u00edmica cosm\u00e9tica. El papel de la urea en la piel es mantener un equilibrio saludable de humedad, manteni\u00e9ndola suave, flexible y juvenil, brindando el alivio que tanto necesita la piel seca. Es un componente natural de los tejidos de nuestra piel y constituye el 7% de nuestro factor de humedad natural, que disminuye con la edad.<\/p>\n"},{"title":"Mezclas Posibles","textarea":"<p><i>3.5% <\/i><i>hy<\/i><i>-ac low viscosity solution, 3.5% <\/i><i>hy<\/i><i>-ac ULTRA low viscosity solution, 2% <\/i><i>hy<\/i><i>-ac low viscosity solution<\/i><\/p>\n"},{"title":"Protocolo de tratamientos","textarea":"<p><strong>Reglas generales<\/strong><\/p>\n<p>Paso 1: Lavar la piel con un gel limpiador transparente y secar. No utilice cremas, lociones o limpiadores nacarados, ya que pueden dejar residuos.<\/p>\n<p>Paso 2: Desinfectar la zona con clorhexidina o similar<\/p>\n<p>Paso 3: Aplique una peque\u00f1a cantidad del producto en una gasa y exti\u00e9ndala sobre el \u00e1rea deseada (o use un cepillo de abanico) si est\u00e1 usando mesoterapia virtual o llene la jeringa con el producto si est\u00e1 usando mesoterapia cl\u00e1sica.<\/p>\n<p>Paso 4: Recorrer la zona con el instrumento siguiendo las instrucciones del fabricante<\/p>\n<p>Paso 5: Vuelva a aplicar la soluci\u00f3n seg\u00fan sea necesario para cubrir toda el \u00e1rea hasta que la piel est\u00e9 ligeramente h\u00fameda (en caso de mesoterapia virtual)<\/p>\n<p>Paso 6: Repite el paso 4.<\/p>\n<p>Paso 7: Enjuague la soluci\u00f3n restante con agua fr\u00eda durante 30 segundos. Seque suavemente la piel y aplique el suero hialur\u00f3nico hidratante post-peeling\/24 para nutrir la piel con ingredientes antienvejecimiento.<\/p>\n<p>&nbsp;<\/p>\n<p><strong>PROTOCOLO MESO:<\/strong><\/p>\n<p><strong>Profundidad recomendada por \u00e1rea:<\/strong><br \/>\nFrente &#8230;&#8230;&#8230;&#8230;&#8230;&#8230;&#8230;&#8230;&#8230;&#8230;&#8230;&#8230;&#8230;&#8230;&#8230;&#8230;&#8230;&#8230;&#8230; 1-1,5 mm<br \/>\nMejillas &#8230;&#8230;&#8230;&#8230;&#8230;&#8230;&#8230;&#8230;&#8230;&#8230;&#8230;&#8230;&#8230;&#8230;&#8230;&#8230;&#8230;&#8230; 1,5-2,5 mm<br \/>\nL\u00ednea de la mand\u00edbula y el ment\u00f3n&#8230;&#8230;&#8230;&#8230;. 1-1,5 mm<br \/>\nManos &#8230;&#8230;&#8230;&#8230;&#8230;&#8230;&#8230;&#8230;&#8230;&#8230;&#8230;&#8230;&#8230;&#8230;&#8230;&#8230;&#8230;&#8230;.. 1-2 mm<\/p>\n<p><strong>Tiempo recomendado por \u00e1rea<\/strong> utilizando sistemas de administraci\u00f3n transd\u00e9rmica (electroporaci\u00f3n, iontoforesis, ultrasonido, corrientes galv\u00e1nicas, corrientes continuas, radiofrecuencia, termoterapia)<br \/>\nRostro, ment\u00f3n y escote &#8230;&#8230;&#8230;&#8230;&#8230;&#8230;. 5 minutos<br \/>\nManos &#8230;&#8230;&#8230;&#8230;&#8230;&#8230;&#8230;&#8230;&#8230;&#8230;&#8230;&#8230;&#8230;&#8230;&#8230;&#8230; 5 minutos<\/p>\n<p><strong>Tiempo recomendado entre sesiones<\/strong><br \/>\nUso de TDS &#8230;&#8230;&#8230;&#8230;&#8230;&#8230;&#8230;&#8230;&#8230;&#8230;&#8230;&#8230;&#8230;&#8230;&#8230;&#8230;&#8230;&#8230;&#8230;&#8230;&#8230; Intervalos de 6 a 7 d\u00edas<br \/>\nUsando meso-pen o meso-roller &#8230;&#8230;&#8230;&#8230;&#8230;&#8230;&#8230;&#8230;&#8230;.. Intervalo de 7 a 8 d\u00edas<br \/>\nTradicional &#8230;&#8230;&#8230;&#8230;&#8230;&#8230;&#8230;&#8230;&#8230;&#8230;&#8230;&#8230;&#8230;&#8230;&#8230;&#8230;&#8230;&#8230;&#8230;&#8230;&#8230; .intervalo de 7 a 8 d\u00edas<\/p>\n<p><strong>n\u00famero de sesiones<\/strong><br \/>\nInicio del tratamiento &#8230;&#8230;&#8230;&#8230;&#8230;&#8230;&#8230;&#8230;&#8230;&#8230; 4-6<br \/>\nMantenimiento &#8230;&#8230;&#8230;&#8230;&#8230;&#8230;&#8230;&#8230;&#8230;&#8230;&#8230;&#8230;&#8230;..<span class=\"Y2IQFc\" lang=\"es\">cada 4-5 meses 2 sesiones<\/span><\/p>\n"}],"download_file":false}},"_links":{"self":[{"href":"http:\/\/www.therapmedic.com\/es\/wp-json\/wp\/v2\/product\/3371","targetHints":{"allow":["GET"]}}],"collection":[{"href":"http:\/\/www.therapmedic.com\/es\/wp-json\/wp\/v2\/product"}],"about":[{"href":"http:\/\/www.therapmedic.com\/es\/wp-json\/wp\/v2\/types\/product"}],"wp:featuredmedia":[{"embeddable":true,"href":"http:\/\/www.therapmedic.com\/es\/wp-json\/wp\/v2\/media\/8658"}],"wp:attachment":[{"href":"http:\/\/www.therapmedic.com\/es\/wp-json\/wp\/v2\/media?parent=3371"}],"wp:term":[{"taxonomy":"product_brand","embeddable":true,"href":"http:\/\/www.therapmedic.com\/es\/wp-json\/wp\/v2\/product_brand?post=3371"},{"taxonomy":"product_cat","embeddable":true,"href":"http:\/\/www.therapmedic.com\/es\/wp-json\/wp\/v2\/product_cat?post=3371"},{"taxonomy":"product_tag","embeddable":true,"href":"http:\/\/www.therapmedic.com\/es\/wp-json\/wp\/v2\/product_tag?post=3371"}],"curies":[{"name":"wp","href":"https:\/\/api.w.org\/{rel}","templated":true}]}}