{"id":3349,"date":"2022-11-28T15:16:59","date_gmt":"2022-11-28T15:16:59","guid":{"rendered":"https:\/\/www.therapmedic.com\/product\/fitness-body\/"},"modified":"2023-04-22T16:36:10","modified_gmt":"2023-04-22T16:36:10","slug":"fitness-body","status":"publish","type":"product","link":"http:\/\/www.therapmedic.com\/es\/producto\/fitness-body\/","title":{"rendered":"Fitness Body"},"content":{"rendered":"<p id=\"tw-target-text\" class=\"tw-data-text tw-text-large tw-ta\" dir=\"ltr\" data-placeholder=\"Tradu\u00e7\u00e3o\"><span class=\"Y2IQFc\" lang=\"es\"><strong>Fitness body:<\/strong> Antioxidante con Glutati\u00f3n, F\u00f3rmula Anti-radicales. Retrasa el envejecimiento celular por estr\u00e9s oxidativo<\/span><\/p>\n<p>Mesoterapia antirradicales y retraso del envejecimiento celular. Las especies reactivas de ox\u00edgeno (ROS) son mol\u00e9culas de ox\u00edgeno peligrosas generadas por los rayos ultravioleta y la contaminaci\u00f3n. Existe una amplia evidencia que indica que el estr\u00e9s oxidativo inducido por ROS juega un papel importante en el proceso de envejecimiento de la piel humana.<\/p>\n<p>Presentaci\u00f3n: Caja de 5 viales de 10 mL<\/p>\n<p>El precio mostrado es por caja de 5 viales.<\/p>\n<p>&nbsp;<\/p>\n","protected":false},"excerpt":{"rendered":"<p>Fitness body: Antioxidante con Glutati\u00f3n, F\u00f3rmula Anti-radicales. Retrasa el envejecimiento celular por estr\u00e9s oxidativo Mesoterapia antirradicales y retraso del envejecimiento celular. Las especies reactivas de ox\u00edgeno (ROS) son mol\u00e9culas de ox\u00edgeno peligrosas generadas por los rayos ultravioleta y la contaminaci\u00f3n. Existe una amplia evidencia que indica que el estr\u00e9s oxidativo inducido por ROS juega un [&hellip;]<\/p>\n","protected":false},"featured_media":8802,"template":"","meta":[],"product_brand":[],"product_cat":[1067,1214,1069,1222,1073,1234,1075,1244,1081,1246,1083,1250,1087,1262,945,1097,1278,953,1126,1025,1128,1027,1142,1029,1144,1039,1164,1041,1166,1049,1174,1063,1176],"product_tag":[],"class_list":{"0":"post-3349","1":"product","2":"type-product","3":"status-publish","4":"has-post-thumbnail","6":"product_cat-piel-cansada-toxificada","7":"product_cat-piernas","8":"product_cat-gluteos-es","9":"product_cat-piel-flacida-es-5","10":"product_cat-aumento-de-gluteos-es","11":"product_cat-cuello","12":"product_cat-tonificacion-de-los-gluteos","13":"product_cat-peil-flacida","14":"product_cat-gluteos-flacidos-y-caidos","15":"product_cat-piel-cansada-entoxicada-es-2","16":"product_cat-poca-elasticidad-es","17":"product_cat-escote","18":"product_cat-piel-flacida-es-2","19":"product_cat-piel-cansada-entoxicada-es-3","20":"product_cat-productos-de-mesoterapia","21":"product_cat-rostro","22":"product_cat-general-productos-equipos","23":"product_cat-detox-es","24":"product_cat-piel-gris-oxidada","25":"product_cat-areas-de-tratamientos-vs-produtos-tratamentos-con-equipos","26":"product_cat-mejora-del-contorno-facial","27":"product_cat-brazos","28":"product_cat-piel-flacida-es-3","29":"product_cat-pele-envelhecida-es","30":"product_cat-blanquamiento-de-la-piel","31":"product_cat-piel-flacida","32":"product_cat-manos-es","33":"product_cat-cuerpo","34":"product_cat-piel-enviejecida-es","35":"product_cat-gris-piel-oxidada","36":"product_cat-piel-flacida-es-4","37":"product_cat-piel-flacida-es","38":"product_cat-piel-cansada-entoxicada-es","40":"first","41":"instock","42":"taxable","43":"shipping-taxable","44":"purchasable","45":"product-type-simple"},"acf":{"display":[],"short_name":"","display_equipment_products":[],"short_name_equipment_products":"","confidential_information":{"text_block":[{"title":"Ingredientes Activos","textarea":"<p id=\"tw-target-text\" class=\"tw-data-text tw-text-large tw-ta\" dir=\"ltr\" data-placeholder=\"Tradu\u00e7\u00e3o\"><span class=\"Y2IQFc\" lang=\"es\"><strong>Glutati\u00f3n<\/strong> &#8211; Potente antioxidante. Antioxidante no enzim\u00e1tico, sirve para ayudar a defender la piel de los efectos visibles del da\u00f1o ambiental. El glutati\u00f3n reducido tiene un efecto aclarador de la piel en humanos a trav\u00e9s de su actividad inhibidora de la tirosinasa. <\/span><\/p>\n<p>\u00c1cido asc\u00f3rbico, Vitamina C &#8211; Potente antioxidante que puede utilizarse para tratar y prevenir los cambios asociados al fotoenvejecimiento. Tambi\u00e9n se puede utilizar en el tratamiento de la hiperpigmentaci\u00f3n. Inhibe la actividad de la Tirosinasa actuando sobre el Cu2+ e impidiendo la s\u00edntesis de melanina.<\/p>\n<p>Acetato de tocoferilo, vitamina E &#8211; El acetato de tocoferilo es una forma de vitamina E. Antioxidante; Agente acondicionador de la piel. Protege las membranas celulares del da\u00f1o causado por los radicales libres de ox\u00edgeno.<\/p>\n"},{"title":"Mezclas Posibles","textarea":"<p id=\"tw-target-text\" class=\"tw-data-text tw-text-large tw-ta\" dir=\"ltr\" data-placeholder=\"Tradu\u00e7\u00e3o\"><span class=\"Y2IQFc\" lang=\"es\">Soluci\u00f3n de baja viscosidad hy-ac al 3,5 %, soluci\u00f3n de baja viscosidad ULTRA hy-ac al 3,5 %, soluci\u00f3n de baja viscosidad hy-ac al 2 %<\/span><\/p>\n"},{"title":"Protocolos de tratamientos","textarea":"<p><strong>Reglas generales<\/strong><\/p>\n<p>Paso 1: Lavar la piel con un gel limpiador transparente y secar. No utilice cremas, lociones o limpiadores nacarados, ya que pueden dejar residuos.<\/p>\n<p>Paso 2: Desinfectar la zona con clorhexidina o similar<\/p>\n<p>Paso 3: Aplique una peque\u00f1a cantidad del producto en una gasa y exti\u00e9ndala sobre el \u00e1rea deseada (o use un cepillo de abanico) si est\u00e1 usando mesoterapia virtual o llene la jeringa con el producto si est\u00e1 usando mesoterapia cl\u00e1sica.<\/p>\n<p>Paso 4: Recorrer la zona con el instrumento siguiendo las instrucciones del fabricante<\/p>\n<p>Paso 5: Vuelva a aplicar la soluci\u00f3n seg\u00fan sea necesario para cubrir toda el \u00e1rea hasta que la piel est\u00e9 ligeramente h\u00fameda (en caso de mesoterapia virtual)<\/p>\n<p>Paso 6: Repite el paso 4.<\/p>\n<p>Paso 7: Enjuague la soluci\u00f3n restante con agua fr\u00eda durante 30 segundos. Seque suavemente la piel y aplique el suero hialur\u00f3nico hidratante post-peeling\/24 para nutrir la piel con ingredientes antienvejecimiento.<\/p>\n<p id=\"tw-target-text\" class=\"tw-data-text tw-text-large tw-ta\" dir=\"ltr\" data-placeholder=\"Tradu\u00e7\u00e3o\"><span class=\"Y2IQFc\" lang=\"es\"><strong>PROTOCOLO MESO<\/strong>:<\/span><\/p>\n<p><strong>Profundidad recomendada por \u00e1rea<\/strong><br \/>\nFrente &#8230;&#8230;&#8230;&#8230;&#8230;&#8230;&#8230;&#8230;&#8230;&#8230;&#8230;&#8230;&#8230;&#8230;&#8230;&#8230;&#8230;&#8230; 1-1,5 mm<br \/>\nMejillas &#8230;&#8230;&#8230;&#8230;&#8230;&#8230;&#8230;&#8230;&#8230;&#8230;&#8230;&#8230;&#8230;&#8230;&#8230;&#8230;&#8230;. 1,5-2,5 mm<br \/>\nL\u00ednea de la mand\u00edbula y el ment\u00f3n&#8230;&#8230;&#8230; 1-1,5 mm<br \/>\nManos &#8230;&#8230;&#8230;&#8230;&#8230;&#8230;&#8230;&#8230;&#8230;&#8230;&#8230;&#8230;&#8230;&#8230;&#8230;&#8230;&#8230;&#8230;. 1-2 mm<\/p>\n<p><strong>Tiempo recomendado por \u00e1rea<\/strong> utilizando sistemas de administraci\u00f3n transd\u00e9rmica (electroporaci\u00f3n, iontoforesis, ultrasonido, corrientes galv\u00e1nicas, corrientes continuas, radiofrecuencia, termoterapia)<br \/>\nRostro, ment\u00f3n y escote &#8230;&#8230;&#8230;&#8230;&#8230;&#8230;. 5 minutos<br \/>\nManos &#8230;&#8230;&#8230;&#8230;&#8230;&#8230;&#8230;&#8230;&#8230;&#8230;&#8230;&#8230;&#8230;&#8230;&#8230;&#8230; 5 minutos<\/p>\n<p><strong>Tiempo recomendado entre sesiones<\/strong><br \/>\nUso de TDS &#8230;&#8230;&#8230;&#8230;&#8230;&#8230;&#8230;&#8230;&#8230;&#8230;&#8230;&#8230;&#8230;&#8230;&#8230;&#8230;&#8230;.. Intervalos de 6 a 7 d\u00edas<br \/>\nUsando meso-pen o meso-roller &#8230;&#8230;&#8230;&#8230;&#8230;&#8230;.. Intervalo de 8 a 10 d\u00edas<br \/>\nTradicional &#8230;&#8230;&#8230;&#8230;&#8230;&#8230;&#8230;&#8230;&#8230;&#8230;&#8230;&#8230;&#8230;&#8230;&#8230;&#8230;&#8230;&#8230; rango de 7 a 10 d\u00edas<\/p>\n<p><strong>n\u00famero de sesiones<\/strong><br \/>\nInicio del tratamiento &#8230;&#8230;&#8230;&#8230;&#8230;&#8230;&#8230;&#8230;. 4-5<br \/>\nMantenimiento &#8230;&#8230;&#8230;&#8230;&#8230;&#8230;&#8230;&#8230;&#8230;&#8230;&#8230;&#8230; cada 3-4 meses<\/p>\n"}],"download_file":false}},"_links":{"self":[{"href":"http:\/\/www.therapmedic.com\/es\/wp-json\/wp\/v2\/product\/3349","targetHints":{"allow":["GET"]}}],"collection":[{"href":"http:\/\/www.therapmedic.com\/es\/wp-json\/wp\/v2\/product"}],"about":[{"href":"http:\/\/www.therapmedic.com\/es\/wp-json\/wp\/v2\/types\/product"}],"wp:featuredmedia":[{"embeddable":true,"href":"http:\/\/www.therapmedic.com\/es\/wp-json\/wp\/v2\/media\/8802"}],"wp:attachment":[{"href":"http:\/\/www.therapmedic.com\/es\/wp-json\/wp\/v2\/media?parent=3349"}],"wp:term":[{"taxonomy":"product_brand","embeddable":true,"href":"http:\/\/www.therapmedic.com\/es\/wp-json\/wp\/v2\/product_brand?post=3349"},{"taxonomy":"product_cat","embeddable":true,"href":"http:\/\/www.therapmedic.com\/es\/wp-json\/wp\/v2\/product_cat?post=3349"},{"taxonomy":"product_tag","embeddable":true,"href":"http:\/\/www.therapmedic.com\/es\/wp-json\/wp\/v2\/product_tag?post=3349"}],"curies":[{"name":"wp","href":"https:\/\/api.w.org\/{rel}","templated":true}]}}