{"id":3342,"date":"2022-11-28T16:32:00","date_gmt":"2022-11-28T16:32:00","guid":{"rendered":"https:\/\/www.therapmedic.com\/product\/nutrition-35-hy-ac-low-viscosity\/"},"modified":"2023-04-22T16:33:01","modified_gmt":"2023-04-22T16:33:01","slug":"nutrition-35-hy-ac-low-viscosity","status":"publish","type":"product","link":"http:\/\/www.therapmedic.com\/es\/producto\/nutrition-35-hy-ac-low-viscosity\/","title":{"rendered":"Nutrici\u00f3n \u00c1cido Hialur\u00f3nico 3,5% Baja Viscosidad"},"content":{"rendered":"<p id=\"tw-target-text\" class=\"tw-data-text tw-text-large tw-ta\" dir=\"ltr\" data-placeholder=\"Tradu\u00e7\u00e3o\"><span class=\"Y2IQFc\" lang=\"es\"><strong>Hidrataci\u00f3n &#8211; Soluci\u00f3n de baja viscosidad 3,5% hy-ac<\/strong> &#8211; La hidrataci\u00f3n estimula la s\u00edntesis de col\u00e1geno antienvejecimiento<\/span><\/p>\n<p>Este \u00e1cido hialur\u00f3nico no reticulado puede ayudar con la hidrataci\u00f3n y estimular el col\u00e1geno antienvejecimiento. \u00c1cido Hialur\u00f3nico hy-ac 3,5% soluci\u00f3n de baja viscosidad hidrata y estimula la s\u00edntesis de col\u00e1geno I. Potente producto antiedad. La deshidrataci\u00f3n y la p\u00e9rdida de firmeza son signos de envejecimiento cut\u00e1neo que dan lugar a la formaci\u00f3n de arrugas y flacidez en algunas zonas del rostro.<\/p>\n<p>Presentaci\u00f3n: Caja de 5 viales de 5 mL<\/p>\n<p>El precio mostrado es por caja de 5 viales<\/p>\n","protected":false},"excerpt":{"rendered":"<p>Hidrataci\u00f3n &#8211; Soluci\u00f3n de baja viscosidad 3,5% hy-ac &#8211; La hidrataci\u00f3n estimula la s\u00edntesis de col\u00e1geno antienvejecimiento Este \u00e1cido hialur\u00f3nico no reticulado puede ayudar con la hidrataci\u00f3n y estimular el col\u00e1geno antienvejecimiento. \u00c1cido Hialur\u00f3nico hy-ac 3,5% soluci\u00f3n de baja viscosidad hidrata y estimula la s\u00edntesis de col\u00e1geno I. Potente producto antiedad. La deshidrataci\u00f3n y la [&hellip;]<\/p>\n","protected":false},"featured_media":2601,"template":"","meta":[],"product_brand":[],"product_cat":[1097,1118,1278,945,964,1025,1069,1083],"product_tag":[],"class_list":{"0":"post-3342","1":"product","2":"type-product","3":"status-publish","4":"has-post-thumbnail","6":"product_cat-rostro","7":"product_cat-sequedad-piel-deshidratada-es","8":"product_cat-general-productos-equipos","9":"product_cat-productos-de-mesoterapia","10":"product_cat-hidratantes-de-piel","11":"product_cat-areas-de-tratamientos-vs-produtos-tratamentos-con-equipos","12":"product_cat-gluteos-es","13":"product_cat-poca-elasticidad-es","15":"first","16":"instock","17":"taxable","18":"shipping-taxable","19":"purchasable","20":"product-type-simple"},"acf":{"display":[],"short_name":"","display_equipment_products":[],"short_name_equipment_products":"","confidential_information":{"text_block":[{"title":"Ingredientes Activos","textarea":"<p id=\"tw-target-text\" class=\"tw-data-text tw-text-large tw-ta\" dir=\"ltr\" data-placeholder=\"Tradu\u00e7\u00e3o\"><span class=\"Y2IQFc\" lang=\"es\">\u00c1cido hialur\u00f3nico (combinaci\u00f3n de HA de alto y bajo peso molecular). \u00c1cido Hialur\u00f3nico bajo m.w. 20\/50 kd<\/span><\/p>\n"},{"title":"Mezclas Posibles","textarea":"<p><i>Miami Skin, <\/i><i>Biorevital<\/i> <i>Detox<\/i><i>, <\/i><i>Anti-aging<\/i> <i>with<\/i> <i>Vitamin<\/i><i> C, Fitness body, <\/i><i>Vitamin<\/i><i> B5, <\/i><i>Vitamin<\/i><i> B7, <\/i><i>Vitamin<\/i><i> C<\/i><\/p>\n"},{"title":"Protocolos de tratamientos","textarea":"<p><strong>Reglas generales<\/strong><\/p>\n<p>Paso 1: Lavar la piel con un gel limpiador transparente y secar. No utilice cremas, lociones o limpiadores nacarados, ya que pueden dejar residuos.<\/p>\n<p>Paso 2: Desinfectar la zona con clorhexidina o similar<\/p>\n<p>Paso 3: Aplique una peque\u00f1a cantidad del producto en una gasa y exti\u00e9ndala sobre el \u00e1rea deseada (o use un cepillo de abanico) si est\u00e1 usando mesoterapia virtual o llene la jeringa con el producto si est\u00e1 usando mesoterapia cl\u00e1sica.<\/p>\n<p>Paso 4: Recorrer la zona con el instrumento siguiendo las instrucciones del fabricante<\/p>\n<p>Paso 5: Vuelva a aplicar la soluci\u00f3n seg\u00fan sea necesario para cubrir toda el \u00e1rea hasta que la piel est\u00e9 ligeramente h\u00fameda (en caso de mesoterapia virtual)<\/p>\n<p>Paso 6: Repite el paso 4.<\/p>\n<p>Paso 7: Enjuague la soluci\u00f3n restante con agua fr\u00eda durante 30 segundos. Seque suavemente la piel y aplique el suero hialur\u00f3nico hidratante post-peeling\/24 para nutrir la piel con ingredientes antienvejecimiento.<\/p>\n<p id=\"tw-target-text\" class=\"tw-data-text tw-text-large tw-ta\" dir=\"ltr\" data-placeholder=\"Tradu\u00e7\u00e3o\"><span class=\"Y2IQFc\" lang=\"es\"><strong>PROTOCOLO MESO:<\/strong><\/span><\/p>\n<p><strong>Profundidad recomendada por \u00e1rea:<\/strong><br \/>\nAlrededor de los ojos&#8230;&#8230;&#8230;&#8230;&#8230;&#8230;&#8230;&#8230;&#8230;&#8230;. menos de 0,5 mm<br \/>\nFrente &#8230;&#8230;&#8230;&#8230;&#8230;&#8230;&#8230;&#8230;&#8230;&#8230;&#8230;&#8230;&#8230;&#8230;&#8230;&#8230;&#8230;&#8230;. 1-1,5 mm<br \/>\nMejillas &#8230;&#8230;&#8230;&#8230;&#8230;&#8230;&#8230;&#8230;&#8230;&#8230;&#8230;&#8230;&#8230;&#8230;&#8230;&#8230;&#8230;.. 1,5-2,5 mm<br \/>\nL\u00ednea de la mand\u00edbula y el ment\u00f3n &#8230;&#8230;&#8230;. 1-1,5 mm<br \/>\nManos &#8230;&#8230;&#8230;&#8230;&#8230;&#8230;&#8230;&#8230;&#8230;&#8230;&#8230;&#8230;&#8230;&#8230;&#8230;&#8230;&#8230;.. .. 1-2mm<\/p>\n<p><strong>Tiempo recomendado por \u00e1rea<\/strong> utilizando sistemas de administraci\u00f3n transd\u00e9rmica (electroporaci\u00f3n, iontoforesis, ultrasonido, corrientes galv\u00e1nicas, corrientes continuas, radiofrecuencia, termoterapia)<br \/>\nRostro, ment\u00f3n y escote &#8230;&#8230;&#8230;&#8230;&#8230;&#8230;. 5 minutos<br \/>\nManos &#8230;&#8230;&#8230;&#8230;&#8230;&#8230;&#8230;&#8230;&#8230;&#8230;&#8230;&#8230;&#8230;&#8230;&#8230;&#8230; 5 minutos<\/p>\n<p><strong>Tiempo recomendado entre sesiones<\/strong><br \/>\nUso de TDS &#8230;&#8230;&#8230;&#8230;&#8230;&#8230;&#8230;&#8230;&#8230;&#8230;&#8230;&#8230;&#8230;&#8230;&#8230;&#8230;&#8230;&#8230;&#8230;&#8230;&#8230;. Intervalos de 6 a 7 d\u00edas<br \/>\nUsando meso-pen o meso-roller &#8230;&#8230;&#8230;&#8230;&#8230;&#8230;&#8230;&#8230;&#8230;&#8230;. Intervalo de 7 a 10 d\u00edas<br \/>\nTradicional &#8230;&#8230;&#8230;&#8230;&#8230;&#8230;&#8230;&#8230;&#8230;&#8230;&#8230;&#8230;&#8230;&#8230;&#8230;&#8230;&#8230;&#8230;&#8230;&#8230;&#8230;. .intervalo de 7 a 10 d\u00edas<\/p>\n<p><strong>n\u00famero de sesiones <\/strong><br \/>\nInicio del tratamiento &#8230;&#8230;&#8230;&#8230;&#8230;&#8230;&#8230;&#8230;. 5-6<br \/>\nMantenimiento &#8230;&#8230;&#8230;&#8230;&#8230;&#8230;&#8230;&#8230;&#8230;&#8230;&#8230;.. cada 3-5 meses<\/p>\n"}],"download_file":false}},"_links":{"self":[{"href":"http:\/\/www.therapmedic.com\/es\/wp-json\/wp\/v2\/product\/3342","targetHints":{"allow":["GET"]}}],"collection":[{"href":"http:\/\/www.therapmedic.com\/es\/wp-json\/wp\/v2\/product"}],"about":[{"href":"http:\/\/www.therapmedic.com\/es\/wp-json\/wp\/v2\/types\/product"}],"wp:featuredmedia":[{"embeddable":true,"href":"http:\/\/www.therapmedic.com\/es\/wp-json\/wp\/v2\/media\/2601"}],"wp:attachment":[{"href":"http:\/\/www.therapmedic.com\/es\/wp-json\/wp\/v2\/media?parent=3342"}],"wp:term":[{"taxonomy":"product_brand","embeddable":true,"href":"http:\/\/www.therapmedic.com\/es\/wp-json\/wp\/v2\/product_brand?post=3342"},{"taxonomy":"product_cat","embeddable":true,"href":"http:\/\/www.therapmedic.com\/es\/wp-json\/wp\/v2\/product_cat?post=3342"},{"taxonomy":"product_tag","embeddable":true,"href":"http:\/\/www.therapmedic.com\/es\/wp-json\/wp\/v2\/product_tag?post=3342"}],"curies":[{"name":"wp","href":"https:\/\/api.w.org\/{rel}","templated":true}]}}