{"id":3251,"date":"2022-12-16T11:35:40","date_gmt":"2022-12-16T11:35:40","guid":{"rendered":"https:\/\/www.therapmedic.com\/product\/ipl-active-extra-818-gem-pl-com-dois-manipulos-cara-e-corpo\/"},"modified":"2024-01-01T00:00:31","modified_gmt":"2024-01-01T00:00:31","slug":"ipl-active-extra-818-gem-pl-com-dois-manipulos-cara-e-corpo","status":"publish","type":"product","link":"http:\/\/www.therapmedic.com\/es\/producto\/ipl-active-extra-818-gem-pl-com-dois-manipulos-cara-e-corpo\/","title":{"rendered":"IPL Active Extra 818 GEM PL &#8211; con dos cabezales (cara y cuerpo)"},"content":{"rendered":"<p id=\"tw-target-text\" class=\"tw-data-text tw-text-large tw-ta\" dir=\"ltr\" data-placeholder=\"Tradu\u00e7\u00e3o\"><span class=\"Y2IQFc\" lang=\"es\"><strong>Active Extra 818 GEM PL:<\/strong> la soluci\u00f3n completa para su cl\u00ednica<\/span><\/p>\n<p>Extra-818 es el resultado de m\u00e1s de una d\u00e9cada de tratamientos y miles de dispositivos operados en todo el mundo. Basado en la tecnolog\u00eda GEM-PL de Active, establece un patr\u00f3n de pulso espec\u00edfico seg\u00fan el tipo de tratamiento seleccionado, el color de la piel, la fotosensibilidad de la piel y la profundidad del tratamiento. Contiene caracter\u00edsticas \u00fanicas:<\/p>\n<p>Control de pantalla t\u00e1ctil contempor\u00e1neo.<\/p>\n<p>Procedimiento de prueba de parche incorporado para examinar el nivel de potencia \u00f3ptimo.<\/p>\n<p>Impresionantes 450.000 disparos en ambas l\u00e1mparas.<\/p>\n<p>La pieza de mano grande tiene un bot\u00f3n pulsador adem\u00e1s del pedal, lo que facilita y agiliza el trabajo del terapeuta. para su SPA \/ Cl\u00ednica<\/p>\n<p>El Extra &#8211; 818, basado en la tecnolog\u00eda GEM-PL de Active, establece un patr\u00f3n de pulso espec\u00edfico seg\u00fan el tipo de tratamiento seleccionado, el color de la piel, la fotosensibilidad de la piel y la profundidad del tratamiento.<\/p>\n<p>Cabezales refrigeradas por aire, sin agua en los cabezales para enfriar las bombillas. F\u00e1cil de cambiar las bombillas, basta con desenroscar y poner una nueva, cualquiera puede hacerlo, sin necesidad de llamar al servicio t\u00e9cnico.<\/p>\n","protected":false},"excerpt":{"rendered":"<p>Active Extra 818 GEM PL: la soluci\u00f3n completa para su cl\u00ednica Extra-818 es el resultado de m\u00e1s de una d\u00e9cada de tratamientos y miles de dispositivos operados en todo el mundo. Basado en la tecnolog\u00eda GEM-PL de Active, establece un patr\u00f3n de pulso espec\u00edfico seg\u00fan el tipo de tratamiento seleccionado, el color de la piel, [&hellip;]<\/p>\n","protected":false},"featured_media":2733,"template":"","meta":[],"product_brand":[],"product_cat":[1087,1174,1252,1097,1196,1256,1098,1202,1258,1108,1214,1260,1122,1220,1278,1025,1124,1222,1380,1027,1130,1224,1029,1132,1226,1035,1136,1228,1037,1142,1230,1039,1152,1232,1041,1160,1234,1055,1162,1236,1063,1164,1240,1069,1166,1242,1083,1172,1250],"product_tag":[],"class_list":{"0":"post-3251","1":"product","2":"type-product","3":"status-publish","4":"has-post-thumbnail","6":"product_cat-piel-flacida-es-2","7":"product_cat-piel-flacida-es-4","8":"product_cat-piel-enviejecida-es-3","9":"product_cat-rostro","10":"product_cat-areas-intimas-es-2","11":"product_cat-poca-elasticidad-es-5","12":"product_cat-acne-es","13":"product_cat-hiper-pigmentacion","14":"product_cat-melasmas-manchas-castanhas-es-2","15":"product_cat-rejuvenescimiento-facial-completo","16":"product_cat-piernas","17":"product_cat-piel-flacida-es-6","18":"product_cat-estiramiento-de-la-piel-del-rostro-lifting-facial","19":"product_cat-melasmas-manchas-marrones-es-3","20":"product_cat-general-productos-equipos","21":"product_cat-areas-de-tratamientos-vs-produtos-tratamentos-con-equipos","22":"product_cat-arrugas-en-la-frente","23":"product_cat-piel-flacida-es-5","24":"product_cat-tatuajes","25":"product_cat-brazos","26":"product_cat-poca-elasticidad-es-2","27":"product_cat-aranas-vasculares","28":"product_cat-pele-envelhecida-es","29":"product_cat-melasmas-manchas-marrones-hiperpigmentacion","30":"product_cat-cabello-no-deseado","31":"product_cat-poca-elasticidad","32":"product_cat-poros-abiertos","33":"product_cat-venas-varicosas","34":"product_cat-melasmas-manchas-marrones","35":"product_cat-piel-flacida-es-3","36":"product_cat-unas","37":"product_cat-piel-flacida","38":"product_cat-depilacion-de-pelos-no-deseados","39":"product_cat-hongos-es","40":"product_cat-cuerpo","41":"product_cat-pies","42":"product_cat-cuello","43":"product_cat-melasmas-manchas-marrones-es","44":"product_cat-hongos","45":"product_cat-piel-enviejecida-es-2","46":"product_cat-piel-flacida-es","47":"product_cat-manos-es","48":"product_cat-poca-elasticidad-es-4","49":"product_cat-gluteos-es","50":"product_cat-piel-enviejecida-es","51":"product_cat-melasmas-manchas-marrones-es-4","52":"product_cat-poca-elasticidad-es","53":"product_cat-melasmas-manchas-marrones-es-2","54":"product_cat-escote","56":"first","57":"instock","58":"taxable","59":"shipping-taxable","60":"purchasable","61":"product-type-simple"},"acf":{"display":[],"short_name":"","display_equipment_products":[],"short_name_equipment_products":"","confidential_information":{"text_block":false,"download_file":false}},"_links":{"self":[{"href":"http:\/\/www.therapmedic.com\/es\/wp-json\/wp\/v2\/product\/3251","targetHints":{"allow":["GET"]}}],"collection":[{"href":"http:\/\/www.therapmedic.com\/es\/wp-json\/wp\/v2\/product"}],"about":[{"href":"http:\/\/www.therapmedic.com\/es\/wp-json\/wp\/v2\/types\/product"}],"wp:featuredmedia":[{"embeddable":true,"href":"http:\/\/www.therapmedic.com\/es\/wp-json\/wp\/v2\/media\/2733"}],"wp:attachment":[{"href":"http:\/\/www.therapmedic.com\/es\/wp-json\/wp\/v2\/media?parent=3251"}],"wp:term":[{"taxonomy":"product_brand","embeddable":true,"href":"http:\/\/www.therapmedic.com\/es\/wp-json\/wp\/v2\/product_brand?post=3251"},{"taxonomy":"product_cat","embeddable":true,"href":"http:\/\/www.therapmedic.com\/es\/wp-json\/wp\/v2\/product_cat?post=3251"},{"taxonomy":"product_tag","embeddable":true,"href":"http:\/\/www.therapmedic.com\/es\/wp-json\/wp\/v2\/product_tag?post=3251"}],"curies":[{"name":"wp","href":"https:\/\/api.w.org\/{rel}","templated":true}]}}