{"id":3221,"date":"2022-12-28T10:49:06","date_gmt":"2022-12-28T10:49:06","guid":{"rendered":"https:\/\/www.therapmedic.com\/product\/lactic-acid-peeling-at-30\/"},"modified":"2024-01-01T00:00:22","modified_gmt":"2024-01-01T00:00:22","slug":"lactic-acid-peeling-at-30","status":"publish","type":"product","link":"http:\/\/www.therapmedic.com\/es\/producto\/lactic-acid-peeling-at-30\/","title":{"rendered":"Peeling de Acido L\u00e1tico al 30%"},"content":{"rendered":"<p id=\"tw-target-text\" class=\"tw-data-text tw-text-large tw-ta\" dir=\"ltr\" data-placeholder=\"Tradu\u00e7\u00e3o\"><span class=\"Y2IQFc\" lang=\"es\"><strong>AHA &#8211; Peeling de \u00c1cido L\u00e1ctico al 30%<\/strong> &#8211; Peeling suave para pieles da\u00f1adas por el sol, con imperfecciones<\/span><\/p>\n<p>El \u00e1cido l\u00e1ctico (de la leche agria) es uno de los \u00e1cidos utilizados en las exfoliaciones modernas con AHA. Es menos irritante que otros AHA. Se puede utilizar para tratar pigmentaciones, pieles secas o deshidratadas, pieles sensibles. No usar en verano.<\/p>\n<p>Presentaci\u00f3n: Botella con 50 mL (1.76 fl.oz)<\/p>\n<p>El precio mostrado es por botella.<\/p>\n","protected":false},"excerpt":{"rendered":"<p>AHA &#8211; Peeling de \u00c1cido L\u00e1ctico al 30% &#8211; Peeling suave para pieles da\u00f1adas por el sol, con imperfecciones El \u00e1cido l\u00e1ctico (de la leche agria) es uno de los \u00e1cidos utilizados en las exfoliaciones modernas con AHA. Es menos irritante que otros AHA. Se puede utilizar para tratar pigmentaciones, pieles secas o deshidratadas, pieles [&hellip;]<\/p>\n","protected":false},"featured_media":2982,"template":"","meta":[],"product_brand":[],"product_cat":[1112,1114,1134,1164,1178,1234,1248,1250,967,1260,970,1278,974,1025,1041,1045,1097,1098],"product_tag":[],"class_list":{"0":"post-3221","1":"product","2":"type-product","3":"status-publish","4":"has-post-thumbnail","6":"product_cat-arrugas-profundas","7":"product_cat-diferentes-tonos-de-piel-es","8":"product_cat-p","9":"product_cat-manos-es","10":"product_cat-arrugas","11":"product_cat-cuello","12":"product_cat-arrugas-es","13":"product_cat-escote","14":"product_cat-peelings-es","15":"product_cat-piel-flacida-es-6","16":"product_cat-aha-es","17":"product_cat-general-productos-equipos","18":"product_cat-peelings-de-acido-lactico","19":"product_cat-areas-de-tratamientos-vs-produtos-tratamentos-con-equipos","20":"product_cat-cuerpo","21":"product_cat-diferentes-tonos-de-piel","22":"product_cat-rostro","23":"product_cat-acne-es","25":"first","26":"instock","27":"taxable","28":"shipping-taxable","29":"purchasable","30":"product-type-simple"},"acf":{"display":[],"short_name":"","display_equipment_products":[],"short_name_equipment_products":"","confidential_information":{"text_block":false,"download_file":false}},"_links":{"self":[{"href":"http:\/\/www.therapmedic.com\/es\/wp-json\/wp\/v2\/product\/3221","targetHints":{"allow":["GET"]}}],"collection":[{"href":"http:\/\/www.therapmedic.com\/es\/wp-json\/wp\/v2\/product"}],"about":[{"href":"http:\/\/www.therapmedic.com\/es\/wp-json\/wp\/v2\/types\/product"}],"wp:featuredmedia":[{"embeddable":true,"href":"http:\/\/www.therapmedic.com\/es\/wp-json\/wp\/v2\/media\/2982"}],"wp:attachment":[{"href":"http:\/\/www.therapmedic.com\/es\/wp-json\/wp\/v2\/media?parent=3221"}],"wp:term":[{"taxonomy":"product_brand","embeddable":true,"href":"http:\/\/www.therapmedic.com\/es\/wp-json\/wp\/v2\/product_brand?post=3221"},{"taxonomy":"product_cat","embeddable":true,"href":"http:\/\/www.therapmedic.com\/es\/wp-json\/wp\/v2\/product_cat?post=3221"},{"taxonomy":"product_tag","embeddable":true,"href":"http:\/\/www.therapmedic.com\/es\/wp-json\/wp\/v2\/product_tag?post=3221"}],"curies":[{"name":"wp","href":"https:\/\/api.w.org\/{rel}","templated":true}]}}